{"id":206162,"date":"2013-07-31T08:46:44","date_gmt":"2013-07-31T08:46:44","guid":{"rendered":"https:\/\/2013.malaga.wordcamp.org\/?page_id=206162"},"modified":"2013-10-15T20:16:05","modified_gmt":"2013-10-15T18:16:05","slug":"inscripcion","status":"publish","type":"page","link":"https:\/\/malaga.wordcamp.org\/2013\/inscripcion\/","title":{"rendered":"Inscripci\u00f3n"},"content":{"rendered":"<p>\u00bfQuieres asistir a WordCamp M\u00e1laga 2013?<\/p>\n<p><strong>El precio de la entrada es de 15 euros.<\/strong> La entrada da derecho a acceder al evento ambos d\u00edas (e incluir\u00e1 algunos otros detalles que concretaremos m\u00e1s adelante).<\/p>\n<p>Ya puedes <a href=\"http:\/\/wordcamp.uma.es\/pagos.php\">adquirir tu entrada<\/a>.<\/p>\n","protected":false},"excerpt":{"rendered":"<p>\u00bfQuieres asistir a WordCamp M\u00e1laga 2013? El precio de la entrada es de 15 euros. La entrada da derecho a acceder al evento ambos d\u00edas (e incluir\u00e1 algunos otros detalles que concretaremos m\u00e1s adelante). Ya puedes adquirir tu entrada.<\/p>\n","protected":false},"author":12522629,"featured_media":0,"parent":0,"menu_order":0,"comment_status":"closed","ping_status":"closed","template":"","meta":{"jetpack_post_was_ever_published":false,"footnotes":""},"class_list":["post-206162","page","type-page","status-publish","hentry"],"jetpack_sharing_enabled":true,"jetpack_shortlink":"https:\/\/wp.me\/P3qndU-RDc","_links":{"self":[{"href":"https:\/\/malaga.wordcamp.org\/2013\/wp-json\/wp\/v2\/pages\/206162","targetHints":{"allow":["GET"]}}],"collection":[{"href":"https:\/\/malaga.wordcamp.org\/2013\/wp-json\/wp\/v2\/pages"}],"about":[{"href":"https:\/\/malaga.wordcamp.org\/2013\/wp-json\/wp\/v2\/types\/page"}],"author":[{"embeddable":true,"href":"https:\/\/malaga.wordcamp.org\/2013\/wp-json\/wp\/v2\/users\/12522629"}],"replies":[{"embeddable":true,"href":"https:\/\/malaga.wordcamp.org\/2013\/wp-json\/wp\/v2\/comments?post=206162"}],"version-history":[{"count":13,"href":"https:\/\/malaga.wordcamp.org\/2013\/wp-json\/wp\/v2\/pages\/206162\/revisions"}],"predecessor-version":[{"id":494969,"href":"https:\/\/malaga.wordcamp.org\/2013\/wp-json\/wp\/v2\/pages\/206162\/revisions\/494969"}],"wp:attachment":[{"href":"https:\/\/malaga.wordcamp.org\/2013\/wp-json\/wp\/v2\/media?parent=206162"}],"curies":[{"name":"wp","href":"https:\/\/api.w.org\/{rel}","templated":true}]}}