{"id":324359,"date":"2013-09-02T12:40:58","date_gmt":"2013-09-02T10:40:58","guid":{"rendered":"https:\/\/2013.malaga.wordcamp.org\/?page_id=324359"},"modified":"2013-10-23T21:48:24","modified_gmt":"2013-10-23T19:48:24","slug":"localizacion","status":"publish","type":"page","link":"https:\/\/malaga.wordcamp.org\/2013\/localizacion\/","title":{"rendered":"Localizaci\u00f3n"},"content":{"rendered":"<p>La WordCamp M\u00e1laga 2013 se celebrar\u00e1 en el sal\u00f3n de actos de la ETSI Inform\u00e1tica situada en el campus de Teatinos; dispone de amplio aparcamiento y acceso mediante las l\u00edneas de autob\u00fas 11 y 22. Puedes consultar las l\u00edneas en la <a href=\"http:\/\/www.emtmalaga.es\/emt-classic\/home.html\" target=\"_blank\">web de la EMT de M\u00e1laga<\/a>.<\/p>\n<div class=\"googlemaps\">\n\t\t\t\t<iframe loading=\"lazy\" width=\"620\" height=\"450\" frameborder=\"0\" scrolling=\"no\" marginheight=\"0\" marginwidth=\"0\"  src=\"https:\/\/maps.google.es\/maps?f=q&#038;source=s_q&#038;hl=es&#038;geocode=&#038;q=Escuela%20T\u00e9cnica%20Superior%20de%20Ingenier\u00eda%20Inform\u00e1tica&#038;aq=&#038;sll=36.722925,-4.476843&#038;sspn=0.041415,0.077162&#038;ie=UTF8&#038;z=15&#038;output=embed\"><\/iframe>\n\t\t\t<\/div>\n<h2>Alojamiento<\/h2>\n<p>M\u00e1laga cuenta con una amplia oferta hotelera, incluidos hoteles asequibles de las cadena <a href=\"http:\/\/www.ibis.com\/es\/hotel-5585-ibis-malaga-centro-ciudad\/index.shtml\">Ibis<\/a>, <a href=\"http:\/\/www.accorhotels.com\/es\/hotel-6350-ibis-budget-malaga-centro-ex-etap\/index.shtml\">Ibis Budget<\/a> o <a href=\"http:\/\/www.accorhotels.com\/es\/hotel-6759-suite-novotel-malaga-centro\/index.shtml\">Suite Novotel<\/a><\/p>\n<div class=\"googlemaps\">\n\t\t\t\t<iframe loading=\"lazy\" width=\"620\" height=\"450\" frameborder=\"0\" scrolling=\"no\" marginheight=\"0\" marginwidth=\"0\"  src=\"https:\/\/maps.google.es\/maps?f=q&#038;source=s_q&#038;hl=es&#038;geocode=&#038;q=Hoteles%20M\u00e1laga&#038;ie=UTF8&#038;ll=36.718608,-4.423306&#038;spn=0.010354,0.01929&#038;sll=36.722925,-4.476843&#038;sspn=0.041415,0.077162&#038;hnear=M\u00e1laga,%20Andaluc\u00eda&#038;t=m&#038;fll=36.716561,-4.424014&#038;fspn=0.010355,0.01929&#038;z=16&#038;output=embed\"><\/iframe>\n\t\t\t<\/div>\n","protected":false},"excerpt":{"rendered":"<p>La WordCamp M\u00e1laga 2013 se celebrar\u00e1 en el sal\u00f3n de actos de la ETSI Inform\u00e1tica situada en el campus de Teatinos; dispone de amplio aparcamiento y acceso mediante las l\u00edneas de autob\u00fas 11 y 22. Puedes consultar las l\u00edneas en la web de la EMT de M\u00e1laga. Alojamiento M\u00e1laga cuenta con una amplia oferta hotelera, [&hellip;]<\/p>\n","protected":false},"author":12522629,"featured_media":0,"parent":0,"menu_order":0,"comment_status":"closed","ping_status":"closed","template":"","meta":{"_crdt_document":"","jetpack_post_was_ever_published":false,"footnotes":""},"class_list":["post-324359","page","type-page","status-publish","hentry"],"jetpack_sharing_enabled":true,"jetpack_shortlink":"https:\/\/wp.me\/P3qndU-1mnB","_links":{"self":[{"href":"https:\/\/malaga.wordcamp.org\/2013\/wp-json\/wp\/v2\/pages\/324359","targetHints":{"allow":["GET"]}}],"collection":[{"href":"https:\/\/malaga.wordcamp.org\/2013\/wp-json\/wp\/v2\/pages"}],"about":[{"href":"https:\/\/malaga.wordcamp.org\/2013\/wp-json\/wp\/v2\/types\/page"}],"author":[{"embeddable":true,"href":"https:\/\/malaga.wordcamp.org\/2013\/wp-json\/wp\/v2\/users\/12522629"}],"replies":[{"embeddable":true,"href":"https:\/\/malaga.wordcamp.org\/2013\/wp-json\/wp\/v2\/comments?post=324359"}],"version-history":[{"count":20,"href":"https:\/\/malaga.wordcamp.org\/2013\/wp-json\/wp\/v2\/pages\/324359\/revisions"}],"predecessor-version":[{"id":530570,"href":"https:\/\/malaga.wordcamp.org\/2013\/wp-json\/wp\/v2\/pages\/324359\/revisions\/530570"}],"wp:attachment":[{"href":"https:\/\/malaga.wordcamp.org\/2013\/wp-json\/wp\/v2\/media?parent=324359"}],"curies":[{"name":"wp","href":"https:\/\/api.w.org\/{rel}","templated":true}]}}