{"id":343473,"date":"2013-09-07T13:38:41","date_gmt":"2013-09-07T11:38:41","guid":{"rendered":"https:\/\/2013.malaga.wordcamp.org\/?page_id=343473"},"modified":"2013-09-23T20:05:23","modified_gmt":"2013-09-23T18:05:23","slug":"wordcamps","status":"publish","type":"page","link":"https:\/\/malaga.wordcamp.org\/2013\/wordcamps\/","title":{"rendered":"WordCamps"},"content":{"rendered":"<p>Las WordCamps son conferencias que se celebran alrededor del mundo y est\u00e1n centradas en el gestor de contenidos (CMS) lider, WordPress. Se han celebrado WordCamps en los 5 continentes, desde Nueva York a Manila pasando por Tokio, Buenos Aires, Nairobi o Kathmand\u00fa en Nepal y ahora aterriza en M\u00e1laga.<\/p>\n<p>Hasta la fecha se han celebrado 323 WordCamps, y se han visto m\u00e1s de 1.4 millones de videos de WordCamps en <a href=\"http:\/\/wordpress.tv\/\" target=\"_blank\">wordpress.tv<\/a>.<\/p>\n<h2>WordCamp en n\u00fameros<\/h2>\n<p>Para que os hag\u00e1is una idea del alcance de las WordCamp os dejamos unas estad\u00edsticas de las WordCamps del a\u00f1o 2012:<\/p>\n<table>\n<tbody>\n<tr>\n<td>N\u00famero de WordCamps<\/td>\n<td>67<\/td>\n<\/tr>\n<tr>\n<td>N\u00famero total de asistentes<\/td>\n<td>+17000<\/td>\n<\/tr>\n<tr>\n<td>N\u00famero total de d\u00edas de WordCamp<\/td>\n<td>102<\/td>\n<\/tr>\n<tr>\n<td>N\u00famero de ponencias<\/td>\n<td>967<\/td>\n<\/tr>\n<tr>\n<td>N\u00famero de ponentes<\/td>\n<td>877<\/td>\n<\/tr>\n<tr>\n<td>N\u00famero de empresas patrocinadoras<\/td>\n<td>498<\/td>\n<\/tr>\n<tr>\n<td>Nuevas WordCamps<\/td>\n<td>22<\/td>\n<\/tr>\n<tr>\n<td>Mes con m\u00e1s WordCamps<\/td>\n<td>octubre, con 13<\/td>\n<\/tr>\n<tr>\n<td>Mes con menos WordCamps<\/td>\n<td>diciembre, con 1<\/td>\n<\/tr>\n<tr>\n<td>Videos de WordCamp publicados en WordPress.tv<\/td>\n<td>445<\/td>\n<\/tr>\n<\/tbody>\n<\/table>\n<p>Este a\u00f1o 2013 est\u00e1n previstas un total de 72 WordCamp, con una media de 250 asistentes, nos da un total de 18000 asistentes.<\/p>\n<h2>\u00bfQue puedes esperar de WordCamp M\u00e1laga?<\/h2>\n<p>Os dejamos la infograf\u00eda creada por <a href=\"http:\/\/www.wpbeginner.com\/\" target=\"_blank\">wpbeginner<\/a> que resumen claramente qu\u00e9 es y que puedes esperara de la WordCamp M\u00e1laga:<\/p>\n<p><img decoding=\"async\" src=\"http:\/\/cdn3.wpbeginner.com\/infographs\/whatisawordcamp.jpg\" width=\"100%\" \/><\/p>\n","protected":false},"excerpt":{"rendered":"<p>Las WordCamps son conferencias que se celebran alrededor del mundo y est\u00e1n centradas en el gestor de contenidos (CMS) lider, WordPress. Se han celebrado WordCamps en los 5 continentes, desde Nueva York a Manila pasando por Tokio, Buenos Aires, Nairobi o Kathmand\u00fa en Nepal y ahora aterriza en M\u00e1laga. Hasta la fecha se han celebrado [&hellip;]<\/p>\n","protected":false},"author":12522629,"featured_media":0,"parent":0,"menu_order":0,"comment_status":"closed","ping_status":"closed","template":"","meta":{"jetpack_post_was_ever_published":false,"footnotes":""},"class_list":["post-343473","page","type-page","status-publish","hentry"],"jetpack_sharing_enabled":true,"jetpack_shortlink":"https:\/\/wp.me\/P3qndU-1rlT","_links":{"self":[{"href":"https:\/\/malaga.wordcamp.org\/2013\/wp-json\/wp\/v2\/pages\/343473","targetHints":{"allow":["GET"]}}],"collection":[{"href":"https:\/\/malaga.wordcamp.org\/2013\/wp-json\/wp\/v2\/pages"}],"about":[{"href":"https:\/\/malaga.wordcamp.org\/2013\/wp-json\/wp\/v2\/types\/page"}],"author":[{"embeddable":true,"href":"https:\/\/malaga.wordcamp.org\/2013\/wp-json\/wp\/v2\/users\/12522629"}],"replies":[{"embeddable":true,"href":"https:\/\/malaga.wordcamp.org\/2013\/wp-json\/wp\/v2\/comments?post=343473"}],"version-history":[{"count":9,"href":"https:\/\/malaga.wordcamp.org\/2013\/wp-json\/wp\/v2\/pages\/343473\/revisions"}],"predecessor-version":[{"id":343640,"href":"https:\/\/malaga.wordcamp.org\/2013\/wp-json\/wp\/v2\/pages\/343473\/revisions\/343640"}],"wp:attachment":[{"href":"https:\/\/malaga.wordcamp.org\/2013\/wp-json\/wp\/v2\/media?parent=343473"}],"curies":[{"name":"wp","href":"https:\/\/api.w.org\/{rel}","templated":true}]}}