{"id":343642,"date":"2013-09-07T18:19:32","date_gmt":"2013-09-07T16:19:32","guid":{"rendered":"https:\/\/2013.malaga.wordcamp.org\/?page_id=343642"},"modified":"2013-09-23T20:05:33","modified_gmt":"2013-09-23T18:05:33","slug":"wordpress","status":"publish","type":"page","link":"https:\/\/malaga.wordcamp.org\/2013\/wordpress\/","title":{"rendered":"WordPress"},"content":{"rendered":"<p>Si has llegado hasta esta p\u00e1gina seguro que ya conoces WordPress, pero \u00bfte has preguntado alguna vez que alcance tiene WordPress?<\/p>\n<h2>WordPress en n\u00fameros<\/h2>\n<p>WordPress es el gestor de contenidos (CMS) lider en Internet.<br \/>\nWordPress est\u00e1 presente en el 18.9% de las p\u00e1ginas web de Internet.<br \/>\nEl 69% de las instalaciones usan WordPress como CMS, el 20% utilizan WordPress para blog y CMS, el 6% usan WordPress para blogs y un 7% como plataforma para aplicaciones.<br \/>\nWordPress se ha descargado m\u00e1s de 46 millones de veces en los \u00faltimos 12 meses, eso son 89 veces cada minuto.<br \/>\nEn el <a href=\"http:\/\/wordpress.org\/plugins\/\" target=\"_blank\">repositorio oficial de plugins de wordpress.org<\/a> existen m\u00e1s de 26500 plugins. Estos plugins son gratuitos.<br \/>\nSe han descargado m\u00e1s de 500 millones de plugins desde el repositorio de wordpress.org.<br \/>\nEn el <a href=\"http:\/\/wordpress.org\/themes\/\" target=\"_blank\">repositorio oficial de temas de wordpress.org<\/a> hay disponibles m\u00e1s de 2000 temas gratuitos.<br \/>\nSe han descargado m\u00e1s de 78 millones de temas desde el repositorio oficial.<\/p>\n<p>Desde <a href=\"http:\/\/www.elegantthemes.com\/\" target=\"_blank\">Elegant themes<\/a> han confeccionado una infograf\u00eda con algunos de los datos de WordPress que Matt Mullenweg, cofundador de WordPress, present\u00f3 en la WordCamp de San Francisco.<\/p>\n<p><img decoding=\"async\" src=\"http:\/\/www.elegantthemes.com\/blog\/wp-content\/uploads\/2013\/07\/wordpress-infographic-2013.jpg\" width=\"100%\" \/><\/p>\n","protected":false},"excerpt":{"rendered":"<p>Si has llegado hasta esta p\u00e1gina seguro que ya conoces WordPress, pero \u00bfte has preguntado alguna vez que alcance tiene WordPress? WordPress en n\u00fameros WordPress es el gestor de contenidos (CMS) lider en Internet. WordPress est\u00e1 presente en el 18.9% de las p\u00e1ginas web de Internet. El 69% de las instalaciones usan WordPress como CMS, [&hellip;]<\/p>\n","protected":false},"author":12522629,"featured_media":0,"parent":0,"menu_order":0,"comment_status":"closed","ping_status":"closed","template":"","meta":{"_crdt_document":"","jetpack_post_was_ever_published":false,"footnotes":""},"class_list":["post-343642","page","type-page","status-publish","hentry"],"jetpack_sharing_enabled":true,"jetpack_shortlink":"https:\/\/wp.me\/P3qndU-1roC","_links":{"self":[{"href":"https:\/\/malaga.wordcamp.org\/2013\/wp-json\/wp\/v2\/pages\/343642","targetHints":{"allow":["GET"]}}],"collection":[{"href":"https:\/\/malaga.wordcamp.org\/2013\/wp-json\/wp\/v2\/pages"}],"about":[{"href":"https:\/\/malaga.wordcamp.org\/2013\/wp-json\/wp\/v2\/types\/page"}],"author":[{"embeddable":true,"href":"https:\/\/malaga.wordcamp.org\/2013\/wp-json\/wp\/v2\/users\/12522629"}],"replies":[{"embeddable":true,"href":"https:\/\/malaga.wordcamp.org\/2013\/wp-json\/wp\/v2\/comments?post=343642"}],"version-history":[{"count":2,"href":"https:\/\/malaga.wordcamp.org\/2013\/wp-json\/wp\/v2\/pages\/343642\/revisions"}],"predecessor-version":[{"id":344268,"href":"https:\/\/malaga.wordcamp.org\/2013\/wp-json\/wp\/v2\/pages\/343642\/revisions\/344268"}],"wp:attachment":[{"href":"https:\/\/malaga.wordcamp.org\/2013\/wp-json\/wp\/v2\/media?parent=343642"}],"curies":[{"name":"wp","href":"https:\/\/api.w.org\/{rel}","templated":true}]}}