{"id":416778,"date":"2013-09-26T12:41:32","date_gmt":"2013-09-26T10:41:32","guid":{"rendered":"https:\/\/2013.malaga.wordcamp.org\/?page_id=416778"},"modified":"2013-11-11T11:43:54","modified_gmt":"2013-11-11T10:43:54","slug":"programa","status":"publish","type":"page","link":"https:\/\/malaga.wordcamp.org\/2013\/programa\/","title":{"rendered":"Programa"},"content":{"rendered":"<p>*Desde los enlaces de las sesiones se puede acceder a los contenidos de cada ponencia.<\/p>\n<h2>Viernes 25 de octubre de 2013<\/h2>\n<table class=\"wcpt-schedule\" border=\"0\"><thead><tr><th class=\"wcpt-col-time\">Hora<\/th><th class=\"wcpt-col-track\"> <span class=\"wcpt-track-name\">Viernes<\/span> <span class=\"wcpt-track-description\"><\/span> <\/th><\/tr><\/thead><tbody><tr class=\"wcpt-time-900am global-session acreditaciones\"><td class=\"wcpt-time\">9:00&nbsp;am<\/td><td colspan=\"1\" class=\"wcb-track-viernes wcpt-session-type-custom wcb-session-acreditaciones\" data-track-title=\"Viernes\" data-session-id=\"490179\"><div class=\"wcb-session-cell-content\"><span class=\"wcpt-session-title\">Acreditaciones<\/span><\/div><\/td><\/tr><tr class=\"wcpt-time-930am global-session inauguracin\"><td class=\"wcpt-time\">9:30&nbsp;am<\/td><td colspan=\"1\" class=\"wcb-track-viernes wcpt-session-type-custom wcb-session-inauguracion\" data-track-title=\"Viernes\" data-session-id=\"490181\"><div class=\"wcb-session-cell-content\"><span class=\"wcpt-session-title\">Inauguraci\u00f3n<\/span><\/div><\/td><\/tr><tr class=\"wcpt-time-1000am global-session seo-en-wordpress-la-gran-revolucin\"><td class=\"wcpt-time\">10:00&nbsp;am<\/td><td colspan=\"1\" class=\"wcb-speaker-nestor-romero-ramos wcb-track-viernes wcpt-session-type-session wcb-session-seo-en-wordpress-la-gran-revolucion\" data-track-title=\"Viernes\" data-session-id=\"444616\"><div class=\"wcb-session-cell-content\"><a class=\"wcpt-session-title\" href=\"https:\/\/malaga.wordcamp.org\/2013\/session\/seo-en-wordpress-la-gran-revolucion\/\">SEO en WordPress: La gran revoluci\u00f3n.<\/a> <span class=\"wcpt-session-speakers\"><a href=\"https:\/\/malaga.wordcamp.org\/2013\/ponentes\/#wcorg-speaker-nestor-romero-ramos\">N\u00e9stor Romero Ramos<\/a><\/span><\/div><div class=\"wcb-session-favourite-icon\"><a href=\"#\" role=\"button\" class=\"fav-session-button\" aria-pressed=\"false\"><span class=\"screen-reader-text\">Sesi\u00f3n favorita: SEO en WordPress: La gran revoluci\u00f3n.<\/span><span class=\"dashicons dashicons-star-filled\"><\/span><\/a><\/div><\/td><\/tr><tr class=\"wcpt-time-1040am global-session wordpress-vs-drupal\"><td class=\"wcpt-time\">10:40&nbsp;am<\/td><td colspan=\"1\" class=\"wcb-speaker-andy-garcia wcb-track-viernes wcpt-session-type-session wcb-session-wordpress-vs-drupal\" data-track-title=\"Viernes\" data-session-id=\"440324\"><div class=\"wcb-session-cell-content\"><a class=\"wcpt-session-title\" href=\"https:\/\/malaga.wordcamp.org\/2013\/session\/wordpress-vs-drupal\/\">WordPress vs Drupal<\/a> <span class=\"wcpt-session-speakers\"><a href=\"https:\/\/malaga.wordcamp.org\/2013\/ponentes\/#wcorg-speaker-andy-garcia\">Andy Garc\u00eda<\/a><\/span><\/div><div class=\"wcb-session-favourite-icon\"><a href=\"#\" role=\"button\" class=\"fav-session-button\" aria-pressed=\"false\"><span class=\"screen-reader-text\">Sesi\u00f3n favorita: WordPress vs Drupal<\/span><span class=\"dashicons dashicons-star-filled\"><\/span><\/a><\/div><\/td><\/tr><tr class=\"wcpt-time-1120am global-session coffe-break\"><td class=\"wcpt-time\">11:20&nbsp;am<\/td><td colspan=\"1\" class=\"wcb-track-viernes wcpt-session-type-custom wcb-session-coffe-break\" data-track-title=\"Viernes\" data-session-id=\"490184\"><div class=\"wcb-session-cell-content\"><span class=\"wcpt-session-title\">Coffe Break<\/span><\/div><\/td><\/tr><tr class=\"wcpt-time-1200pm global-session lo-que-pedimos-a-un-cms-en-2013-y-ms-all\"><td class=\"wcpt-time\">12:00&nbsp;pm<\/td><td colspan=\"1\" class=\"wcb-speaker-antonio-ortiz wcb-track-viernes wcpt-session-type-session wcb-session-lo-que-pedimos-a-un-cms-en-2013-y-mas-alla\" data-track-title=\"Viernes\" data-session-id=\"438508\"><div class=\"wcb-session-cell-content\"><a class=\"wcpt-session-title\" href=\"https:\/\/malaga.wordcamp.org\/2013\/session\/lo-que-pedimos-a-un-cms-en-2013-y-mas-alla\/\">Lo que pedimos a un CMS en 2013 y m\u00e1s all\u00e1<\/a> <span class=\"wcpt-session-speakers\"><a href=\"https:\/\/malaga.wordcamp.org\/2013\/ponentes\/#wcorg-speaker-antonio-ortiz\">Antonio Ortiz<\/a><\/span><\/div><div class=\"wcb-session-favourite-icon\"><a href=\"#\" role=\"button\" class=\"fav-session-button\" aria-pressed=\"false\"><span class=\"screen-reader-text\">Sesi\u00f3n favorita: Lo que pedimos a un CMS en 2013 y m\u00e1s all\u00e1<\/span><span class=\"dashicons dashicons-star-filled\"><\/span><\/a><\/div><\/td><\/tr><tr class=\"wcpt-time-1240pm global-session ecommerce-con-wordpress\"><td class=\"wcpt-time\">12:40&nbsp;pm<\/td><td colspan=\"1\" class=\"wcb-speaker-bill-murphy wcb-track-viernes wcpt-session-type-session wcb-session-ecommerce-con-wordpress\" data-track-title=\"Viernes\" data-session-id=\"468400\"><div class=\"wcb-session-cell-content\"><a class=\"wcpt-session-title\" href=\"https:\/\/malaga.wordcamp.org\/2013\/session\/ecommerce-con-wordpress\/\">eCommerce con WordPress<\/a> <span class=\"wcpt-session-speakers\"><a href=\"https:\/\/malaga.wordcamp.org\/2013\/ponentes\/#wcorg-speaker-bill-murphy\">Bill Murphy<\/a><\/span><\/div><div class=\"wcb-session-favourite-icon\"><a href=\"#\" role=\"button\" class=\"fav-session-button\" aria-pressed=\"false\"><span class=\"screen-reader-text\">Sesi\u00f3n favorita: eCommerce con WordPress<\/span><span class=\"dashicons dashicons-star-filled\"><\/span><\/a><\/div><\/td><\/tr><tr class=\"wcpt-time-120pm global-session comida\"><td class=\"wcpt-time\">1:20&nbsp;pm<\/td><td colspan=\"1\" class=\"wcb-track-viernes wcpt-session-type-custom wcb-session-comida\" data-track-title=\"Viernes\" data-session-id=\"490188\"><div class=\"wcb-session-cell-content\"><span class=\"wcpt-session-title\">Comida<\/span><\/div><\/td><\/tr><tr class=\"wcpt-time-330pm global-session wordpress-aspectos-legales\"><td class=\"wcpt-time\">3:30&nbsp;pm<\/td><td colspan=\"1\" class=\"wcb-speaker-ma-carmen-fernandez wcb-speaker-camino-garcia wcb-track-viernes wcpt-session-type-session wcb-session-wordpress-aspectos-legales\" data-track-title=\"Viernes\" data-session-id=\"440332\"><div class=\"wcb-session-cell-content\"><a class=\"wcpt-session-title\" href=\"https:\/\/malaga.wordcamp.org\/2013\/session\/wordpress-aspectos-legales\/\">WordPress: Aspectos legales<\/a> <span class=\"wcpt-session-speakers\"><a href=\"https:\/\/malaga.wordcamp.org\/2013\/ponentes\/#wcorg-speaker-ma-carmen-fernandez\">M\u00aa Carmen Fern\u00e1ndez<\/a>, <a href=\"https:\/\/malaga.wordcamp.org\/2013\/ponentes\/#wcorg-speaker-camino-garcia\">Camino Garc\u00eda<\/a><\/span><\/div><div class=\"wcb-session-favourite-icon\"><a href=\"#\" role=\"button\" class=\"fav-session-button\" aria-pressed=\"false\"><span class=\"screen-reader-text\">Sesi\u00f3n favorita: WordPress: Aspectos legales<\/span><span class=\"dashicons dashicons-star-filled\"><\/span><\/a><\/div><\/td><\/tr><tr class=\"wcpt-time-410pm global-session jetpack-el-plugin-para-hacerte-la-vida-ms-fcil\"><td class=\"wcpt-time\">4:10&nbsp;pm<\/td><td colspan=\"1\" class=\"wcb-speaker-luis-rull wcb-track-viernes wcpt-session-type-session wcb-session-jetpack-el-plugin-para-hacerte-la-vida-mas-facil\" data-track-title=\"Viernes\" data-session-id=\"525348\"><div class=\"wcb-session-cell-content\"><a class=\"wcpt-session-title\" href=\"https:\/\/malaga.wordcamp.org\/2013\/session\/jetpack-el-plugin-para-hacerte-la-vida-mas-facil\/\">Jetpack: El plugin para hacerte la vida m\u00e1s f\u00e1cil<\/a> <span class=\"wcpt-session-speakers\"><a href=\"https:\/\/malaga.wordcamp.org\/2013\/ponentes\/#wcorg-speaker-luis-rull\">Luis Rull<\/a><\/span><\/div><div class=\"wcb-session-favourite-icon\"><a href=\"#\" role=\"button\" class=\"fav-session-button\" aria-pressed=\"false\"><span class=\"screen-reader-text\">Sesi\u00f3n favorita: Jetpack: El plugin para hacerte la vida m\u00e1s f\u00e1cil<\/span><span class=\"dashicons dashicons-star-filled\"><\/span><\/a><\/div><\/td><\/tr><tr class=\"wcpt-time-450pm global-session hardening-en-wordpress\"><td class=\"wcpt-time\">4:50&nbsp;pm<\/td><td colspan=\"1\" class=\"wcb-speaker-jorge-coronado wcb-track-viernes wcpt-session-type-session wcb-session-hardening-en-wordpress\" data-track-title=\"Viernes\" data-session-id=\"440326\"><div class=\"wcb-session-cell-content\"><a class=\"wcpt-session-title\" href=\"https:\/\/malaga.wordcamp.org\/2013\/session\/hardening-en-wordpress\/\">Hardening en WordPress<\/a> <span class=\"wcpt-session-speakers\"><a href=\"https:\/\/malaga.wordcamp.org\/2013\/ponentes\/#wcorg-speaker-jorge-coronado\">Jorge Coronado<\/a><\/span><\/div><div class=\"wcb-session-favourite-icon\"><a href=\"#\" role=\"button\" class=\"fav-session-button\" aria-pressed=\"false\"><span class=\"screen-reader-text\">Sesi\u00f3n favorita: Hardening en WordPress<\/span><span class=\"dashicons dashicons-star-filled\"><\/span><\/a><\/div><\/td><\/tr><tr class=\"wcpt-time-530pm global-session coffe-break\"><td class=\"wcpt-time\">5:30&nbsp;pm<\/td><td colspan=\"1\" class=\"wcb-track-viernes wcpt-session-type-custom wcb-session-coffe-break-2\" data-track-title=\"Viernes\" data-session-id=\"490186\"><div class=\"wcb-session-cell-content\"><span class=\"wcpt-session-title\">Coffe Break<\/span><\/div><\/td><\/tr><tr class=\"wcpt-time-600pm global-session hacer-de-wordpress-un-cms-ms-sencillo-consejos-y-wp-wizard-2\"><td class=\"wcpt-time\">6:00&nbsp;pm<\/td><td colspan=\"1\" class=\"wcb-speaker-javier-santos wcb-track-viernes wcpt-session-type-session wcb-session-hacer-de-wordpress-un-cms-mas-sencillo-consejos-y-wp-wizard-2\" data-track-title=\"Viernes\" data-session-id=\"440318\"><div class=\"wcb-session-cell-content\"><a class=\"wcpt-session-title\" href=\"https:\/\/malaga.wordcamp.org\/2013\/session\/hacer-de-wordpress-un-cms-mas-sencillo-consejos-y-wp-wizard-2\/\">Hacer de WordPress un CMS m\u00e1s sencillo: consejos y WP Wizard 2<\/a> <span class=\"wcpt-session-speakers\"><a href=\"https:\/\/malaga.wordcamp.org\/2013\/ponentes\/#wcorg-speaker-javier-santos\">Javier Santos<\/a><\/span><\/div><div class=\"wcb-session-favourite-icon\"><a href=\"#\" role=\"button\" class=\"fav-session-button\" aria-pressed=\"false\"><span class=\"screen-reader-text\">Sesi\u00f3n favorita: Hacer de WordPress un CMS m\u00e1s sencillo: consejos y WP Wizard 2<\/span><span class=\"dashicons dashicons-star-filled\"><\/span><\/a><\/div><\/td><\/tr><tr class=\"wcpt-time-640pm global-session trabajando-en-comunidad-wordpress-desde-dentro\"><td class=\"wcpt-time\">6:40&nbsp;pm<\/td><td colspan=\"1\" class=\"wcb-speaker-rafael-poveda wcb-track-viernes wcpt-session-type-session wcb-session-trabajando-en-comunidad-wordpress-desde-dentro\" data-track-title=\"Viernes\" data-session-id=\"506954\"><div class=\"wcb-session-cell-content\"><a class=\"wcpt-session-title\" href=\"https:\/\/malaga.wordcamp.org\/2013\/session\/trabajando-en-comunidad-wordpress-desde-dentro\/\">Trabajando en Comunidad: WordPress desde dentro<\/a> <span class=\"wcpt-session-speakers\"><a href=\"https:\/\/malaga.wordcamp.org\/2013\/ponentes\/#wcorg-speaker-rafael-poveda\">Rafael Poveda<\/a><\/span><\/div><div class=\"wcb-session-favourite-icon\"><a href=\"#\" role=\"button\" class=\"fav-session-button\" aria-pressed=\"false\"><span class=\"screen-reader-text\">Sesi\u00f3n favorita: Trabajando en Comunidad: WordPress desde dentro<\/span><span class=\"dashicons dashicons-star-filled\"><\/span><\/a><\/div><\/td><\/tr><tr class=\"wcpt-time-720pm global-session manejo-y-creacin-de-una-web-multilinge-con-wordpress\"><td class=\"wcpt-time\">7:20&nbsp;pm<\/td><td colspan=\"1\" class=\"wcb-speaker-amit-kvint wcb-track-viernes wcpt-session-type-session wcb-session-manejo-y-creacion-de-una-web-multilingue-con-wordpress\" data-track-title=\"Viernes\" data-session-id=\"440322\"><div class=\"wcb-session-cell-content\"><a class=\"wcpt-session-title\" href=\"https:\/\/malaga.wordcamp.org\/2013\/session\/manejo-y-creacion-de-una-web-multilingue-con-wordpress\/\">Manejo y creaci\u00f3n de una web multiling\u00fce con WordPress<\/a> <span class=\"wcpt-session-speakers\"><a href=\"https:\/\/malaga.wordcamp.org\/2013\/ponentes\/#wcorg-speaker-amit-kvint\">Amit Kvint<\/a><\/span><\/div><div class=\"wcb-session-favourite-icon\"><a href=\"#\" role=\"button\" class=\"fav-session-button\" aria-pressed=\"false\"><span class=\"screen-reader-text\">Sesi\u00f3n favorita: Manejo y creaci\u00f3n de una web multiling\u00fce con WordPress<\/span><span class=\"dashicons dashicons-star-filled\"><\/span><\/a><\/div><\/td><\/tr><\/tbody><\/table>\n\t<div class=\"email-form fav-session-email-form-hide\">\n\t\t<!-- Tab links -->\n\t\t<div class=\"fav-session-share-tab\">\n\t\t\t\t\t\t\t<div class=\"fav-session-tablinks\" id=\"fav-session-btn-email\">\n\t\t\t\t\tCorreo electr\u00f3nico\t\t\t\t<\/div>\n\t\t\t\n\t\t\t<div class=\"fav-session-tablinks\" id=\"fav-session-btn-link\">\n\t\t\t\tEnlace\t\t\t<\/div>\n\n\t\t\t<div class=\"fav-session-tablinks\" id=\"fav-session-btn-print\">\n\t\t\t\tImprimir\t\t\t<\/div>\n\t\t<\/div>\n\n\t\t<!-- Tab content -->\n\t\t\t\t\t<div id=\"fav-session-tab-email\" class=\"fav-session-share-tabcontent\">\n\t\t\t\t<div id=\"fav-session-email-form\">\n\t\t\t\t\tEnv\u00edame mis sesiones favoritas:\n\t\t\t\t\t<form id=\"fav-sessions-form\">\n\t\t\t\t\t\t<input\n\t\t\t\t\t\t\ttype=\"text\"\n\t\t\t\t\t\t\tname=\"email_address\"\n\t\t\t\t\t\t\tid=\"fav-sessions-email-address\"\n\t\t\t\t\t\t\tplaceholder=\"me@protonmail.com\"\n\t\t\t\t\t\t\/>\n\t\t\t\t\t\t<input type=\"submit\" value=\"Enviar\" \/>\n\t\t\t\t\t<\/form>\n\t\t\t\t<\/div>\n\n\t\t\t\t<div class=\"fav-session-email-wait-spinner\"><\/div>\n\t\t\t\t<div class=\"fav-session-email-result\"><\/div>\n\t\t\t<\/div>\n\t\t\n\t\t<div id=\"fav-session-tab-link\" class=\"fav-session-share-tabcontent\">\n\t\t\tEnlace compartible:\t\t\t<br \/>\n\t\t\t<a id=\"fav-sessions-link\" href=\"\"><\/a>\n\t\t<\/div>\n\n\t\t<div id=\"fav-session-tab-print\" class=\"fav-session-share-tabcontent\">\n\t\t\t<button id=\"fav-session-print\">\n\t\t\t\tImprimir sesiones favoritas\t\t\t<\/button>\n\t\t<\/div>\n\t<\/div>\n\n\t<a class=\"show-email-form\" href=\"javascript:\">\n\t\t<span class=\"dashicons dashicons-star-filled\"><\/span>\n\t\t<span class=\"dashicons dashicons-email-alt\"><\/span>\n\t<\/a>\n\n\t\n<h2>S\u00e1bado 26 de octubre de 2013<\/h2>\n<table class=\"wcpt-schedule\" border=\"0\"><thead><tr><th class=\"wcpt-col-time\">Hora<\/th><th class=\"wcpt-col-track\"> <span class=\"wcpt-track-name\">S\u00e1bado<\/span> <span class=\"wcpt-track-description\"><\/span> <\/th><\/tr><\/thead><tbody><tr class=\"wcpt-time-910am global-session wordpress-como-plataforma-de-desarrollo\"><td class=\"wcpt-time\">9:10&nbsp;am<\/td><td colspan=\"1\" class=\"wcb-speaker-francisco-javier-carazo-gil wcb-track-sabado wcpt-session-type-session wcb-session-wordpress-como-plataforma-de-desarrollo\" data-track-title=\"S\u00e1bado\" data-session-id=\"440330\"><div class=\"wcb-session-cell-content\"><a class=\"wcpt-session-title\" href=\"https:\/\/malaga.wordcamp.org\/2013\/session\/wordpress-como-plataforma-de-desarrollo\/\">WordPress como plataforma de desarrollo<\/a> <span class=\"wcpt-session-speakers\"><a href=\"https:\/\/malaga.wordcamp.org\/2013\/ponentes\/#wcorg-speaker-francisco-javier-carazo-gil\">Francisco Javier Carazo Gil<\/a><\/span><\/div><div class=\"wcb-session-favourite-icon\"><a href=\"#\" role=\"button\" class=\"fav-session-button\" aria-pressed=\"false\"><span class=\"screen-reader-text\">Sesi\u00f3n favorita: WordPress como plataforma de desarrollo<\/span><span class=\"dashicons dashicons-star-filled\"><\/span><\/a><\/div><\/td><\/tr><tr class=\"wcpt-time-950am global-session la-unin-hace-la-fuerza-php-wordpress-y-creatividad-para-construir-la-web\"><td class=\"wcpt-time\">9:50&nbsp;am<\/td><td colspan=\"1\" class=\"wcb-speaker-ignacio-de-miguel-ximenez wcb-track-sabado wcpt-session-type-session wcb-session-la-union-hace-la-fuerza-php-wordpress-y-creatividad-para-construir-la-web\" data-track-title=\"S\u00e1bado\" data-session-id=\"440320\"><div class=\"wcb-session-cell-content\"><a class=\"wcpt-session-title\" href=\"https:\/\/malaga.wordcamp.org\/2013\/session\/la-union-hace-la-fuerza-php-wordpress-y-creatividad-para-construir-la-web\/\">La uni\u00f3n hace la fuerza: PHP, WordPress y creatividad para construir la web<\/a> <span class=\"wcpt-session-speakers\"><a href=\"https:\/\/malaga.wordcamp.org\/2013\/ponentes\/#wcorg-speaker-ignacio-de-miguel-ximenez\">Ignacio de Miguel Xim\u00e9nez de Emb\u00fan<\/a><\/span><\/div><div class=\"wcb-session-favourite-icon\"><a href=\"#\" role=\"button\" class=\"fav-session-button\" aria-pressed=\"false\"><span class=\"screen-reader-text\">Sesi\u00f3n favorita: La uni\u00f3n hace la fuerza: PHP, WordPress y creatividad para construir la web<\/span><span class=\"dashicons dashicons-star-filled\"><\/span><\/a><\/div><\/td><\/tr><tr class=\"wcpt-time-1030am global-session administra-wordpress-automticamente-con-wp-cli\"><td class=\"wcpt-time\">10:30&nbsp;am<\/td><td colspan=\"1\" class=\"wcb-speaker-mike-schroder wcb-track-sabado wcpt-session-type-session wcb-session-administra-wordpress-automaticamente-con-wp-cli\" data-track-title=\"S\u00e1bado\" data-session-id=\"490363\"><div class=\"wcb-session-cell-content\"><a class=\"wcpt-session-title\" href=\"https:\/\/malaga.wordcamp.org\/2013\/session\/administra-wordpress-automaticamente-con-wp-cli\/\">Administra WordPress autom\u00e1ticamente con WP-CLI<\/a> <span class=\"wcpt-session-speakers\"><a href=\"https:\/\/malaga.wordcamp.org\/2013\/ponentes\/#wcorg-speaker-mike-schroder\">Mike Schroder<\/a><\/span><\/div><div class=\"wcb-session-favourite-icon\"><a href=\"#\" role=\"button\" class=\"fav-session-button\" aria-pressed=\"false\"><span class=\"screen-reader-text\">Sesi\u00f3n favorita: Administra WordPress autom\u00e1ticamente con WP-CLI<\/span><span class=\"dashicons dashicons-star-filled\"><\/span><\/a><\/div><\/td><\/tr><tr class=\"wcpt-time-1110am global-session coffe-break\"><td class=\"wcpt-time\">11:10&nbsp;am<\/td><td colspan=\"1\" class=\"wcb-track-sabado wcpt-session-type-custom wcb-session-coffe-break-3\" data-track-title=\"S\u00e1bado\" data-session-id=\"490361\"><div class=\"wcb-session-cell-content\"><span class=\"wcpt-session-title\">Coffe Break<\/span><\/div><\/td><\/tr><tr class=\"wcpt-time-1140am global-session xitos-y-fracasos-en-el-desarrollo-con-wordpres\"><td class=\"wcpt-time\">11:40&nbsp;am<\/td><td colspan=\"1\" class=\"wcb-speaker-daniel-frias wcb-track-sabado wcpt-session-type-session wcb-session-exitos-y-fracasos-en-el-desarrollo-con-wordpres\" data-track-title=\"S\u00e1bado\" data-session-id=\"442311\"><div class=\"wcb-session-cell-content\"><a class=\"wcpt-session-title\" href=\"https:\/\/malaga.wordcamp.org\/2013\/session\/exitos-y-fracasos-en-el-desarrollo-con-wordpres\/\">\u00c9xitos y fracasos en el desarrollo con WordPres<\/a> <span class=\"wcpt-session-speakers\"><a href=\"https:\/\/malaga.wordcamp.org\/2013\/ponentes\/#wcorg-speaker-daniel-frias\">Daniel Fr\u00edas<\/a><\/span><\/div><div class=\"wcb-session-favourite-icon\"><a href=\"#\" role=\"button\" class=\"fav-session-button\" aria-pressed=\"false\"><span class=\"screen-reader-text\">Sesi\u00f3n favorita: \u00c9xitos y fracasos en el desarrollo con WordPres<\/span><span class=\"dashicons dashicons-star-filled\"><\/span><\/a><\/div><\/td><\/tr><tr class=\"wcpt-time-1220pm global-session themes-premium-desde-la-perspectiva-del-creador-de-contenidos-del-diseador-y-del-desarrollador\"><td class=\"wcpt-time\">12:20&nbsp;pm<\/td><td colspan=\"1\" class=\"wcb-speaker-fran-moreno wcb-track-sabado wcpt-session-type-session wcb-session-themes-premium-desde-la-perspectiva-del-creador-de-contenidos-del-disenador-y-del-desarrollador\" data-track-title=\"S\u00e1bado\" data-session-id=\"461447\"><div class=\"wcb-session-cell-content\"><a class=\"wcpt-session-title\" href=\"https:\/\/malaga.wordcamp.org\/2013\/session\/themes-premium-desde-la-perspectiva-del-creador-de-contenidos-del-disenador-y-del-desarrollador\/\">Themes premium desde la perspectiva del creador de contenidos, del dise\u00f1ador y del desarrollador<\/a> <span class=\"wcpt-session-speakers\"><a href=\"https:\/\/malaga.wordcamp.org\/2013\/ponentes\/#wcorg-speaker-fran-moreno\">Fran Moreno<\/a><\/span><\/div><div class=\"wcb-session-favourite-icon\"><a href=\"#\" role=\"button\" class=\"fav-session-button\" aria-pressed=\"false\"><span class=\"screen-reader-text\">Sesi\u00f3n favorita: Themes premium desde la perspectiva del creador de contenidos, del dise\u00f1ador y del desarrollador<\/span><span class=\"dashicons dashicons-star-filled\"><\/span><\/a><\/div><\/td><\/tr><tr class=\"wcpt-time-100pm global-session escalando-wordpress-hasta-el-infinito\"><td class=\"wcpt-time\">1:00&nbsp;pm<\/td><td colspan=\"1\" class=\"wcb-speaker-javier-casares wcb-track-sabado wcpt-session-type-session wcb-session-escalando-wordpress-hasta-el-infinito\" data-track-title=\"S\u00e1bado\" data-session-id=\"461106\"><div class=\"wcb-session-cell-content\"><a class=\"wcpt-session-title\" href=\"https:\/\/malaga.wordcamp.org\/2013\/session\/escalando-wordpress-hasta-el-infinito\/\">Escalando WordPress hasta el infinito<\/a> <span class=\"wcpt-session-speakers\"><a href=\"https:\/\/malaga.wordcamp.org\/2013\/ponentes\/#wcorg-speaker-javier-casares\">Javier Casares<\/a><\/span><\/div><div class=\"wcb-session-favourite-icon\"><a href=\"#\" role=\"button\" class=\"fav-session-button\" aria-pressed=\"false\"><span class=\"screen-reader-text\">Sesi\u00f3n favorita: Escalando WordPress hasta el infinito<\/span><span class=\"dashicons dashicons-star-filled\"><\/span><\/a><\/div><\/td><\/tr><tr class=\"wcpt-time-140pm global-session despedida\"><td class=\"wcpt-time\">1:40&nbsp;pm<\/td><td colspan=\"1\" class=\"wcb-track-sabado wcpt-session-type-custom wcb-session-despedida\" data-track-title=\"S\u00e1bado\" data-session-id=\"490365\"><div class=\"wcb-session-cell-content\"><span class=\"wcpt-session-title\">Despedida<\/span><\/div><\/td><\/tr><\/tbody><\/table>\n","protected":false},"excerpt":{"rendered":"<p>*Desde los enlaces de las sesiones se puede acceder a los contenidos de cada ponencia. Viernes 25 de octubre de 2013 S\u00e1bado 26 de octubre de 2013<\/p>\n","protected":false},"author":12522629,"featured_media":0,"parent":0,"menu_order":0,"comment_status":"closed","ping_status":"closed","template":"","meta":{"_crdt_document":"","jetpack_post_was_ever_published":false,"footnotes":""},"class_list":["post-416778","page","type-page","status-publish","hentry"],"jetpack_sharing_enabled":true,"jetpack_shortlink":"https:\/\/wp.me\/P3qndU-1Kqe","_links":{"self":[{"href":"https:\/\/malaga.wordcamp.org\/2013\/wp-json\/wp\/v2\/pages\/416778","targetHints":{"allow":["GET"]}}],"collection":[{"href":"https:\/\/malaga.wordcamp.org\/2013\/wp-json\/wp\/v2\/pages"}],"about":[{"href":"https:\/\/malaga.wordcamp.org\/2013\/wp-json\/wp\/v2\/types\/page"}],"author":[{"embeddable":true,"href":"https:\/\/malaga.wordcamp.org\/2013\/wp-json\/wp\/v2\/users\/12522629"}],"replies":[{"embeddable":true,"href":"https:\/\/malaga.wordcamp.org\/2013\/wp-json\/wp\/v2\/comments?post=416778"}],"version-history":[{"count":20,"href":"https:\/\/malaga.wordcamp.org\/2013\/wp-json\/wp\/v2\/pages\/416778\/revisions"}],"predecessor-version":[{"id":608986,"href":"https:\/\/malaga.wordcamp.org\/2013\/wp-json\/wp\/v2\/pages\/416778\/revisions\/608986"}],"wp:attachment":[{"href":"https:\/\/malaga.wordcamp.org\/2013\/wp-json\/wp\/v2\/media?parent=416778"}],"curies":[{"name":"wp","href":"https:\/\/api.w.org\/{rel}","templated":true}]}}