{"id":12,"date":"2019-11-18T17:19:21","date_gmt":"2019-11-18T17:19:21","guid":{"rendered":"https:\/\/2020.malaga.wordcamp.org\/organizers\/"},"modified":"2020-01-11T13:56:34","modified_gmt":"2020-01-11T13:56:34","slug":"organizadores","status":"publish","type":"page","link":"https:\/\/malaga.wordcamp.org\/2020\/organizadores\/","title":{"rendered":"Organizadores"},"content":{"rendered":"<ul class=\"wordcamp-block wordcamp-post-list has-layout-list wordcamp-organizers\"><li class=\"wordcamp-post-list__post wordcamp-clearfix\">\n<div class=\"wordcamp-organizer wordcamp-organizers__post slug-alfonso-sanchez\">\n\t<h3 class=\"wordcamp-block__item-title wordcamp-organizers__title\">Alfonso S\u00e1nchez<\/h3>\n\t\t\t<div class=\"wordcamp-image__avatar-container align-none\">\n\t\t\t<img decoding=\"async\" src=\"https:\/\/secure.gravatar.com\/avatar\/e1fe7d9484918812d2b5a68f5626796bdd2fce64e8449606b45eccdd15ece018?s=150&amp;d=mm&amp;r=g\" alt=\"Avatar de Alfonso S\u00e1nchez\" \/>\t\t<\/div>\n\t\n\t\t\t<div class=\"wordcamp-block__item-content wordcamp-organizers__content is-full\"><p>Descubr\u00ed WordPress gracias a mi profesor de inform\u00e1tica en el instituto all\u00e1 por el 2007. Desde entonces trasteo con WordPress de forma b\u00e1sica y m\u00e1s recientemente colaboro con la comunidad de <strong>@wpmalaga<\/strong>.<\/p>\n<p>Contacta conmigo para dudas o consultas sobre las <strong>Redes sociales<\/strong> o el <strong>Merch<\/strong><\/p>\n<p>Telegram:&nbsp; <a href=\"https:\/\/t.me\/fonso_s\">@fonso_s<\/a><\/p>\n<p>Twitter: <a href=\"http:\/\/twitter.com\/fonso_s\">@fonso_s<\/a><\/p>\n<\/div>\t<\/div>\n\n<\/li><li class=\"wordcamp-post-list__post wordcamp-clearfix\">\n<div class=\"wordcamp-organizer wordcamp-organizers__post slug-anastasios-manoloudis\">\n\t<h3 class=\"wordcamp-block__item-title wordcamp-organizers__title\">Anastasios Manoloudis<\/h3>\n\t\t\t<div class=\"wordcamp-image__avatar-container align-none\">\n\t\t\t<img decoding=\"async\" src=\"https:\/\/secure.gravatar.com\/avatar\/d51793bcfec5d66e96b10d41bd57749c5f0914c0bd7da62c6c1718039998cb9d?s=150&amp;d=mm&amp;r=g\" alt=\"Avatar de Anastasios Manoloudis\" \/>\t\t<\/div>\n\t\n\t\t\t<div class=\"wordcamp-block__item-content wordcamp-organizers__content is-full\"><p>I am a designer, trained in solving problems. Cosmopolitis (as in \/\u02cck\u0252zm\u0259\u02c8p\u0252l\u026at(\u0259)n\/ ) Freelancer for hire. <\/p>\n<p>Contacta conmigo para dudas o consultas sobre el <strong>dise\u00f1o<\/strong>\u00a0o <strong>patrocinadores<\/strong> de nuestro evento.<\/p>\n<p>Web: <a href=\"https:\/\/crowdedtent.com\/\">crowdedtent.com<br \/><\/a>Twitter: <a rel=\"noreferrer noopener\" aria-label=\"@anastas10s (abre en una nueva pesta\u00f1a)\" href=\"https:\/\/twitter.com\/anastas10s\" target=\"_blank\">@anastas10s<\/a><\/p>\n<\/div>\t<\/div>\n\n<\/li><li class=\"wordcamp-post-list__post wordcamp-clearfix\">\n<div class=\"wordcamp-organizer wordcamp-organizers__post slug-daniel-arenillas\">\n\t<h3 class=\"wordcamp-block__item-title wordcamp-organizers__title\">Daniel Arenillas<\/h3>\n\t\t\t<div class=\"wordcamp-image__avatar-container align-none\">\n\t\t\t<img decoding=\"async\" src=\"https:\/\/secure.gravatar.com\/avatar\/84f54ddc840059dac6af02279ca32e2cbfc29264417c704a7ad6015e29c7927f?s=150&amp;d=mm&amp;r=g\" alt=\"Avatar de Daniel Arenillas\" \/>\t\t<\/div>\n\t\n\t\t\t<div class=\"wordcamp-block__item-content wordcamp-organizers__content is-full\"><p> Desarrollador Front-End apasionado de la salud y WordPress. Co-organizador de la Meetup Cadiz.<\/p>\n<p>Colaboro en el equipo de <strong>Speakers <\/strong>y <strong>web <\/strong>de la WordCamp M\u00e1laga 2020.<\/p>\n<p>Web: <a href=\"https:\/\/www.emermedia.com\">emermedia.com<br \/><\/a>Twitter: <a href=\"https:\/\/twitter.com\/DanielArenillas\">@DanielArenillas<\/a><\/p>\n<\/div>\t<\/div>\n\n<\/li><li class=\"wordcamp-post-list__post wordcamp-clearfix\">\n<div class=\"wordcamp-organizer wordcamp-organizers__post slug-fede-padilla\">\n\t<h3 class=\"wordcamp-block__item-title wordcamp-organizers__title\">Fede Padilla<\/h3>\n\t\t\t<div class=\"wordcamp-image__avatar-container align-none\">\n\t\t\t<img decoding=\"async\" src=\"https:\/\/secure.gravatar.com\/avatar\/cd40be7eea2718ef2adb3d28f5c08c68dc9fec96a340cb15c7e863792fb8fa62?s=150&amp;d=mm&amp;r=g\" alt=\"Avatar de Fede Padilla\" \/>\t\t<\/div>\n\t\n\t\t\t<div class=\"wordcamp-block__item-content wordcamp-organizers__content is-full\"><p>Colaboro con la comunidad de @<strong>wpmalaga<\/strong> en el mundo audio visual, llevo ya 1 a\u00f1o grabando todas las charlas y dando su difusi\u00f3n con retransmisiones en directo para la gente que no puede asistir.<\/p>\n<p>Contacta conmigo para dudas o consultas sobre la <strong>Audio\/Video<\/strong>:&nbsp;<\/p>\n<p>Web:&nbsp; <a href=\"http:\/\/fedepadilla.com\">Fedepadilla.com<\/a><\/p>\n<p>Telegram:&nbsp; <a href=\"https:\/\/t.me\/fedepadilla\">@fedepadilla<\/a><\/p>\n<p>Twitter: <a href=\"https:\/\/twitter.com\/fedepadilla\">@fedepadilla<\/a><\/p>\n<\/div>\t<\/div>\n\n<\/li><li class=\"wordcamp-post-list__post wordcamp-clearfix\">\n<div class=\"wordcamp-organizer wordcamp-organizers__post slug-fran-calderon\">\n\t<h3 class=\"wordcamp-block__item-title wordcamp-organizers__title\">Fran Calder\u00f3n<\/h3>\n\t\t\t<div class=\"wordcamp-image__avatar-container align-none\">\n\t\t\t<img decoding=\"async\" src=\"https:\/\/secure.gravatar.com\/avatar\/922f2c33d4c5c04b7cf49085cb0d9981f9b446e3d2a2558254813c55d246f93c?s=150&amp;d=mm&amp;r=g\" alt=\"Avatar de Fran Calder\u00f3n\" \/>\t\t<\/div>\n\t\n\t\t\t<div class=\"wordcamp-block__item-content wordcamp-organizers__content is-full\"><p><p>Analista-Desarrollador de entornos LAMP\/LEMP.<\/p>\n<\/p>\n<p><strong>Catering<\/strong><\/p>\n<p><strong>Venue\/Catering<\/strong><\/p>\n<p><p>Llevo unos a\u00f1os colaborando con Colaborador de&nbsp;@<strong>wpmalaga<\/strong>, tanto que por eso estoy en este listado. La comunidad de WordPress es muy fuerte, amigable, meritocr\u00e1tica y colaborativa. Algo que todo af\u00edn a software Open Source debe querer.<\/p>\n<p>&nbsp;<\/p>\n<\/p>\n<p><p>Contacta conmigo para dudas o consultas sobre la <strong>Ubicaci\u00f3n<\/strong> o el <strong>Catering<\/strong>:&nbsp;<\/p>\n<p>Telegram:&nbsp; <a href=\"https:\/\/t.me\/fcjurado\">@fcjurado<\/a><\/p>\n<p>Twitter: <a href=\"https:\/\/twitter.com\/fcjurado\">@fcjurado<\/a><\/p><\/p>\n<\/div>\t<\/div>\n\n<\/li><li class=\"wordcamp-post-list__post wordcamp-clearfix\">\n<div class=\"wordcamp-organizer wordcamp-organizers__post slug-franken-perez\">\n\t<h3 class=\"wordcamp-block__item-title wordcamp-organizers__title\">Franken P\u00e9rez<\/h3>\n\t\t\t<div class=\"wordcamp-image__avatar-container align-none\">\n\t\t\t<img decoding=\"async\" src=\"https:\/\/secure.gravatar.com\/avatar\/6104cd5b6d156f46d01435fb339890f9db5e98a9f8420e9053a9cc2d60310e30?s=150&amp;d=mm&amp;r=g\" alt=\"Avatar de Franken P\u00e9rez\" \/>\t\t<\/div>\n\t\n\t\t\t<div class=\"wordcamp-block__item-content wordcamp-organizers__content is-full\"><p>Senior Front-end Developer at\u00a0<strong><a href=\"https:\/\/twitter.com\/Accenture\">Accenture<\/a><\/strong>, UX Designer &amp; Trainer. Coordinating WordPress Comunity\u00a0<a href=\"https:\/\/twitter.com\/wpmalaga\"><s>@<\/s><strong>wpmalaga<\/strong><\/a>.<br \/> Twitter: <a rel=\"noreferrer noopener\" aria-label=\"frankenperez  (abre en una nueva pesta\u00f1a)\" href=\"https:\/\/twitter.com\/frankenperez\" target=\"_blank\">frankenperez <\/a><\/p>\n<p><strong>Lead<\/strong><\/p><\/p>\n<\/div>\t<\/div>\n\n<\/li><li class=\"wordcamp-post-list__post wordcamp-clearfix\">\n<div class=\"wordcamp-organizer wordcamp-organizers__post slug-luis-colome\">\n\t<h3 class=\"wordcamp-block__item-title wordcamp-organizers__title\">Luis Colom\u00e9<\/h3>\n\t\t\t<div class=\"wordcamp-image__avatar-container align-none\">\n\t\t\t<img decoding=\"async\" src=\"https:\/\/secure.gravatar.com\/avatar\/6b0b3d2ccb76ed2055e6057fae21b9c8637d273c280dc166e880c85e98d6856f?s=150&amp;d=mm&amp;r=g\" alt=\"Avatar de Luis Colom\u00e9\" \/>\t\t<\/div>\n\t\n\t\t\t<div class=\"wordcamp-block__item-content wordcamp-organizers__content is-full\"><p>Desarrollador especialista en <strong>WordPress <\/strong>y <strong>Genesis<\/strong>. Creo webs r\u00e1pidas y eficientes, con <strong>dise\u00f1os personalizados<\/strong>. Servicios de mantenimiento y asesoramiento WordPress. <br \/>Web: <a href=\"https:\/\/luiscolome.com\/\" target=\"_blank\" rel=\"noreferrer noopener\" aria-label=\" (opens in a new tab)\">luiscolome.com<\/a><br \/>Twitter: <a rel=\"noreferrer noopener\" href=\"https:\/\/twitter.com\/luiscolome\" target=\"_blank\">@LuisColome<\/a><br \/>Codepen: <a rel=\"noreferrer noopener\" href=\"https:\/\/codepen.io\/luiscolome\" target=\"_blank\">@luiscolome<\/a>  <\/p>\n<p>Colaboro con el equipo <strong>Web<\/strong> y <strong>Speakers<\/strong><\/p>\n<\/div>\t<\/div>\n\n<\/li><li class=\"wordcamp-post-list__post wordcamp-clearfix\">\n<div class=\"wordcamp-organizer wordcamp-organizers__post slug-rachel-winspear\">\n\t<h3 class=\"wordcamp-block__item-title wordcamp-organizers__title\">Rachel Winspear<\/h3>\n\t\t\t<div class=\"wordcamp-image__avatar-container align-none\">\n\t\t\t<img decoding=\"async\" src=\"https:\/\/secure.gravatar.com\/avatar\/5858c3955bde8605dbc0bd33b7416ec3bdcb6daf92c159602c1b0feb5e041a72?s=150&amp;d=mm&amp;r=g\" alt=\"Avatar de Rachel Winspear\" \/>\t\t<\/div>\n\t\n\t\t\t<div class=\"wordcamp-block__item-content wordcamp-organizers__content is-full\"><p>Trabajo de forma remota desde M\u00e1laga para Automattic.<br \/>Colaboro en el equipo de <strong>Speakers <\/strong>y <strong>web <\/strong>de la WordCamp M\u00e1laga 2020.<br \/>Twitter: @rachelwinspear<\/p>\n<\/div>\t<\/div>\n\n<\/li><li class=\"wordcamp-post-list__post wordcamp-clearfix\">\n<div class=\"wordcamp-organizer wordcamp-organizers__post slug-raul-gonzalez\">\n\t<h3 class=\"wordcamp-block__item-title wordcamp-organizers__title\">Ra\u00fal Gonz\u00e1lez<\/h3>\n\t\t\t<div class=\"wordcamp-image__avatar-container align-none\">\n\t\t\t<img decoding=\"async\" src=\"https:\/\/secure.gravatar.com\/avatar\/7fe28bdc61344ff7b031effa61e2a5611a64312436f8419a1059da0788d0b971?s=150&amp;d=mm&amp;r=g\" alt=\"Avatar de Ra\u00fal Gonz\u00e1lez\" \/>\t\t<\/div>\n\t\n\t\t\t<div class=\"wordcamp-block__item-content wordcamp-organizers__content is-full\"><p>Especialista en optimizar WordPress. Te ayudo a aumentar tus visitas y conversiones con una web r\u00e1pida.<br \/>Web: <a href=\"https:\/\/ragose.com\/\" target=\"_blank\" rel=\"noreferrer noopener\" aria-label=\" (abre en una nueva pesta\u00f1a)\">ragose.com<\/a><br \/>Twitter: <a href=\"https:\/\/twitter.com\/YoRaulGonzalez\" target=\"_blank\" rel=\"noreferrer noopener\" aria-label=\" (abre en una nueva pesta\u00f1a)\">YoRaulGonzalez<\/a><br \/>Linkedin: <a rel=\"noreferrer noopener\" aria-label=\"raulgonzalezsedeno (abre en una nueva pesta\u00f1a)\" href=\"https:\/\/www.linkedin.com\/in\/raulgonzalezsedeno\/\" target=\"_blank\">raulgonzalezsedeno<\/a><\/p>\n<p><strong>Voluntarios<\/strong><\/p>\n<\/div>\t<\/div>\n\n<\/li><\/ul>","protected":false},"excerpt":{"rendered":"","protected":false},"author":14461767,"featured_media":0,"parent":0,"menu_order":0,"comment_status":"closed","ping_status":"closed","template":"","meta":{"jetpack_post_was_ever_published":false,"footnotes":""},"class_list":["post-12","page","type-page","status-publish","hentry"],"jetpack-related-posts":[{"id":17,"url":"https:\/\/malaga.wordcamp.org\/2020\/contactar\/","url_meta":{"origin":12,"position":0},"title":"Contactar","author":"Fran P\u00e9rez","date":"18\/11\/2019","format":false,"excerpt":"Si tienes alguna duda concreta, puedes contactar directamente con el organizador correspondiente. Tienes la lista y responsabilidad en la p\u00e1gina de Organizadores. Si despu\u00e9s de leer toda la informaci\u00f3n que tenemos publicada, te queda alguna duda, por favor envianos un mensaje y te responderemos lo antes que podamos. ;) If\u2026","rel":"","context":"Entrada similar","block_context":{"text":"Entrada similar","link":""},"img":{"alt_text":"","src":"https:\/\/i0.wp.com\/malaga.wordcamp.org\/2020\/files\/2019\/12\/mlg2020wordcamp-logo.png?fit=350%2C229&resize=350%2C200#038;ssl=1","width":350,"height":200},"classes":[]},{"id":8,"url":"https:\/\/malaga.wordcamp.org\/2020\/ponentes\/","url_meta":{"origin":12,"position":1},"title":"Ponentes \/ Speakers","author":"Luis Colome","date":"18\/11\/2019","format":false,"excerpt":"Estamos encantad@s de presentaros a las personas que participar\u00e1n en la WordCamp M\u00e1laga 2020 como ponentes o como organizador@s de talleres.","rel":"","context":"Entrada similar","block_context":{"text":"Entrada similar","link":""},"img":{"alt_text":"","src":"https:\/\/i0.wp.com\/malaga.wordcamp.org\/2020\/files\/2019\/12\/mlg2020wordcamp-logo.png?fit=350%2C229&resize=350%2C200#038;ssl=1","width":350,"height":200},"classes":[]},{"id":19,"url":"https:\/\/malaga.wordcamp.org\/2020\/codigo-de-conducta\/","url_meta":{"origin":12,"position":2},"title":"C\u00f3digo de conducta","author":"Fran P\u00e9rez","date":"18\/11\/2019","format":false,"excerpt":"1. PROP\u00d3SITO WordCamp M\u00e1laga cree en una\u00a0comunidad abierta\u00a0a todo el mundo. Como tal, estamos comprometidos a proporcionar un\u00a0ambiente amigable, seguro y acogedor para todos\u00a0independientemente de su sexo, orientaci\u00f3n sexual, discapacidad, etnia, religi\u00f3n, sistema operativo preferido, lenguaje de programaci\u00f3n o editor de texto. Este c\u00f3digo de conducta resume nuestras expectativas para\u2026","rel":"","context":"Entrada similar","block_context":{"text":"Entrada similar","link":""},"img":{"alt_text":"","src":"https:\/\/i0.wp.com\/malaga.wordcamp.org\/2020\/files\/2019\/12\/mlg2020wordcamp-logo.png?fit=350%2C229&resize=350%2C200#038;ssl=1","width":350,"height":200},"classes":[]},{"id":1690,"url":"https:\/\/malaga.wordcamp.org\/2020\/","url_meta":{"origin":12,"position":3},"title":"Inicio","author":"Luis Colome","date":"24\/02\/2020","format":false,"excerpt":"WordCamp M\u00e1laga 2020 Dos d\u00edas de aprendizaje, diversi\u00f3n y sobre todo comunidad. E.T.S. de Ingenier\u00eda Inform\u00e1tica 7 Marzo 2020 Centro de Innovaci\u00f3n Social La Noria 8 Marzo 2020 COMPRA TU ENTRADA Programa Os presentamos el programa de la WordCamp M\u00e1laga 2020 Saber m\u00e1s Localizaci\u00f3n Detallamos donde se celebrar\u00e1n los eventos\u2026","rel":"","context":"Entrada similar","block_context":{"text":"Entrada similar","link":""},"img":{"alt_text":"","src":"https:\/\/i0.wp.com\/malaga.wordcamp.org\/2020\/files\/2020\/02\/wapuu-Malaga_mdf.png?resize=350%2C200&ssl=1","width":350,"height":200},"classes":[]},{"id":145,"url":"https:\/\/malaga.wordcamp.org\/2020\/alojamientos\/","url_meta":{"origin":12,"position":4},"title":"Alojamientos \/ Accomodations","author":"Luis Colome","date":"29\/11\/2019","format":false,"excerpt":"Os dejamos algunos enlaces para posibles alojamientos en las distintas zonas de M\u00e1laga m\u00e1s cercanas a los eventos de la WordCamp 2020: S\u00e1bado, d\u00eda de ponencias Alojamientos en la zona de la E.T.S. de Ingenier\u00eda de Inform\u00e1tica: Alojamientos Airbnb Alojamientos Booking Alojamientos Trivago Domingo, D\u00eda de la comunidad Alojamientos cercanos\u2026","rel":"","context":"Entrada similar","block_context":{"text":"Entrada similar","link":""},"img":{"alt_text":"","src":"https:\/\/i0.wp.com\/malaga.wordcamp.org\/2020\/files\/2019\/12\/mlg2020wordcamp-logo.png?fit=350%2C229&resize=350%2C200#038;ssl=1","width":350,"height":200},"classes":[]}],"jetpack_sharing_enabled":true,"_links":{"self":[{"href":"https:\/\/malaga.wordcamp.org\/2020\/wp-json\/wp\/v2\/pages\/12","targetHints":{"allow":["GET"]}}],"collection":[{"href":"https:\/\/malaga.wordcamp.org\/2020\/wp-json\/wp\/v2\/pages"}],"about":[{"href":"https:\/\/malaga.wordcamp.org\/2020\/wp-json\/wp\/v2\/types\/page"}],"author":[{"embeddable":true,"href":"https:\/\/malaga.wordcamp.org\/2020\/wp-json\/wp\/v2\/users\/14461767"}],"replies":[{"embeddable":true,"href":"https:\/\/malaga.wordcamp.org\/2020\/wp-json\/wp\/v2\/comments?post=12"}],"version-history":[{"count":2,"href":"https:\/\/malaga.wordcamp.org\/2020\/wp-json\/wp\/v2\/pages\/12\/revisions"}],"predecessor-version":[{"id":456,"href":"https:\/\/malaga.wordcamp.org\/2020\/wp-json\/wp\/v2\/pages\/12\/revisions\/456"}],"wp:attachment":[{"href":"https:\/\/malaga.wordcamp.org\/2020\/wp-json\/wp\/v2\/media?parent=12"}],"curies":[{"name":"wp","href":"https:\/\/api.w.org\/{rel}","templated":true}]}}