{"id":13,"date":"2020-01-03T08:14:32","date_gmt":"2020-01-03T08:14:32","guid":{"rendered":"https:\/\/2020.malaga.wordcamp.org\/?page_id=13"},"modified":"2020-03-09T11:01:09","modified_gmt":"2020-03-09T10:01:09","slug":"compra-tu-tickets","status":"publish","type":"page","link":"https:\/\/malaga.wordcamp.org\/2020\/compra-tu-tickets\/","title":{"rendered":"Compra tu entrada"},"content":{"rendered":"\n<p style=\"color:#ffffff;font-size:22px\" class=\"has-text-color has-background has-cyan-bluish-gray-background-color\">La compra de entradas ha sido cerrada. \u00a1\u00a1Gracias a tod@s por vuestra asistencia!!<\/p>\n\n\n\n<h2 class=\"wp-block-heading\" id=\"preguntas\">Preguntas frecuentes<\/h2>\n\n\n\n<ol class=\"wp-block-list\"><li><a href=\"#tipo-de-entrada\">\u00bfQu\u00e9 incluye cada tipo de entrada?<\/a><\/li><li><a href=\"#TODOS-los-publicos\">La WordCamp es para TODOS los p\u00fablicos.<\/a><\/li><li><a href=\"#avatar\">\u00bfPor qu\u00e9 no se ve mi avatar?<\/a><\/li><li><a href=\"#D\u00eda-de-la-Comunidad\">\u00bfQu\u00e9 es el \u00abD\u00eda de la Comunidad\u00bb?<\/a><\/li><li><a href=\"#M\u00e1laga\">\u00bfVienes desde otra ciudad a M\u00e1laga?<\/a><\/li><li><a href=\"#factura\">\u00bfC\u00f3mo puedo solicitar factura?<\/a><\/li><li><a href=\"#aclaratorias\">Notas aclaratorias<\/a><\/li><\/ol>\n\n\n\n<h3 class=\"wp-block-heading\" id=\"tipo-de-entrada\">1) \u00bfQu\u00e9 incluye cada tipo de entrada?<\/h3>\n\n\n\n<p><strong>La <em>entrada est\u00e1ndar<\/em><\/strong>&nbsp;<strong>incluye<\/strong>:<\/p>\n\n\n\n<ul class=\"wp-block-list\"><li><strong>Acceso al evento, a todas sus ponencias y talleres de<\/strong>l d\u00eda 7 Marzo<\/li><li><strong>Acceso al contributor day<\/strong>&nbsp;del domingo 8 Marzo.<\/li><li><strong>Coffee break<\/strong>&nbsp;(pausa para el caf\u00e9, vaya) por la&nbsp;<strong>ma\u00f1ana<\/strong>&nbsp;(d\u00edas 7 y 8 Marzo) para recargar las pilas.<\/li><li><strong>Comida (lunch) del s\u00e1bado 7 y domingo 8 en comunidad<\/strong>&nbsp;para continuar haciendo networking, intercambiar ideas y consultas con otros compa\u00f1eros.<\/li><li><strong>Coffee break<\/strong>&nbsp;(\u00a1m\u00e1s cafe\u00edna!) por la&nbsp;<strong>tarde de los d\u00edas 7 y 8.<\/strong><\/li><li><strong>Camiseta<\/strong>&nbsp;conmemorativa del evento.<\/li><li>Acreditaci\u00f3n y bolsa de bienvenida.&nbsp;<\/li><li>Descuentos y\/o promociones para consumiciones en la fiesta que celebraremos en la noche del s\u00e1bado (<strong>After Party<\/strong>)<\/li><li>\u00a1Y otras sorpresas que nos ofrecer\u00e1n nuestros&nbsp;<strong>patrocinadores<\/strong>!<\/li><\/ul>\n\n\n\n<p><strong>La<em> entrada Colaborador<\/em><\/strong>:<\/p>\n\n\n\n<ul class=\"wp-block-list\"><li>Incluye todo lo de la entrada est\u00e1ndar ademas de un agradecimiento en twitter y un gran agradecimiento de la comunidad.<\/li><\/ul>\n\n\n\n<div class=\"wp-block-button aligncenter\"><a class=\"wp-block-button__link\" href=\"#preguntas\">Arriba<\/a><\/div>\n\n\n\n<h3 class=\"wp-block-heading\" id=\"TODOS-los-publicos\">2) La WordCamp es para TODOS los p\u00fablicos.<\/h3>\n\n\n\n<p>Una WordCamp es para todos los p\u00fablicos, ya seas una persona que esta empezando a conoces el mundo de WordPress, como una persona desarrollada, en este evento nos unen para poder hacer crecer esta comunidad compartiendo conocimientos.<\/p>\n\n\n\n<div class=\"wp-block-button aligncenter\"><a class=\"wp-block-button__link\" href=\"#preguntas\">Arriba<\/a><\/div>\n\n\n\n<h3 class=\"wp-block-heading\" id=\"avatar\">3) \u00bfPor qu\u00e9 no se ve mi avatar?<\/h3>\n\n\n\n<p>\u00bfEntras en el listado de asistentes y no se ve tu foto? Si es as\u00ed, tampoco se ver\u00e1 en tu acreditaci\u00f3n.<\/p>\n\n\n\n<p>Utilizamos el famoso sistema&nbsp;<a href=\"https:\/\/es.gravatar.com\/\">Gravatar<\/a>&nbsp;para mostrar la foto\/avatar de los asistentes tanto en la p\u00e1gina de asistentes como en su propia acreditaci\u00f3n. Si quieres que tu foto aparezca en el listado y acreditaci\u00f3n, basta con crear una cuenta y asignarle tu avatar o foto al correo electr\u00f3nico que utilizar\u00e1s para adquirir tu entrada.<\/p>\n\n\n\n<div class=\"wp-block-button aligncenter\"><a class=\"wp-block-button__link\" href=\"#preguntas\">Arriba<\/a><\/div>\n\n\n\n<h3 class=\"wp-block-heading\" id=\"D\u00eda-de-la-Comunidad\">4) \u00bfQu\u00e9 es el \u00abD\u00eda de la Comunidad\u00bb?<\/h3>\n\n\n\n<p>Ser\u00e1 el domingo 8 de Marzo.<\/p>\n\n\n\n<p>\u00bfQu\u00e9 se puede hacer este d\u00eda?<\/p>\n\n\n\n<ul class=\"wp-block-list\"><li>Conocer otros profesionales de M\u00e1laga y aprender c\u00f3mo se mueve el sector en la ciudad.<\/li><li>Colaborar con el core de WordPress, por ejemplo a nivel de seguridad, aprender m\u00e1s sobre Gutenberg, etc.<\/li><li>Aprender \/ ayudar a revisar temas.<\/li><li>Aprender \/ ayudar a revisar plugins.<\/li><li>Aprender \/ traducir WordPress, temas y plugins a otros idiomas.<\/li><li>Aprender \/ ofrecer ayuda a otros que quieran contribuir en WordPress.<\/li><\/ul>\n\n\n\n<div class=\"wp-block-button aligncenter\"><a class=\"wp-block-button__link\" href=\"#preguntas\">Arriba<\/a><\/div>\n\n\n\n<h3 class=\"wp-block-heading\" id=\"M\u00e1laga\">5) \u00bfVienes desde otra ciudad a M\u00e1laga?<\/h3>\n\n\n\n<p>Todos los asistentes ten\u00e9is un&nbsp;<strong>descuento de un 30 %<\/strong>&nbsp;de descuento en tu billete de tren Alta Velocidad \/ Larga Distancia de Renfe. Marca el check al comprar tu entrada para recibirlo (no es un proceso autom\u00e1tico, tardaremos 24\/48 horas en envi\u00e1rtelo).<\/p>\n\n\n\n<div class=\"wp-block-button aligncenter\"><a class=\"wp-block-button__link\" href=\"#preguntas\">Arriba<\/a><\/div>\n\n\n\n<h3 class=\"wp-block-heading\" id=\"factura\">6) \u00bfC\u00f3mo puedo solicitar factura?<\/h3>\n\n\n\n<p>Para solicitar factura puedes enviarnos un mensaje a trav\u00e9s de la p\u00e1gina de&nbsp;<a href=\"https:\/\/2020.malaga.wordcamp.org\/contactar\/\">contacto<\/a>&nbsp;escribi\u00e9ndonos el nombre de cada uno de los asistentes a incluir en la factura y tus datos de facturaci\u00f3n (Raz\u00f3n social, NIF y direcci\u00f3n fiscal completa).<\/p>\n\n\n\n<div class=\"wp-block-button aligncenter\"><a class=\"wp-block-button__link\" href=\"#preguntas\">Arriba<\/a><\/div>\n\n\n\n<h3 class=\"wp-block-heading\" id=\"aclaratorias\">7) Notas aclaratorias<\/h3>\n\n\n\n<div class=\"wp-block-button aligncenter\"><a class=\"wp-block-button__link\" href=\"#preguntas\">Arriba<\/a><\/div>\n\n\n\n<p><\/p>\n","protected":false},"excerpt":{"rendered":"<p>La compra de entradas ha sido cerrada. \u00a1\u00a1Gracias a tod@s por vuestra asistencia!! Preguntas frecuentes \u00bfQu\u00e9 incluye cada tipo de entrada? La WordCamp es para TODOS los p\u00fablicos. \u00bfPor qu\u00e9 no se ve mi avatar? \u00bfQu\u00e9 es el \u00abD\u00eda de la Comunidad\u00bb? \u00bfVienes desde otra ciudad a M\u00e1laga? \u00bfC\u00f3mo puedo solicitar factura? Notas aclaratorias 1) &hellip; <a href=\"https:\/\/malaga.wordcamp.org\/2020\/compra-tu-tickets\/\" class=\"more-link\">Sigue leyendo<span class=\"screen-reader-text\"> \u00abCompra tu entrada\u00bb<\/span><\/a><\/p>\n","protected":false},"author":14461767,"featured_media":0,"parent":0,"menu_order":0,"comment_status":"closed","ping_status":"closed","template":"","meta":{"jetpack_post_was_ever_published":false,"footnotes":""},"class_list":["post-13","page","type-page","status-publish","hentry"],"jetpack-related-posts":[{"id":1690,"url":"https:\/\/malaga.wordcamp.org\/2020\/","url_meta":{"origin":13,"position":0},"title":"Inicio","author":"Luis Colome","date":"24\/02\/2020","format":false,"excerpt":"WordCamp M\u00e1laga 2020 Dos d\u00edas de aprendizaje, diversi\u00f3n y sobre todo comunidad. E.T.S. de Ingenier\u00eda Inform\u00e1tica 7 Marzo 2020 Centro de Innovaci\u00f3n Social La Noria 8 Marzo 2020 COMPRA TU ENTRADA Programa Os presentamos el programa de la WordCamp M\u00e1laga 2020 Saber m\u00e1s Localizaci\u00f3n Detallamos donde se celebrar\u00e1n los eventos\u2026","rel":"","context":"Entrada similar","block_context":{"text":"Entrada similar","link":""},"img":{"alt_text":"","src":"https:\/\/i0.wp.com\/malaga.wordcamp.org\/2020\/files\/2020\/02\/wapuu-Malaga_mdf.png?resize=350%2C200&ssl=1","width":350,"height":200},"classes":[]},{"id":11,"url":"https:\/\/malaga.wordcamp.org\/2020\/ubicacion\/","url_meta":{"origin":13,"position":1},"title":"Ubicaci\u00f3n \/ Location","author":"Fran P\u00e9rez","date":"18\/11\/2019","format":false,"excerpt":"A continuaci\u00f3n os detallamos donde se celebrar\u00e1n los dintintos eventos de la WordCamp M\u00e1laga 2020. As\u00ed c\u00f3mo los horarios y las mejores combinaciones para llegar dependiendo del modo de transporte. S\u00e1bado 7 de Marzo 2020 - D\u00eda de ponencias\u00a0 E.T.S. de Ingenier\u00eda Inform\u00e1tica Bulevar Louis Pasteur, 35, 29071 M\u00e1laga Horario:\u2026","rel":"","context":"Entrada similar","block_context":{"text":"Entrada similar","link":""},"img":{"alt_text":"","src":"https:\/\/i0.wp.com\/malaga.wordcamp.org\/2020\/files\/2019\/11\/FachadaTelecoInformaticaUma.jpg?resize=350%2C200&ssl=1","width":350,"height":200,"srcset":"https:\/\/i0.wp.com\/malaga.wordcamp.org\/2020\/files\/2019\/11\/FachadaTelecoInformaticaUma.jpg?resize=350%2C200&ssl=1 1x, https:\/\/i0.wp.com\/malaga.wordcamp.org\/2020\/files\/2019\/11\/FachadaTelecoInformaticaUma.jpg?resize=525%2C300&ssl=1 1.5x, https:\/\/i0.wp.com\/malaga.wordcamp.org\/2020\/files\/2019\/11\/FachadaTelecoInformaticaUma.jpg?resize=700%2C400&ssl=1 2x"},"classes":[]},{"id":19,"url":"https:\/\/malaga.wordcamp.org\/2020\/codigo-de-conducta\/","url_meta":{"origin":13,"position":2},"title":"C\u00f3digo de conducta","author":"Fran P\u00e9rez","date":"18\/11\/2019","format":false,"excerpt":"1. PROP\u00d3SITO WordCamp M\u00e1laga cree en una\u00a0comunidad abierta\u00a0a todo el mundo. Como tal, estamos comprometidos a proporcionar un\u00a0ambiente amigable, seguro y acogedor para todos\u00a0independientemente de su sexo, orientaci\u00f3n sexual, discapacidad, etnia, religi\u00f3n, sistema operativo preferido, lenguaje de programaci\u00f3n o editor de texto. Este c\u00f3digo de conducta resume nuestras expectativas para\u2026","rel":"","context":"Entrada similar","block_context":{"text":"Entrada similar","link":""},"img":{"alt_text":"","src":"https:\/\/i0.wp.com\/malaga.wordcamp.org\/2020\/files\/2019\/12\/mlg2020wordcamp-logo.png?fit=350%2C229&resize=350%2C200#038;ssl=1","width":350,"height":200},"classes":[]}],"jetpack_sharing_enabled":true,"_links":{"self":[{"href":"https:\/\/malaga.wordcamp.org\/2020\/wp-json\/wp\/v2\/pages\/13","targetHints":{"allow":["GET"]}}],"collection":[{"href":"https:\/\/malaga.wordcamp.org\/2020\/wp-json\/wp\/v2\/pages"}],"about":[{"href":"https:\/\/malaga.wordcamp.org\/2020\/wp-json\/wp\/v2\/types\/page"}],"author":[{"embeddable":true,"href":"https:\/\/malaga.wordcamp.org\/2020\/wp-json\/wp\/v2\/users\/14461767"}],"replies":[{"embeddable":true,"href":"https:\/\/malaga.wordcamp.org\/2020\/wp-json\/wp\/v2\/comments?post=13"}],"version-history":[{"count":22,"href":"https:\/\/malaga.wordcamp.org\/2020\/wp-json\/wp\/v2\/pages\/13\/revisions"}],"predecessor-version":[{"id":2263,"href":"https:\/\/malaga.wordcamp.org\/2020\/wp-json\/wp\/v2\/pages\/13\/revisions\/2263"}],"wp:attachment":[{"href":"https:\/\/malaga.wordcamp.org\/2020\/wp-json\/wp\/v2\/media?parent=13"}],"curies":[{"name":"wp","href":"https:\/\/api.w.org\/{rel}","templated":true}]}}