{"id":145,"date":"2019-11-29T16:01:42","date_gmt":"2019-11-29T16:01:42","guid":{"rendered":"https:\/\/2020.malaga.wordcamp.org\/?page_id=145"},"modified":"2020-01-11T11:43:04","modified_gmt":"2020-01-11T11:43:04","slug":"alojamientos","status":"publish","type":"page","link":"https:\/\/malaga.wordcamp.org\/2020\/alojamientos\/","title":{"rendered":"Alojamientos \/ Accomodations"},"content":{"rendered":"\n<p>Os dejamos algunos enlaces para posibles alojamientos en las distintas zonas de M\u00e1laga m\u00e1s cercanas a los eventos de la WordCamp 2020:<\/p>\n\n\n\n<h3 class=\"wp-block-heading\"> S\u00e1bado, d\u00eda de ponencias<\/h3>\n\n\n\n<p> Alojamientos en la zona de la E.T.S. de Ingenier\u00eda de Inform\u00e1tica:  <\/p>\n\n\n\n<div class=\"wp-block-button\"><a class=\"wp-block-button__link\" href=\"https:\/\/www.airbnb.es\/s\/M%C3%A1laga--Spain\/homes?refinement_paths%5B%5D=%2Fhomes&amp;current_tab_id=home_tab&amp;selected_tab_id=home_tab&amp;source=mc_search_bar&amp;click_referer=t%3ASEE_ALL%7Csid%3Aea4181d4-51b2-4ec6-a049-8a2a577aaaba%7Cst%3ALANDING_PAGE_MARQUEE&amp;screen_size=large&amp;hide_dates_and_guests_filters=false&amp;ne_lat=36.72679458550178&amp;ne_lng=-4.470831717921328&amp;sw_lat=36.71379161545145&amp;sw_lng=-4.484536018284643&amp;zoom=15&amp;search_by_map=true&amp;search_type=unknown&amp;adults=1\">Alojamientos Airbnb<\/a><\/div>\n\n\n\n<div class=\"wp-block-button\"><a class=\"wp-block-button__link\" href=\"https:\/\/www.booking.com\/searchresults.html?label=gen173nr-1FCAEoggI46AdIM1gEaEaIAQGYATG4ARfIAQzYAQHoAQH4AQKIAgGoAgO4Aty3qPAFwAIB&amp;sid=c5ad0d90152437238a6ff57f049eb021&amp;sb=1&amp;src=searchresults&amp;src_elem=sb&amp;error_url=https%3A%2F%2Fwww.booking.com%2Fsearchresults.html%3Flabel%3Dgen173nr-1FCAEoggI46AdIM1gEaEaIAQGYATG4ARfIAQzYAQHoAQH4AQKIAgGoAgO4Aty3qPAFwAIB%3Bsid%3Dc5ad0d90152437238a6ff57f049eb021%3Btmpl%3Dsearchresults%3Bac_click_type%3Db%3Bac_position%3D0%3Bcheckin_month%3D3%3Bcheckin_monthday%3D6%3Bcheckin_year%3D2020%3Bcheckout_month%3D3%3Bcheckout_monthday%3D8%3Bcheckout_year%3D2020%3Bclass_interval%3D1%3Bdest_id%3D-390787%3Bdest_type%3Dcity%3Bdtdisc%3D0%3Bfrom_sf%3D1%3Bgroup_adults%3D1%3Bgroup_children%3D0%3Biata%3DAGP%3Binac%3D0%3Bindex_postcard%3D0%3Blabel_click%3Dundef%3Bno_rooms%3D1%3Boffset%3D0%3Bpostcard%3D0%3Braw_dest_type%3Dcity%3Broom1%3DA%3Bsb_price_type%3Dtotal%3Bsearch_selected%3D1%3Bshw_aparth%3D1%3Bslp_r_match%3D0%3Bsrc%3Dindex%3Bsrc_elem%3Dsb%3Bsrpvid%3D99097595295a0064%3Bss%3DM%25C3%25A1laga%252C%2520Andaluc%25C3%25ADa%252C%2520Spain%3Bss_all%3D0%3Bss_raw%3DM%25C3%25A1laga%3Bssb%3Dempty%3Bsshis%3D0%3Btop_ufis%3D1%26%3B&amp;sr_autoscroll=1&amp;ss=Bulevar+Louis+Pasteur%2C+35%2C+M%C3%A1laga%2C+Spain&amp;is_ski_area=&amp;ssne=M%C3%A1laga&amp;ssne_untouched=M%C3%A1laga&amp;city=-390787&amp;checkin_year=2020&amp;checkin_month=3&amp;checkin_monthday=6&amp;checkout_year=2020&amp;checkout_month=3&amp;checkout_monthday=8&amp;group_adults=1&amp;group_children=0&amp;no_rooms=1&amp;from_sf=1&amp;ss_raw=Bulevar+Luis+Pasteur%2C+35&amp;ac_click_type=g&amp;ac_position=0&amp;dest_id=ChIJnWJZCEv3cg0RpBaXvLhrEtQ&amp;dest_type=region&amp;place_id=ChIJnWJZCEv3cg0RpBaXvLhrEtQ&amp;place_id_lat=36.714733&amp;place_id_lon=-4.4780939&amp;place_types=street_address%2Cgeocode&amp;search_pageview_id=99097595295a0064&amp;search_selected=true\">Alojamientos Booking<\/a><\/div>\n\n\n\n<div class=\"wp-block-button\"><a class=\"wp-block-button__link\" href=\"https:\/\/www.trivago.es\/?aDateRange%5Barr%5D=2020-01-11&amp;aDateRange%5Bdep%5D=2020-01-12&amp;aPriceRange%5Bfrom%5D=0&amp;aPriceRange%5Bto%5D=0&amp;iRoomType=7&amp;aRooms%5B0%5D%5Badults%5D=2&amp;cpt2=13633%2F200&amp;iViewType=0&amp;bIsSeoPage=0&amp;sortingId=6&amp;slideoutsPageItemId=&amp;iGeoDistanceLimit=2038&amp;address=Bulevar%20Louis%20Pasteur%2035&amp;addressGeoCode%5B0%5D=36.714733&amp;addressGeoCode%5B1%5D=-4.478093899999976&amp;offset=0&amp;ra=\">Alojamientos Trivago<\/a><\/div>\n\n\n\n<div style=\"height:40px\" aria-hidden=\"true\" class=\"wp-block-spacer\"><\/div>\n\n\n\n<h3 class=\"wp-block-heading\"> Domingo, D\u00eda de la comunidad <\/h3>\n\n\n\n<p> Alojamientos cercanos a La Noria:<\/p>\n\n\n\n<div class=\"wp-block-button\"><a class=\"wp-block-button__link\" href=\"https:\/\/www.airbnb.es\/s\/M%C3%A1laga--Spain\/homes?refinement_paths%5B%5D=%2Fhomes&amp;current_tab_id=home_tab&amp;selected_tab_id=home_tab&amp;source=mc_search_bar&amp;click_referer=t%3ASEE_ALL%7Csid%3Aea4181d4-51b2-4ec6-a049-8a2a577aaaba%7Cst%3ALANDING_PAGE_MARQUEE&amp;screen_size=large&amp;hide_dates_and_guests_filters=false&amp;ne_lat=36.72774631382933&amp;ne_lng=-4.426848231683152&amp;sw_lat=36.714743504907226&amp;sw_lng=-4.440552532046468&amp;zoom=15&amp;search_by_map=true&amp;search_type=unknown&amp;adults=1&amp;place_id=ChIJLSHbT8RZcg0RzzLKyZLcJWA\">Alojamientos Airbnb<\/a><\/div>\n\n\n\n<div class=\"wp-block-button\"><a class=\"wp-block-button__link\" href=\"https:\/\/www.booking.com\/searchresults.html?aid=304142&amp;label=gen173nr-1FCAEoggI46AdIM1gEaEaIAQGYATG4ARfIAQzYAQHoAQH4AQKIAgGoAgO4Aty3qPAFwAIB&amp;sid=c5ad0d90152437238a6ff57f049eb021&amp;sb=1&amp;src=searchresults&amp;src_elem=sb&amp;error_url=https%3A%2F%2Fwww.booking.com%2Fsearchresults.html%3Faid%3D304142%3Blabel%3Dgen173nr-1FCAEoggI46AdIM1gEaEaIAQGYATG4ARfIAQzYAQHoAQH4AQKIAgGoAgO4Aty3qPAFwAIB%3Bsid%3Dc5ad0d90152437238a6ff57f049eb021%3Btmpl%3Dsearchresults%3Bac_click_type%3Dg%3Bcheckin_month%3D3%3Bcheckin_monthday%3D6%3Bcheckin_year%3D2020%3Bcheckout_month%3D3%3Bcheckout_monthday%3D8%3Bcheckout_year%3D2020%3Bclass_interval%3D1%3Bdtdisc%3D0%3Bfrom_sf%3D1%3Bgroup_adults%3D1%3Bgroup_children%3D0%3Binac%3D0%3Bindex_postcard%3D0%3Blabel_click%3Dundef%3Bno_rooms%3D1%3Boffset%3D0%3Bplace_id%3DChIJnWJZCEv3cg0RpBaXvLhrEtQ%3Bplace_id_lat%3D36.714733%3Bplace_id_lon%3D-4.4780939%3Bpostcard%3D0%3Braw_dest_type%3Dregion%3Broom1%3DA%3Bsb_price_type%3Dtotal%3Bsearch_selected%3D1%3Bshw_aparth%3D1%3Bslp_r_match%3D0%3Bsrc%3Dsearchresults%3Bsrc_elem%3Dsb%3Bsrpvid%3Daeca762b4ca8003d%3Bss%3DBulevar%2520Louis%2520Pasteur%252C%252035%252C%2520M%25C3%25A1laga%252C%2520Spain%3Bss_all%3D0%3Bss_raw%3DBulevar%2520Luis%2520Pasteur%252C%252035%3Bssb%3Dempty%3Bsshis%3D0%3Bssne%3DM%25C3%25A1laga%3Bssne_untouched%3DM%25C3%25A1laga%3Btop_ufis%3D1%26%3B&amp;sr_autoscroll=1&amp;ss=Avenida+del+Arroyo+de+los+%C3%81ngeles%2C+50%2C+M%C3%A1laga%2C+Spain&amp;is_ski_area=&amp;ssne=Bulevar+Louis+Pasteur%2C+35%2C+M%C3%A1laga%2C+Spain&amp;ssne_untouched=Bulevar+Louis+Pasteur%2C+35%2C+M%C3%A1laga%2C+Spain&amp;checkin_year=2020&amp;checkin_month=3&amp;checkin_monthday=6&amp;checkout_year=2020&amp;checkout_month=3&amp;checkout_monthday=8&amp;group_adults=1&amp;group_children=0&amp;no_rooms=1&amp;from_sf=1&amp;ss_raw=C%2F+Arroyo+de+los+%C3%81ngeles%2C+50&amp;ac_click_type=g&amp;ac_position=0&amp;dest_id=ChIJqR5UVqT3cg0REUQ6ny12jPQ&amp;dest_type=region&amp;place_id=ChIJqR5UVqT3cg0REUQ6ny12jPQ&amp;place_id_lat=36.7288361&amp;place_id_lon=-4.4312157&amp;place_types=street_address%2Cgeocode&amp;search_pageview_id=aeca762b4ca8003d&amp;search_selected=true&amp;dest_id=ChIJqR5UVqT3cg0REUQ6ny12jPQ&amp;dest_type=region&amp;place_id=ChIJqR5UVqT3cg0REUQ6ny12jPQ&amp;place_id_lat=36.7288361&amp;place_id_lon=-4.4312157&amp;place_types=street_address%2Cgeocode&amp;search_pageview_id=aeca762b4ca8003d&amp;search_selected=true\">Alojamientos Booking<\/a><\/div>\n\n\n\n<div class=\"wp-block-button\"><a class=\"wp-block-button__link\" href=\"https:\/\/www.trivago.es\/?aDateRange%5Barr%5D=2020-01-11&amp;aDateRange%5Bdep%5D=2020-01-12&amp;aPriceRange%5Bfrom%5D=0&amp;aPriceRange%5Bto%5D=0&amp;iRoomType=7&amp;aRooms%5B0%5D%5Badults%5D=2&amp;cpt2=13633%2F200&amp;iViewType=0&amp;bIsSeoPage=0&amp;sortingId=6&amp;slideoutsPageItemId=&amp;iGeoDistanceLimit=2038&amp;address=Arroyo%20de%20los%20%C3%81ngeles&amp;addressGeoCode%5B0%5D=36.7299745&amp;addressGeoCode%5B1%5D=-4.431714400000033&amp;offset=0&amp;ra=\">Alojamientos Trivago<\/a><\/div>\n\n\n\n<div style=\"height:40px\" aria-hidden=\"true\" class=\"wp-block-spacer\"><\/div>\n\n\n\n<h3 class=\"wp-block-heading\">M\u00e1laga<\/h3>\n\n\n\n<p>Alojamientos en el centro. Para ambos. <strong>Recomendable si vas a estar todo  el fin de semana<\/strong> y quieres ver algo m\u00e1s bonito, ya que podr\u00e1s moverte en bus o  metro desde el centro. <\/p>\n\n\n\n<div class=\"wp-block-button\"><a class=\"wp-block-button__link\" href=\"https:\/\/www.airbnb.es\/s\/M%C3%A1laga--Spain\/homes?refinement_paths%5B%5D=%2Fhomes&amp;current_tab_id=home_tab&amp;selected_tab_id=home_tab&amp;source=mc_search_bar&amp;click_referer=t%3ASEE_ALL%7Csid%3Aea4181d4-51b2-4ec6-a049-8a2a577aaaba%7Cst%3ALANDING_PAGE_MARQUEE&amp;screen_size=large&amp;hide_dates_and_guests_filters=false&amp;ne_lat=36.72224274804052&amp;ne_lng=-4.424959956536668&amp;sw_lat=36.709239007411&amp;sw_lng=-4.438664256899983&amp;zoom=15&amp;search_by_map=true&amp;search_type=unknown&amp;adults=1\">Alojamientos Airbnb<\/a><\/div>\n\n\n\n<div class=\"wp-block-button\"><a class=\"wp-block-button__link\" href=\"https:\/\/www.booking.com\/searchresults.html?label=gen173nr-1FCAEoggI46AdIM1gEaEaIAQGYATG4ARfIAQzYAQHoAQH4AQKIAgGoAgO4Aty3qPAFwAIB&amp;sid=c5ad0d90152437238a6ff57f049eb021&amp;tmpl=searchresults&amp;ac_click_type=b&amp;ac_position=0&amp;checkin_month=3&amp;checkin_monthday=6&amp;checkin_year=2020&amp;checkout_month=3&amp;checkout_monthday=8&amp;checkout_year=2020&amp;class_interval=1&amp;dest_id=-390787&amp;dest_type=city&amp;dtdisc=0&amp;from_sf=1&amp;group_adults=1&amp;group_children=0&amp;iata=AGP&amp;inac=0&amp;index_postcard=0&amp;label_click=undef&amp;no_rooms=1&amp;postcard=0&amp;raw_dest_type=city&amp;room1=A&amp;sb_price_type=total&amp;search_selected=1&amp;shw_aparth=1&amp;slp_r_match=0&amp;src=index&amp;srpvid=99097595295a0064&amp;ss=M%C3%A1laga%2C%20Andaluc%C3%ADa%2C%20Spain&amp;ss_all=0&amp;ss_raw=M%C3%A1laga&amp;ssb=empty&amp;sshis=0&amp;top_ufis=1&amp;nflt=distance%3D1000%3B&amp;rsf=\">Alojamientos Booking<\/a><\/div>\n\n\n\n<div class=\"wp-block-button\"><a class=\"wp-block-button__link\" href=\"https:\/\/www.trivago.es\/?aDateRange%5Barr%5D=2020-01-11&amp;aDateRange%5Bdep%5D=2020-01-12&amp;aPriceRange%5Bfrom%5D=0&amp;aPriceRange%5Bto%5D=0&amp;iRoomType=7&amp;aRooms%5B0%5D%5Badults%5D=2&amp;cpt2=13633%2F200&amp;iViewType=1&amp;bIsSeoPage=0&amp;sortingId=6&amp;slideoutsPageItemId=&amp;iGeoDistanceLimit=2038&amp;address=&amp;addressGeoCode=&amp;offset=0&amp;ra=\">Alojamientos Trivago<\/a><\/div>\n\n\n\n<p><\/p>\n\n\n\n<p>No tenemos por ahora ning\u00fan acuerdo con alg\u00fan hotel, hostal o establecimiento para descuentos.<\/p>\n\n\n\n<p>Si tienes alguna duda en tu alojamiento o donde alojarte, contacta con alguno de los organizadores o asistentes que conozcas (o no) y te ayudaremos en lo posible:<br>Organizadores: <a href=\"https:\/\/2020.malaga.wordcamp.org\/organizers\/\">https:\/\/2020.malaga.wordcamp.org\/organizers\/<\/a> <br>Asistentes: <a href=\"https:\/\/2020.malaga.wordcamp.org\/attendees\">https:\/\/2020.malaga.wordcamp.org\/attendees<\/a><\/p>\n\n\n\n<p class=\"has-medium-font-size\"><strong>English<\/strong>:<\/p>\n\n\n\n<p>Here you have some links to possible accommodations in the different areas of Malaga closest to the WordCamp 2020 events:<\/p>\n\n\n\n<h3 class=\"wp-block-heading\">Saturday, <strong>Day of talks<\/strong><\/h3>\n\n\n\n<p>Accommodations in the area of the <em>E.T.S. de Ingenier\u00eda de Inform\u00e1tica<\/em>: <\/p>\n\n\n\n<div class=\"wp-block-button\"><a class=\"wp-block-button__link\" href=\"https:\/\/www.airbnb.es\/s\/M%C3%A1laga--Spain\/homes?refinement_paths%5B%5D=%2Fhomes&amp;current_tab_id=home_tab&amp;selected_tab_id=home_tab&amp;source=mc_search_bar&amp;click_referer=t%3ASEE_ALL%7Csid%3Aea4181d4-51b2-4ec6-a049-8a2a577aaaba%7Cst%3ALANDING_PAGE_MARQUEE&amp;screen_size=large&amp;hide_dates_and_guests_filters=false&amp;ne_lat=36.72679458550178&amp;ne_lng=-4.470831717921328&amp;sw_lat=36.71379161545145&amp;sw_lng=-4.484536018284643&amp;zoom=15&amp;search_by_map=true&amp;search_type=unknown&amp;adults=1\">Accommodations Airbnb<\/a><\/div>\n\n\n\n<div class=\"wp-block-button\"><a class=\"wp-block-button__link\" href=\"https:\/\/www.booking.com\/searchresults.html?label=gen173nr-1FCAEoggI46AdIM1gEaEaIAQGYATG4ARfIAQzYAQHoAQH4AQKIAgGoAgO4Aty3qPAFwAIB&amp;sid=c5ad0d90152437238a6ff57f049eb021&amp;sb=1&amp;src=searchresults&amp;src_elem=sb&amp;error_url=https%3A%2F%2Fwww.booking.com%2Fsearchresults.html%3Flabel%3Dgen173nr-1FCAEoggI46AdIM1gEaEaIAQGYATG4ARfIAQzYAQHoAQH4AQKIAgGoAgO4Aty3qPAFwAIB%3Bsid%3Dc5ad0d90152437238a6ff57f049eb021%3Btmpl%3Dsearchresults%3Bac_click_type%3Db%3Bac_position%3D0%3Bcheckin_month%3D3%3Bcheckin_monthday%3D6%3Bcheckin_year%3D2020%3Bcheckout_month%3D3%3Bcheckout_monthday%3D8%3Bcheckout_year%3D2020%3Bclass_interval%3D1%3Bdest_id%3D-390787%3Bdest_type%3Dcity%3Bdtdisc%3D0%3Bfrom_sf%3D1%3Bgroup_adults%3D1%3Bgroup_children%3D0%3Biata%3DAGP%3Binac%3D0%3Bindex_postcard%3D0%3Blabel_click%3Dundef%3Bno_rooms%3D1%3Boffset%3D0%3Bpostcard%3D0%3Braw_dest_type%3Dcity%3Broom1%3DA%3Bsb_price_type%3Dtotal%3Bsearch_selected%3D1%3Bshw_aparth%3D1%3Bslp_r_match%3D0%3Bsrc%3Dindex%3Bsrc_elem%3Dsb%3Bsrpvid%3D99097595295a0064%3Bss%3DM%25C3%25A1laga%252C%2520Andaluc%25C3%25ADa%252C%2520Spain%3Bss_all%3D0%3Bss_raw%3DM%25C3%25A1laga%3Bssb%3Dempty%3Bsshis%3D0%3Btop_ufis%3D1%26%3B&amp;sr_autoscroll=1&amp;ss=Bulevar+Louis+Pasteur%2C+35%2C+M%C3%A1laga%2C+Spain&amp;is_ski_area=&amp;ssne=M%C3%A1laga&amp;ssne_untouched=M%C3%A1laga&amp;city=-390787&amp;checkin_year=2020&amp;checkin_month=3&amp;checkin_monthday=6&amp;checkout_year=2020&amp;checkout_month=3&amp;checkout_monthday=8&amp;group_adults=1&amp;group_children=0&amp;no_rooms=1&amp;from_sf=1&amp;ss_raw=Bulevar+Luis+Pasteur%2C+35&amp;ac_click_type=g&amp;ac_position=0&amp;dest_id=ChIJnWJZCEv3cg0RpBaXvLhrEtQ&amp;dest_type=region&amp;place_id=ChIJnWJZCEv3cg0RpBaXvLhrEtQ&amp;place_id_lat=36.714733&amp;place_id_lon=-4.4780939&amp;place_types=street_address%2Cgeocode&amp;search_pageview_id=99097595295a0064&amp;search_selected=true\">Accommodations Booking<\/a><\/div>\n\n\n\n<div class=\"wp-block-button\"><a class=\"wp-block-button__link\" href=\"https:\/\/www.trivago.es\/?aDateRange%5Barr%5D=2020-01-11&amp;aDateRange%5Bdep%5D=2020-01-12&amp;aPriceRange%5Bfrom%5D=0&amp;aPriceRange%5Bto%5D=0&amp;iRoomType=7&amp;aRooms%5B0%5D%5Badults%5D=2&amp;cpt2=13633%2F200&amp;iViewType=0&amp;bIsSeoPage=0&amp;sortingId=6&amp;slideoutsPageItemId=&amp;iGeoDistanceLimit=2038&amp;address=Bulevar%20Louis%20Pasteur%2035&amp;addressGeoCode%5B0%5D=36.714733&amp;addressGeoCode%5B1%5D=-4.478093899999976&amp;offset=0&amp;ra=\">Accommodations Trivago<\/a><\/div>\n\n\n\n<div style=\"height:40px\" aria-hidden=\"true\" class=\"wp-block-spacer\"><\/div>\n\n\n\n<h3 class=\"wp-block-heading\">Sunday, Contributor Day<\/h3>\n\n\n\n<p>Accomodations near <em>La Noria<\/em> venue:<\/p>\n\n\n\n<div class=\"wp-block-button\"><a class=\"wp-block-button__link\" href=\"https:\/\/www.airbnb.es\/s\/M%C3%A1laga--Spain\/homes?refinement_paths%5B%5D=%2Fhomes&amp;current_tab_id=home_tab&amp;selected_tab_id=home_tab&amp;source=mc_search_bar&amp;click_referer=t%3ASEE_ALL%7Csid%3Aea4181d4-51b2-4ec6-a049-8a2a577aaaba%7Cst%3ALANDING_PAGE_MARQUEE&amp;screen_size=large&amp;hide_dates_and_guests_filters=false&amp;ne_lat=36.72774631382933&amp;ne_lng=-4.426848231683152&amp;sw_lat=36.714743504907226&amp;sw_lng=-4.440552532046468&amp;zoom=15&amp;search_by_map=true&amp;search_type=unknown&amp;adults=1&amp;place_id=ChIJLSHbT8RZcg0RzzLKyZLcJWA\">Accommodations Airbnb<\/a><\/div>\n\n\n\n<div class=\"wp-block-button\"><a class=\"wp-block-button__link\" href=\"https:\/\/www.booking.com\/searchresults.html?aid=304142&amp;label=gen173nr-1FCAEoggI46AdIM1gEaEaIAQGYATG4ARfIAQzYAQHoAQH4AQKIAgGoAgO4Aty3qPAFwAIB&amp;sid=c5ad0d90152437238a6ff57f049eb021&amp;sb=1&amp;src=searchresults&amp;src_elem=sb&amp;error_url=https%3A%2F%2Fwww.booking.com%2Fsearchresults.html%3Faid%3D304142%3Blabel%3Dgen173nr-1FCAEoggI46AdIM1gEaEaIAQGYATG4ARfIAQzYAQHoAQH4AQKIAgGoAgO4Aty3qPAFwAIB%3Bsid%3Dc5ad0d90152437238a6ff57f049eb021%3Btmpl%3Dsearchresults%3Bac_click_type%3Dg%3Bcheckin_month%3D3%3Bcheckin_monthday%3D6%3Bcheckin_year%3D2020%3Bcheckout_month%3D3%3Bcheckout_monthday%3D8%3Bcheckout_year%3D2020%3Bclass_interval%3D1%3Bdtdisc%3D0%3Bfrom_sf%3D1%3Bgroup_adults%3D1%3Bgroup_children%3D0%3Binac%3D0%3Bindex_postcard%3D0%3Blabel_click%3Dundef%3Bno_rooms%3D1%3Boffset%3D0%3Bplace_id%3DChIJnWJZCEv3cg0RpBaXvLhrEtQ%3Bplace_id_lat%3D36.714733%3Bplace_id_lon%3D-4.4780939%3Bpostcard%3D0%3Braw_dest_type%3Dregion%3Broom1%3DA%3Bsb_price_type%3Dtotal%3Bsearch_selected%3D1%3Bshw_aparth%3D1%3Bslp_r_match%3D0%3Bsrc%3Dsearchresults%3Bsrc_elem%3Dsb%3Bsrpvid%3Daeca762b4ca8003d%3Bss%3DBulevar%2520Louis%2520Pasteur%252C%252035%252C%2520M%25C3%25A1laga%252C%2520Spain%3Bss_all%3D0%3Bss_raw%3DBulevar%2520Luis%2520Pasteur%252C%252035%3Bssb%3Dempty%3Bsshis%3D0%3Bssne%3DM%25C3%25A1laga%3Bssne_untouched%3DM%25C3%25A1laga%3Btop_ufis%3D1%26%3B&amp;sr_autoscroll=1&amp;ss=Avenida+del+Arroyo+de+los+%C3%81ngeles%2C+50%2C+M%C3%A1laga%2C+Spain&amp;is_ski_area=&amp;ssne=Bulevar+Louis+Pasteur%2C+35%2C+M%C3%A1laga%2C+Spain&amp;ssne_untouched=Bulevar+Louis+Pasteur%2C+35%2C+M%C3%A1laga%2C+Spain&amp;checkin_year=2020&amp;checkin_month=3&amp;checkin_monthday=6&amp;checkout_year=2020&amp;checkout_month=3&amp;checkout_monthday=8&amp;group_adults=1&amp;group_children=0&amp;no_rooms=1&amp;from_sf=1&amp;ss_raw=C%2F+Arroyo+de+los+%C3%81ngeles%2C+50&amp;ac_click_type=g&amp;ac_position=0&amp;dest_id=ChIJqR5UVqT3cg0REUQ6ny12jPQ&amp;dest_type=region&amp;place_id=ChIJqR5UVqT3cg0REUQ6ny12jPQ&amp;place_id_lat=36.7288361&amp;place_id_lon=-4.4312157&amp;place_types=street_address%2Cgeocode&amp;search_pageview_id=aeca762b4ca8003d&amp;search_selected=true&amp;dest_id=ChIJqR5UVqT3cg0REUQ6ny12jPQ&amp;dest_type=region&amp;place_id=ChIJqR5UVqT3cg0REUQ6ny12jPQ&amp;place_id_lat=36.7288361&amp;place_id_lon=-4.4312157&amp;place_types=street_address%2Cgeocode&amp;search_pageview_id=aeca762b4ca8003d&amp;search_selected=true\">Accommodations Booking<\/a><\/div>\n\n\n\n<div class=\"wp-block-button\"><a class=\"wp-block-button__link\" href=\"https:\/\/www.trivago.es\/?aDateRange%5Barr%5D=2020-01-11&amp;aDateRange%5Bdep%5D=2020-01-12&amp;aPriceRange%5Bfrom%5D=0&amp;aPriceRange%5Bto%5D=0&amp;iRoomType=7&amp;aRooms%5B0%5D%5Badults%5D=2&amp;cpt2=13633%2F200&amp;iViewType=0&amp;bIsSeoPage=0&amp;sortingId=6&amp;slideoutsPageItemId=&amp;iGeoDistanceLimit=2038&amp;address=Arroyo%20de%20los%20%C3%81ngeles&amp;addressGeoCode%5B0%5D=36.7299745&amp;addressGeoCode%5B1%5D=-4.431714400000033&amp;offset=0&amp;ra=\">Accommodations Trivago<\/a><\/div>\n\n\n\n<div style=\"height:40px\" aria-hidden=\"true\" class=\"wp-block-spacer\"><\/div>\n\n\n\n<h3 class=\"wp-block-heading\">M\u00e1laga Centre<\/h3>\n\n\n\n<p>Accommodation in the city centre. For both.  Recommended if you are going to stay all weekend and want to see something more beautiful, as you can move around by bus or metro from the centre. <\/p>\n\n\n\n<div class=\"wp-block-button\"><a class=\"wp-block-button__link\" href=\"https:\/\/www.airbnb.es\/s\/M%C3%A1laga--Spain\/homes?refinement_paths%5B%5D=%2Fhomes&amp;current_tab_id=home_tab&amp;selected_tab_id=home_tab&amp;source=mc_search_bar&amp;click_referer=t%3ASEE_ALL%7Csid%3Aea4181d4-51b2-4ec6-a049-8a2a577aaaba%7Cst%3ALANDING_PAGE_MARQUEE&amp;screen_size=large&amp;hide_dates_and_guests_filters=false&amp;ne_lat=36.72224274804052&amp;ne_lng=-4.424959956536668&amp;sw_lat=36.709239007411&amp;sw_lng=-4.438664256899983&amp;zoom=15&amp;search_by_map=true&amp;search_type=unknown&amp;adults=1\">Accommodations Airbnb<\/a><\/div>\n\n\n\n<div class=\"wp-block-button\"><a class=\"wp-block-button__link\" href=\"https:\/\/www.booking.com\/searchresults.html?label=gen173nr-1FCAEoggI46AdIM1gEaEaIAQGYATG4ARfIAQzYAQHoAQH4AQKIAgGoAgO4Aty3qPAFwAIB&amp;sid=c5ad0d90152437238a6ff57f049eb021&amp;tmpl=searchresults&amp;ac_click_type=b&amp;ac_position=0&amp;checkin_month=3&amp;checkin_monthday=6&amp;checkin_year=2020&amp;checkout_month=3&amp;checkout_monthday=8&amp;checkout_year=2020&amp;class_interval=1&amp;dest_id=-390787&amp;dest_type=city&amp;dtdisc=0&amp;from_sf=1&amp;group_adults=1&amp;group_children=0&amp;iata=AGP&amp;inac=0&amp;index_postcard=0&amp;label_click=undef&amp;no_rooms=1&amp;postcard=0&amp;raw_dest_type=city&amp;room1=A&amp;sb_price_type=total&amp;search_selected=1&amp;shw_aparth=1&amp;slp_r_match=0&amp;src=index&amp;srpvid=99097595295a0064&amp;ss=M%C3%A1laga%2C%20Andaluc%C3%ADa%2C%20Spain&amp;ss_all=0&amp;ss_raw=M%C3%A1laga&amp;ssb=empty&amp;sshis=0&amp;top_ufis=1&amp;nflt=distance%3D1000%3B&amp;rsf=\">Accommodations Booking<\/a><\/div>\n\n\n\n<div class=\"wp-block-button\"><a class=\"wp-block-button__link\" href=\"https:\/\/www.trivago.es\/?aDateRange%5Barr%5D=2020-01-11&amp;aDateRange%5Bdep%5D=2020-01-12&amp;aPriceRange%5Bfrom%5D=0&amp;aPriceRange%5Bto%5D=0&amp;iRoomType=7&amp;aRooms%5B0%5D%5Badults%5D=2&amp;cpt2=13633%2F200&amp;iViewType=1&amp;bIsSeoPage=0&amp;sortingId=6&amp;slideoutsPageItemId=&amp;iGeoDistanceLimit=2038&amp;address=&amp;addressGeoCode=&amp;offset=0&amp;ra=\">Accommodations Trivago<\/a><\/div>\n\n\n\n<p><\/p>\n\n\n\n<p>We do not have any agreement with any hotel, hostel or establishment for discounts<\/p>\n\n\n\n<p>If you have any doubt about your accommodation or where to stay, contact one of the organizers or assistants you know (or not) and we will help you as much as possible:<br>Organizers: <a href=\"https:\/\/2020.malaga.wordcamp.org\/organizers\/\">https:\/\/2020.malaga.wordcamp.org\/organizers\/<\/a> <br>Attendees: <a href=\"https:\/\/2020.malaga.wordcamp.org\/attendees\">https:\/\/2020.malaga.wordcamp.org\/attendees<\/a><\/p>\n","protected":false},"excerpt":{"rendered":"<p>Os dejamos algunos enlaces para posibles alojamientos en las distintas zonas de M\u00e1laga m\u00e1s cercanas a los eventos de la WordCamp 2020: S\u00e1bado, d\u00eda de ponencias Alojamientos en la zona de la E.T.S. de Ingenier\u00eda de Inform\u00e1tica: Domingo, D\u00eda de la comunidad Alojamientos cercanos a La Noria: M\u00e1laga Alojamientos en el centro. Para ambos. Recomendable &hellip; <a href=\"https:\/\/malaga.wordcamp.org\/2020\/alojamientos\/\" class=\"more-link\">Sigue leyendo<span class=\"screen-reader-text\"> \u00abAlojamientos \/ Accomodations\u00bb<\/span><\/a><\/p>\n","protected":false},"author":15184058,"featured_media":0,"parent":0,"menu_order":0,"comment_status":"closed","ping_status":"closed","template":"","meta":{"jetpack_post_was_ever_published":false,"footnotes":""},"class_list":["post-145","page","type-page","status-publish","hentry"],"jetpack-related-posts":[{"id":11,"url":"https:\/\/malaga.wordcamp.org\/2020\/ubicacion\/","url_meta":{"origin":145,"position":0},"title":"Ubicaci\u00f3n \/ Location","author":"Fran P\u00e9rez","date":"18\/11\/2019","format":false,"excerpt":"A continuaci\u00f3n os detallamos donde se celebrar\u00e1n los dintintos eventos de la WordCamp M\u00e1laga 2020. As\u00ed c\u00f3mo los horarios y las mejores combinaciones para llegar dependiendo del modo de transporte. S\u00e1bado 7 de Marzo 2020 - D\u00eda de ponencias\u00a0 E.T.S. de Ingenier\u00eda Inform\u00e1tica Bulevar Louis Pasteur, 35, 29071 M\u00e1laga Horario:\u2026","rel":"","context":"Entrada similar","block_context":{"text":"Entrada similar","link":""},"img":{"alt_text":"","src":"https:\/\/i0.wp.com\/malaga.wordcamp.org\/2020\/files\/2019\/11\/FachadaTelecoInformaticaUma.jpg?resize=350%2C200&ssl=1","width":350,"height":200,"srcset":"https:\/\/i0.wp.com\/malaga.wordcamp.org\/2020\/files\/2019\/11\/FachadaTelecoInformaticaUma.jpg?resize=350%2C200&ssl=1 1x, https:\/\/i0.wp.com\/malaga.wordcamp.org\/2020\/files\/2019\/11\/FachadaTelecoInformaticaUma.jpg?resize=525%2C300&ssl=1 1.5x, https:\/\/i0.wp.com\/malaga.wordcamp.org\/2020\/files\/2019\/11\/FachadaTelecoInformaticaUma.jpg?resize=700%2C400&ssl=1 2x"},"classes":[]}],"jetpack_sharing_enabled":true,"_links":{"self":[{"href":"https:\/\/malaga.wordcamp.org\/2020\/wp-json\/wp\/v2\/pages\/145","targetHints":{"allow":["GET"]}}],"collection":[{"href":"https:\/\/malaga.wordcamp.org\/2020\/wp-json\/wp\/v2\/pages"}],"about":[{"href":"https:\/\/malaga.wordcamp.org\/2020\/wp-json\/wp\/v2\/types\/page"}],"author":[{"embeddable":true,"href":"https:\/\/malaga.wordcamp.org\/2020\/wp-json\/wp\/v2\/users\/15184058"}],"replies":[{"embeddable":true,"href":"https:\/\/malaga.wordcamp.org\/2020\/wp-json\/wp\/v2\/comments?post=145"}],"version-history":[{"count":12,"href":"https:\/\/malaga.wordcamp.org\/2020\/wp-json\/wp\/v2\/pages\/145\/revisions"}],"predecessor-version":[{"id":441,"href":"https:\/\/malaga.wordcamp.org\/2020\/wp-json\/wp\/v2\/pages\/145\/revisions\/441"}],"wp:attachment":[{"href":"https:\/\/malaga.wordcamp.org\/2020\/wp-json\/wp\/v2\/media?parent=145"}],"curies":[{"name":"wp","href":"https:\/\/api.w.org\/{rel}","templated":true}]}}