{"id":1690,"date":"2020-02-24T17:55:06","date_gmt":"2020-02-24T16:55:06","guid":{"rendered":"https:\/\/2020.malaga.wordcamp.org\/?page_id=1690"},"modified":"2020-03-02T07:20:39","modified_gmt":"2020-03-02T06:20:39","slug":"inicio","status":"publish","type":"page","link":"https:\/\/malaga.wordcamp.org\/2020\/","title":{"rendered":"Inicio"},"content":{"rendered":"\n<div class=\"wp-block-group alignwide has-background wcmlg-hero\" style=\"background-color:#ffffff\"><div class=\"wp-block-group__inner-container is-layout-flow wp-block-group-is-layout-flow\">\n<div class=\"wp-block-columns alignwide is-layout-flex wp-container-core-columns-is-layout-9d6595d7 wp-block-columns-is-layout-flex\">\n<div class=\"wp-block-column is-layout-flow wp-block-column-is-layout-flow\"><\/div>\n\n\n\n<div class=\"wp-block-column is-vertically-aligned-center is-layout-flow wp-block-column-is-layout-flow\">\n<h1 class=\"has-text-align-right wcmlg-hero__title wp-block-heading\">WordCamp M\u00e1laga 2020<\/h1>\n\n\n\n<p class=\"has-text-align-right wcmlg-hero__text\">Dos d\u00edas de aprendizaje, diversi\u00f3n y sobre todo comunidad.<\/p>\n\n\n\n<p class=\"has-text-align-right wcmlg-hero__text nomargin\">E.T.S. de Ingenier\u00eda Inform\u00e1tica<\/p>\n\n\n\n<h4 class=\"has-text-align-right nomargin wp-block-heading\">7 Marzo 2020<\/h4>\n\n\n\n<div style=\"height:20px\" aria-hidden=\"true\" class=\"wp-block-spacer\"><\/div>\n\n\n\n<p class=\"has-text-align-right wcmlg-hero__text nomargin\">Centro de Innovaci\u00f3n Social La Noria<\/p>\n\n\n\n<h4 class=\"has-text-align-right nomargin wp-block-heading\">8 Marzo 2020<\/h4>\n\n\n\n<div class=\"wp-block-buttons alignright cta-tickets is-layout-flex wp-block-buttons-is-layout-flex\">\n<div class=\"wp-block-button\"><a class=\"wp-block-button__link\" href=\"https:\/\/2020.malaga.wordcamp.org\/compra-tu-tickets\/\">COMPRA TU ENTRADA<\/a><\/div>\n<\/div>\n\n\n\n<p><\/p>\n<\/div>\n<\/div>\n<\/div><\/div>\n\n\n\n<div style=\"height:100px\" aria-hidden=\"true\" class=\"wp-block-spacer\"><\/div>\n\n\n\n<div class=\"wp-block-group alignfull has-background wcmlg-g-info\" style=\"background-color:#ffffff\"><div class=\"wp-block-group__inner-container is-layout-flow wp-block-group-is-layout-flow\">\n<div class=\"wp-block-columns alignwide is-layout-flex wp-container-core-columns-is-layout-9d6595d7 wp-block-columns-is-layout-flex\">\n<div class=\"wp-block-column is-layout-flow wp-block-column-is-layout-flow\">\n<h4 class=\"has-text-align-center wp-block-heading\">Programa<\/h4>\n\n\n\n<p class=\"has-text-align-center\">Os presentamos el programa de la WordCamp M\u00e1laga 2020<\/p>\n\n\n\n<div class=\"wp-block-buttons aligncenter is-layout-flex wp-block-buttons-is-layout-flex\">\n<div class=\"wp-block-button\"><a class=\"wp-block-button__link\" href=\"https:\/\/2020.malaga.wordcamp.org\/schedule\/\">Saber m\u00e1s<\/a><\/div>\n<\/div>\n<\/div>\n\n\n\n<div class=\"wp-block-column is-layout-flow wp-block-column-is-layout-flow\">\n<h4 class=\"has-text-align-center wp-block-heading\">Localizaci\u00f3n<\/h4>\n\n\n\n<p class=\"has-text-align-center\">Detallamos donde se celebrar\u00e1n los eventos de la WordCamp M\u00e1laga 2020<\/p>\n\n\n\n<div class=\"wp-block-buttons aligncenter is-layout-flex wp-block-buttons-is-layout-flex\">\n<div class=\"wp-block-button\"><a class=\"wp-block-button__link\" href=\"https:\/\/2020.malaga.wordcamp.org\/ubicacion\/\">D\u00f3nde&#8230;?<\/a><\/div>\n<\/div>\n<\/div>\n\n\n\n<div class=\"wp-block-column is-layout-flow wp-block-column-is-layout-flow\">\n<h4 class=\"has-text-align-center wp-block-heading\">Patrocinadores<\/h4>\n\n\n\n<p class=\"has-text-align-center\">Las empresas que patrocinan la WordCamp M\u00e1laga 2020<\/p>\n\n\n\n<div class=\"wp-block-buttons aligncenter is-layout-flex wp-block-buttons-is-layout-flex\">\n<div class=\"wp-block-button\"><a class=\"wp-block-button__link\" href=\"https:\/\/2020.malaga.wordcamp.org\/sponsors\/\">Leer m\u00e1s<\/a><\/div>\n<\/div>\n<\/div>\n<\/div>\n<\/div><\/div>\n\n\n\n<div style=\"height:30px\" aria-hidden=\"true\" class=\"wp-block-spacer\"><\/div>\n\n\n\n<div class=\"wp-block-group alignfull has-background wcmlg-wapuu\" style=\"background-color:#f1f1f1\"><div class=\"wp-block-group__inner-container is-layout-flow wp-block-group-is-layout-flow\">\n<div class=\"wp-block-media-text alignwide is-stacked-on-mobile\" style=\"grid-template-columns:36% auto\"><figure class=\"wp-block-media-text__media\"><img data-recalc-dims=\"1\" loading=\"lazy\" decoding=\"async\" width=\"510\" height=\"510\" src=\"https:\/\/i0.wp.com\/2020.malaga.wordcamp.org\/files\/2020\/02\/wapuu-Malaga_mdf.png?resize=510%2C510&#038;ssl=1\" alt=\"\" class=\"wp-image-1831\" srcset=\"https:\/\/i0.wp.com\/malaga.wordcamp.org\/2020\/files\/2020\/02\/wapuu-Malaga_mdf.png?w=510&amp;ssl=1 510w, https:\/\/i0.wp.com\/malaga.wordcamp.org\/2020\/files\/2020\/02\/wapuu-Malaga_mdf.png?resize=300%2C300&amp;ssl=1 300w, https:\/\/i0.wp.com\/malaga.wordcamp.org\/2020\/files\/2020\/02\/wapuu-Malaga_mdf.png?resize=150%2C150&amp;ssl=1 150w\" sizes=\"auto, (max-width: 510px) 100vw, 510px\" \/><\/figure><div class=\"wp-block-media-text__content\">\n<h2 class=\"has-text-align-right wp-block-heading\">Nuestra WordCamp\u2026.<br>Vuestra WordCamp!<\/h2>\n\n\n\n<p class=\"has-text-align-right\">Emocionad@s y muy content@s de poder estrenar y ofreceros por fin tan tit\u00e1nico evento. Os contamos que es una WordCamp, porque la hacemos y como hemos llegado hasta aqu\u00ed.<\/p>\n\n\n\n<div class=\"wp-block-buttons alignright is-layout-flex wp-block-buttons-is-layout-flex\">\n<div class=\"wp-block-button\"><a class=\"wp-block-button__link\" href=\"https:\/\/2020.malaga.wordcamp.org\/wordcamp-malaga\/welcome-to-wordcamp-malaga\/\">Leer m\u00e1s<\/a><\/div>\n<\/div>\n<\/div><\/div>\n<\/div><\/div>\n\n\n\n<div class=\"wp-block-group alignfull has-text-color has-background wcmlg-local-info\" style=\"background-color:#3474e0;color:#ffffff\"><div class=\"wp-block-group__inner-container is-layout-flow wp-block-group-is-layout-flow\">\n<div class=\"wp-block-columns alignwide is-layout-flex wp-container-core-columns-is-layout-9d6595d7 wp-block-columns-is-layout-flex\">\n<div class=\"wp-block-column is-layout-flow wp-block-column-is-layout-flow\">\n<h4 class=\"has-text-align-center wp-block-heading\">C\u00f3mo llegar a M\u00e1laga<\/h4>\n\n\n\n<p class=\"has-text-align-center\">Por carretera, en avi\u00f3n, en tren, en tren de cercan\u00edas, en autob\u00fas o en barco! <\/p>\n\n\n\n<div class=\"wp-block-buttons aligncenter is-layout-flex wp-block-buttons-is-layout-flex\">\n<div class=\"wp-block-button\"><a class=\"wp-block-button__link\" href=\"https:\/\/2020.malaga.wordcamp.org\/ubicacion\/#getting-to-mlg\">M\u00e1s info<\/a><\/div>\n<\/div>\n<\/div>\n\n\n\n<div class=\"wp-block-column is-layout-flow wp-block-column-is-layout-flow\">\n<h4 class=\"has-text-align-center wp-block-heading\">C\u00f3mo llegar a la WordCamp M\u00e1laga<\/h4>\n\n\n\n<p class=\"has-text-align-center\">Una vez en M\u00e1laga las mejores opciones para acceder al los venues donde celebraremos la Wordcamp.<\/p>\n\n\n\n<div class=\"wp-block-buttons aligncenter is-layout-flex wp-block-buttons-is-layout-flex\">\n<div class=\"wp-block-button\"><a class=\"wp-block-button__link\" href=\"https:\/\/2020.malaga.wordcamp.org\/ubicacion\/#getting-to-wcmlg\">M\u00e1s info<\/a><\/div>\n<\/div>\n<\/div>\n\n\n\n<div class=\"wp-block-column is-layout-flow wp-block-column-is-layout-flow\">\n<h4 class=\"has-text-align-center wp-block-heading\">D\u00f3nde quedarse en M\u00e1laga<\/h4>\n\n\n\n<p class=\"has-text-align-center\">Algunas opciones de alojamoientos para todo aquel que fuera y quiera pernoctar.<\/p>\n\n\n\n<div class=\"wp-block-buttons aligncenter is-layout-flex wp-block-buttons-is-layout-flex\">\n<div class=\"wp-block-button\"><a class=\"wp-block-button__link\" href=\"https:\/\/2020.malaga.wordcamp.org\/alojamientos\/\">M\u00e1s info<\/a><\/div>\n<\/div>\n<\/div>\n<\/div>\n<\/div><\/div>\n\n\n\n<div style=\"height:30px\" aria-hidden=\"true\" class=\"wp-block-spacer\"><\/div>\n\n\n\n<div class=\"wp-block-group alignfull wcmlg-news\"><div class=\"wp-block-group__inner-container is-layout-flow wp-block-group-is-layout-flow\">\n<h2 class=\"has-text-align-center wp-block-heading\">Publicaciones<\/h2>\n\n\n<ul class=\"wp-block-latest-posts__list is-grid columns-3 has-dates alignwide wp-block-latest-posts\"><li><a class=\"wp-block-latest-posts__post-title\" href=\"https:\/\/malaga.wordcamp.org\/2020\/wordcamp-malaga\/agradecimientos-especiales\/\">Agradecimientos especiales<\/a><time datetime=\"2020-03-09T20:00:00+01:00\" class=\"wp-block-latest-posts__post-date\">09\/03\/2020<\/time><\/li>\n<li><div class=\"wp-block-latest-posts__featured-image aligncenter\"><img loading=\"lazy\" decoding=\"async\" width=\"640\" height=\"360\" src=\"https:\/\/i0.wp.com\/malaga.wordcamp.org\/2020\/files\/2020\/03\/encuesta-asistentes-wordcamp-malaga-2020.jpg?fit=640%2C360&amp;ssl=1\" class=\"attachment-large size-large wp-post-image\" alt=\"\" style=\"\" srcset=\"https:\/\/i0.wp.com\/malaga.wordcamp.org\/2020\/files\/2020\/03\/encuesta-asistentes-wordcamp-malaga-2020.jpg?w=750&amp;ssl=1 750w, https:\/\/i0.wp.com\/malaga.wordcamp.org\/2020\/files\/2020\/03\/encuesta-asistentes-wordcamp-malaga-2020.jpg?resize=300%2C169&amp;ssl=1 300w, https:\/\/i0.wp.com\/malaga.wordcamp.org\/2020\/files\/2020\/03\/encuesta-asistentes-wordcamp-malaga-2020.jpg?resize=150%2C84&amp;ssl=1 150w, https:\/\/i0.wp.com\/malaga.wordcamp.org\/2020\/files\/2020\/03\/encuesta-asistentes-wordcamp-malaga-2020.jpg?resize=500%2C281&amp;ssl=1 500w\" sizes=\"auto, (max-width: 640px) 100vw, 640px\" \/><\/div><a class=\"wp-block-latest-posts__post-title\" href=\"https:\/\/malaga.wordcamp.org\/2020\/wordcamp-malaga\/survey\/\">Encuesta para asistentes \/ Attendee survey<\/a><time datetime=\"2020-03-07T20:30:00+01:00\" class=\"wp-block-latest-posts__post-date\">07\/03\/2020<\/time><\/li>\n<li><div class=\"wp-block-latest-posts__featured-image aligncenter\"><img loading=\"lazy\" decoding=\"async\" width=\"640\" height=\"360\" src=\"https:\/\/i0.wp.com\/malaga.wordcamp.org\/2020\/files\/2020\/03\/cena-asistentes.jpg?fit=640%2C360&amp;ssl=1\" class=\"attachment-large size-large wp-post-image\" alt=\"Cena asistentes WordCamp M\u00e1laga 2020\" style=\"\" srcset=\"https:\/\/i0.wp.com\/malaga.wordcamp.org\/2020\/files\/2020\/03\/cena-asistentes.jpg?w=750&amp;ssl=1 750w, https:\/\/i0.wp.com\/malaga.wordcamp.org\/2020\/files\/2020\/03\/cena-asistentes.jpg?resize=300%2C169&amp;ssl=1 300w, https:\/\/i0.wp.com\/malaga.wordcamp.org\/2020\/files\/2020\/03\/cena-asistentes.jpg?resize=150%2C84&amp;ssl=1 150w, https:\/\/i0.wp.com\/malaga.wordcamp.org\/2020\/files\/2020\/03\/cena-asistentes.jpg?resize=500%2C281&amp;ssl=1 500w\" sizes=\"auto, (max-width: 640px) 100vw, 640px\" \/><\/div><a class=\"wp-block-latest-posts__post-title\" href=\"https:\/\/malaga.wordcamp.org\/2020\/wordcamp-malaga\/cena-de-asistentes\/\">Cena de asistentes<\/a><time datetime=\"2020-03-04T09:02:03+01:00\" class=\"wp-block-latest-posts__post-date\">04\/03\/2020<\/time><\/li>\n<li><div class=\"wp-block-latest-posts__featured-image aligncenter\"><img loading=\"lazy\" decoding=\"async\" width=\"640\" height=\"360\" src=\"https:\/\/i0.wp.com\/malaga.wordcamp.org\/2020\/files\/2020\/02\/espetos-malaga-featured.jpg?fit=640%2C360&amp;ssl=1\" class=\"attachment-large size-large wp-post-image\" alt=\"\" style=\"\" srcset=\"https:\/\/i0.wp.com\/malaga.wordcamp.org\/2020\/files\/2020\/02\/espetos-malaga-featured.jpg?w=750&amp;ssl=1 750w, https:\/\/i0.wp.com\/malaga.wordcamp.org\/2020\/files\/2020\/02\/espetos-malaga-featured.jpg?resize=300%2C169&amp;ssl=1 300w, https:\/\/i0.wp.com\/malaga.wordcamp.org\/2020\/files\/2020\/02\/espetos-malaga-featured.jpg?resize=150%2C84&amp;ssl=1 150w, https:\/\/i0.wp.com\/malaga.wordcamp.org\/2020\/files\/2020\/02\/espetos-malaga-featured.jpg?resize=500%2C281&amp;ssl=1 500w\" sizes=\"auto, (max-width: 640px) 100vw, 640px\" \/><\/div><a class=\"wp-block-latest-posts__post-title\" href=\"https:\/\/malaga.wordcamp.org\/2020\/wordcamp-malaga\/cosas-que-hacer-en-malaga\/\">Cosas por ver y hacer (y comer) en M\u00e1laga<\/a><time datetime=\"2020-02-29T10:40:15+01:00\" class=\"wp-block-latest-posts__post-date\">29\/02\/2020<\/time><\/li>\n<li><div class=\"wp-block-latest-posts__featured-image aligncenter\"><img loading=\"lazy\" decoding=\"async\" width=\"640\" height=\"360\" src=\"https:\/\/i0.wp.com\/malaga.wordcamp.org\/2020\/files\/2020\/02\/rocio.jpg?fit=640%2C360&amp;ssl=1\" class=\"attachment-large size-large wp-post-image\" alt=\"\" style=\"\" srcset=\"https:\/\/i0.wp.com\/malaga.wordcamp.org\/2020\/files\/2020\/02\/rocio.jpg?w=750&amp;ssl=1 750w, https:\/\/i0.wp.com\/malaga.wordcamp.org\/2020\/files\/2020\/02\/rocio.jpg?resize=300%2C169&amp;ssl=1 300w, https:\/\/i0.wp.com\/malaga.wordcamp.org\/2020\/files\/2020\/02\/rocio.jpg?resize=150%2C84&amp;ssl=1 150w, https:\/\/i0.wp.com\/malaga.wordcamp.org\/2020\/files\/2020\/02\/rocio.jpg?resize=500%2C281&amp;ssl=1 500w\" sizes=\"auto, (max-width: 640px) 100vw, 640px\" \/><\/div><a class=\"wp-block-latest-posts__post-title\" href=\"https:\/\/malaga.wordcamp.org\/2020\/speakers\/como-se-organiza-una-wordcamp-desde-dentro\/\">C\u00f3mo se organiza una WordCamp desde dentro<\/a><time datetime=\"2020-02-28T07:00:00+01:00\" class=\"wp-block-latest-posts__post-date\">28\/02\/2020<\/time><\/li>\n<li><div class=\"wp-block-latest-posts__featured-image aligncenter\"><img loading=\"lazy\" decoding=\"async\" width=\"640\" height=\"360\" src=\"https:\/\/i0.wp.com\/malaga.wordcamp.org\/2020\/files\/2020\/02\/ana.jpg?fit=640%2C360&amp;ssl=1\" class=\"attachment-large size-large wp-post-image\" alt=\"\" style=\"\" srcset=\"https:\/\/i0.wp.com\/malaga.wordcamp.org\/2020\/files\/2020\/02\/ana.jpg?w=750&amp;ssl=1 750w, https:\/\/i0.wp.com\/malaga.wordcamp.org\/2020\/files\/2020\/02\/ana.jpg?resize=300%2C169&amp;ssl=1 300w, https:\/\/i0.wp.com\/malaga.wordcamp.org\/2020\/files\/2020\/02\/ana.jpg?resize=150%2C84&amp;ssl=1 150w, https:\/\/i0.wp.com\/malaga.wordcamp.org\/2020\/files\/2020\/02\/ana.jpg?resize=500%2C281&amp;ssl=1 500w\" sizes=\"auto, (max-width: 640px) 100vw, 640px\" \/><\/div><a class=\"wp-block-latest-posts__post-title\" href=\"https:\/\/malaga.wordcamp.org\/2020\/speakers\/disenar-para-wordpress-y-que-en-la-fase-de-desarrollo-nadie-muera-en-el-intento\/\">Dise\u00f1ar para WordPress y que en la fase de desarrollo nadie muera en el intento<\/a><time datetime=\"2020-02-28T07:00:00+01:00\" class=\"wp-block-latest-posts__post-date\">28\/02\/2020<\/time><\/li>\n<\/ul>\n\n\n<div class=\"wp-block-buttons aligncenter is-layout-flex wp-block-buttons-is-layout-flex\">\n<div class=\"wp-block-button\"><a class=\"wp-block-button__link\" href=\"https:\/\/2020.malaga.wordcamp.org\/blog\/\">Todas las publicaciones<\/a><\/div>\n<\/div>\n<\/div><\/div>\n\n\n\n<div class=\"wp-block-group alignfull has-background wcmlg-people\" style=\"background-color:#93aeba\"><div class=\"wp-block-group__inner-container is-layout-flow wp-block-group-is-layout-flow\">\n<div class=\"wp-block-columns alignwide is-layout-flex wp-container-core-columns-is-layout-9d6595d7 wp-block-columns-is-layout-flex\">\n<div class=\"wp-block-column is-vertically-aligned-center is-layout-flow wp-block-column-is-layout-flow\">\n<div class=\"wcmlg-people__container\">\n  <a href=\"https:\/\/2020.malaga.wordcamp.org\/organizadores\/\" class=\"wcmlg-people__link\">\n    <div class=\"wp-block-image\">\n      <figure class=\"aligncenter size-large is-resized\">\n        <img data-recalc-dims=\"1\" loading=\"lazy\" decoding=\"async\" src=\"https:\/\/i0.wp.com\/2020.malaga.wordcamp.org\/files\/2020\/02\/heart.png?resize=64%2C64&#038;ssl=1\" alt=\"\" class=\"wp-image-1819\" width=\"64\" height=\"64\">\n      <\/figure>\n    <\/div>\n    <h4 class=\"has-text-align-center\">Organizador@s<\/h4>\n  <\/a>\n<\/div>\n<\/div>\n\n\n\n<div class=\"wp-block-column is-vertically-aligned-center is-layout-flow wp-block-column-is-layout-flow\">\n<div class=\"wcmlg-people__container\">\n  <a href=\"https:\/\/2020.malaga.wordcamp.org\/asistentes\/\" class=\"wcmlg-people__link\">\n    <div class=\"wp-block-image\">\n      <figure class=\"aligncenter size-large is-resized\">\n        <img data-recalc-dims=\"1\" loading=\"lazy\" decoding=\"async\" src=\"https:\/\/i0.wp.com\/2020.malaga.wordcamp.org\/files\/2020\/02\/ticket.png?resize=64%2C64&#038;ssl=1\" alt=\"\" class=\"wp-image-1819\" width=\"64\" height=\"64\">\n      <\/figure>\n    <\/div>\n    <h4 class=\"has-text-align-center\">Asistentes<\/h4>\n  <\/a>\n<\/div>\n<\/div>\n\n\n\n<div class=\"wp-block-column is-vertically-aligned-center is-layout-flow wp-block-column-is-layout-flow\">\n<div class=\"wcmlg-people__container\">\n  <a href=\"https:\/\/2020.malaga.wordcamp.org\/ponentes\/\" class=\"wcmlg-people__link\">\n    <div class=\"wp-block-image\">\n      <figure class=\"aligncenter size-large is-resized\">\n        <img data-recalc-dims=\"1\" loading=\"lazy\" decoding=\"async\" src=\"https:\/\/i0.wp.com\/2020.malaga.wordcamp.org\/files\/2020\/02\/microphone.png?resize=64%2C64&#038;ssl=1\" alt=\"\" class=\"wp-image-1819\" width=\"64\" height=\"64\">\n      <\/figure>\n    <\/div>\n    <h4 class=\"has-text-align-center\">Ponentes<\/h4>\n  <\/a>\n<\/div>\n<\/div>\n<\/div>\n<\/div><\/div>\n\n\n\n<div style=\"height:40px\" aria-hidden=\"true\" class=\"wp-block-spacer\"><\/div>\n\n\n\n<div class=\"wp-block-group alignwide has-background\" style=\"background-color:#ffffff\"><div class=\"wp-block-group__inner-container is-layout-flow wp-block-group-is-layout-flow\">\n<div class=\"wp-block-media-text alignwide has-media-on-the-right is-stacked-on-mobile\" style=\"grid-template-columns:auto 32%\"><figure class=\"wp-block-media-text__media\"><img data-recalc-dims=\"1\" loading=\"lazy\" decoding=\"async\" width=\"640\" height=\"640\" src=\"https:\/\/i0.wp.com\/2020.malaga.wordcamp.org\/files\/2020\/01\/004-WordCamp-M%C3%A1laga-2020-1024x1024.png?resize=640%2C640&#038;ssl=1\" alt=\"WordCamp M\u00e1laga 2020 logo\" class=\"wp-image-903\" srcset=\"https:\/\/i0.wp.com\/malaga.wordcamp.org\/2020\/files\/2020\/01\/004-WordCamp-M%C3%A1laga-2020.png?resize=1024%2C1024&amp;ssl=1 1024w, https:\/\/i0.wp.com\/malaga.wordcamp.org\/2020\/files\/2020\/01\/004-WordCamp-M%C3%A1laga-2020.png?resize=300%2C300&amp;ssl=1 300w, https:\/\/i0.wp.com\/malaga.wordcamp.org\/2020\/files\/2020\/01\/004-WordCamp-M%C3%A1laga-2020.png?resize=150%2C150&amp;ssl=1 150w, https:\/\/i0.wp.com\/malaga.wordcamp.org\/2020\/files\/2020\/01\/004-WordCamp-M%C3%A1laga-2020.png?resize=768%2C768&amp;ssl=1 768w, https:\/\/i0.wp.com\/malaga.wordcamp.org\/2020\/files\/2020\/01\/004-WordCamp-M%C3%A1laga-2020.png?resize=1536%2C1536&amp;ssl=1 1536w, https:\/\/i0.wp.com\/malaga.wordcamp.org\/2020\/files\/2020\/01\/004-WordCamp-M%C3%A1laga-2020.png?w=2000&amp;ssl=1 2000w, https:\/\/i0.wp.com\/malaga.wordcamp.org\/2020\/files\/2020\/01\/004-WordCamp-M%C3%A1laga-2020.png?w=1280&amp;ssl=1 1280w, https:\/\/i0.wp.com\/malaga.wordcamp.org\/2020\/files\/2020\/01\/004-WordCamp-M%C3%A1laga-2020.png?w=1920&amp;ssl=1 1920w\" sizes=\"auto, (max-width: 640px) 100vw, 640px\" \/><\/figure><div class=\"wp-block-media-text__content\">\n<h4 class=\"wp-block-heading\">\u00bfQu\u00e9 representa nuestro logo?<\/h4>\n\n\n\n<p>Tratamos de condensar tres conceptos en un s\u00f3lo logo que nos permitiese tener una imagen para nuestra WordCamp pero que a la vez no fuese algo vac\u00edo.<\/p>\n\n\n\n<div class=\"wp-block-buttons is-layout-flex wp-block-buttons-is-layout-flex\">\n<div class=\"wp-block-button\"><a class=\"wp-block-button__link\" href=\"https:\/\/2020.malaga.wordcamp.org\/wordcamp-malaga\/nuestro-logo-que-representa\/\">Nuestro logo<\/a><\/div>\n<\/div>\n<\/div><\/div>\n<\/div><\/div>\n","protected":false},"excerpt":{"rendered":"<p>WordCamp M\u00e1laga 2020 Dos d\u00edas de aprendizaje, diversi\u00f3n y sobre todo comunidad. E.T.S. de Ingenier\u00eda Inform\u00e1tica 7 Marzo 2020 Centro de Innovaci\u00f3n Social La Noria 8 Marzo 2020 Programa Os presentamos el programa de la WordCamp M\u00e1laga 2020 Localizaci\u00f3n Detallamos donde se celebrar\u00e1n los eventos de la WordCamp M\u00e1laga 2020 Patrocinadores Las empresas que patrocinan &hellip; <a href=\"https:\/\/malaga.wordcamp.org\/2020\/\" class=\"more-link\">Sigue leyendo<span class=\"screen-reader-text\"> \u00abInicio\u00bb<\/span><\/a><\/p>\n","protected":false},"author":15184058,"featured_media":0,"parent":0,"menu_order":0,"comment_status":"closed","ping_status":"closed","template":"templates\/page-full-width.php","meta":{"jetpack_post_was_ever_published":false,"footnotes":""},"class_list":["post-1690","page","type-page","status-publish","hentry"],"jetpack-related-posts":[{"id":145,"url":"https:\/\/malaga.wordcamp.org\/2020\/alojamientos\/","url_meta":{"origin":1690,"position":0},"title":"Alojamientos \/ Accomodations","author":"Luis Colome","date":"29\/11\/2019","format":false,"excerpt":"Os dejamos algunos enlaces para posibles alojamientos en las distintas zonas de M\u00e1laga m\u00e1s cercanas a los eventos de la WordCamp 2020: S\u00e1bado, d\u00eda de ponencias Alojamientos en la zona de la E.T.S. de Ingenier\u00eda de Inform\u00e1tica: Alojamientos Airbnb Alojamientos Booking Alojamientos Trivago Domingo, D\u00eda de la comunidad Alojamientos cercanos\u2026","rel":"","context":"Entrada similar","block_context":{"text":"Entrada similar","link":""},"img":{"alt_text":"","src":"https:\/\/i0.wp.com\/malaga.wordcamp.org\/2020\/files\/2019\/12\/mlg2020wordcamp-logo.png?fit=350%2C229&resize=350%2C200#038;ssl=1","width":350,"height":200},"classes":[]},{"id":11,"url":"https:\/\/malaga.wordcamp.org\/2020\/ubicacion\/","url_meta":{"origin":1690,"position":1},"title":"Ubicaci\u00f3n \/ Location","author":"Fran P\u00e9rez","date":"18\/11\/2019","format":false,"excerpt":"A continuaci\u00f3n os detallamos donde se celebrar\u00e1n los dintintos eventos de la WordCamp M\u00e1laga 2020. As\u00ed c\u00f3mo los horarios y las mejores combinaciones para llegar dependiendo del modo de transporte. S\u00e1bado 7 de Marzo 2020 - D\u00eda de ponencias\u00a0 E.T.S. de Ingenier\u00eda Inform\u00e1tica Bulevar Louis Pasteur, 35, 29071 M\u00e1laga Horario:\u2026","rel":"","context":"Entrada similar","block_context":{"text":"Entrada similar","link":""},"img":{"alt_text":"","src":"https:\/\/i0.wp.com\/malaga.wordcamp.org\/2020\/files\/2019\/11\/FachadaTelecoInformaticaUma.jpg?resize=350%2C200&ssl=1","width":350,"height":200,"srcset":"https:\/\/i0.wp.com\/malaga.wordcamp.org\/2020\/files\/2019\/11\/FachadaTelecoInformaticaUma.jpg?resize=350%2C200&ssl=1 1x, https:\/\/i0.wp.com\/malaga.wordcamp.org\/2020\/files\/2019\/11\/FachadaTelecoInformaticaUma.jpg?resize=525%2C300&ssl=1 1.5x, https:\/\/i0.wp.com\/malaga.wordcamp.org\/2020\/files\/2019\/11\/FachadaTelecoInformaticaUma.jpg?resize=700%2C400&ssl=1 2x"},"classes":[]},{"id":13,"url":"https:\/\/malaga.wordcamp.org\/2020\/compra-tu-tickets\/","url_meta":{"origin":1690,"position":2},"title":"Compra tu entrada","author":"Fran P\u00e9rez","date":"03\/01\/2020","format":false,"excerpt":"La compra de entradas ha sido cerrada. \u00a1\u00a1Gracias a tod@s por vuestra asistencia!! Preguntas frecuentes \u00bfQu\u00e9 incluye cada tipo de entrada?La WordCamp es para TODOS los p\u00fablicos.\u00bfPor qu\u00e9 no se ve mi avatar?\u00bfQu\u00e9 es el \u00abD\u00eda de la Comunidad\u00bb?\u00bfVienes desde otra ciudad a M\u00e1laga?\u00bfC\u00f3mo puedo solicitar factura?Notas aclaratorias 1) \u00bfQu\u00e9\u2026","rel":"","context":"Entrada similar","block_context":{"text":"Entrada similar","link":""},"img":{"alt_text":"","src":"https:\/\/i0.wp.com\/malaga.wordcamp.org\/2020\/files\/2019\/12\/mlg2020wordcamp-logo.png?fit=350%2C229&resize=350%2C200#038;ssl=1","width":350,"height":200},"classes":[]},{"id":10,"url":"https:\/\/malaga.wordcamp.org\/2020\/sponsors\/","url_meta":{"origin":1690,"position":3},"title":"Patrocinadores \/ Sponsors","author":"Luis Colome","date":"18\/11\/2019","format":false,"excerpt":"Queremos mostrar nuestro profundo agradecimiento a los patrocinadores que han hecho nuestra primera WordCamp M\u00e1laga posible. We want to show our deep gratitude to the sponsors have made this first WordCamp Malaga posible. Patrocinadores \"caf\u00e9\" Largo Patrocinadores \"caf\u00e9\" Mitad Patrocinadores Contributor \u00bfInteresado en patrocinar la WordCamp M\u00e1laga 2020? Hecha un\u2026","rel":"","context":"Entrada similar","block_context":{"text":"Entrada similar","link":""},"img":{"alt_text":"","src":"https:\/\/i0.wp.com\/malaga.wordcamp.org\/2020\/files\/2019\/12\/mlg2020wordcamp-logo.png?fit=350%2C229&resize=350%2C200#038;ssl=1","width":350,"height":200},"classes":[]},{"id":8,"url":"https:\/\/malaga.wordcamp.org\/2020\/ponentes\/","url_meta":{"origin":1690,"position":4},"title":"Ponentes \/ Speakers","author":"Luis Colome","date":"18\/11\/2019","format":false,"excerpt":"Estamos encantad@s de presentaros a las personas que participar\u00e1n en la WordCamp M\u00e1laga 2020 como ponentes o como organizador@s de talleres.","rel":"","context":"Entrada similar","block_context":{"text":"Entrada similar","link":""},"img":{"alt_text":"","src":"https:\/\/i0.wp.com\/malaga.wordcamp.org\/2020\/files\/2019\/12\/mlg2020wordcamp-logo.png?fit=350%2C229&resize=350%2C200#038;ssl=1","width":350,"height":200},"classes":[]},{"id":151,"url":"https:\/\/malaga.wordcamp.org\/2020\/blog\/","url_meta":{"origin":1690,"position":5},"title":"Blog","author":"Luis Colome","date":"29\/11\/2019","format":false,"excerpt":"","rel":"","context":"Entrada similar","block_context":{"text":"Entrada similar","link":""},"img":{"alt_text":"","src":"https:\/\/i0.wp.com\/malaga.wordcamp.org\/2020\/files\/2019\/12\/mlg2020wordcamp-logo.png?fit=350%2C229&resize=350%2C200#038;ssl=1","width":350,"height":200},"classes":[]}],"jetpack_sharing_enabled":true,"_links":{"self":[{"href":"https:\/\/malaga.wordcamp.org\/2020\/wp-json\/wp\/v2\/pages\/1690","targetHints":{"allow":["GET"]}}],"collection":[{"href":"https:\/\/malaga.wordcamp.org\/2020\/wp-json\/wp\/v2\/pages"}],"about":[{"href":"https:\/\/malaga.wordcamp.org\/2020\/wp-json\/wp\/v2\/types\/page"}],"author":[{"embeddable":true,"href":"https:\/\/malaga.wordcamp.org\/2020\/wp-json\/wp\/v2\/users\/15184058"}],"replies":[{"embeddable":true,"href":"https:\/\/malaga.wordcamp.org\/2020\/wp-json\/wp\/v2\/comments?post=1690"}],"version-history":[{"count":81,"href":"https:\/\/malaga.wordcamp.org\/2020\/wp-json\/wp\/v2\/pages\/1690\/revisions"}],"predecessor-version":[{"id":2108,"href":"https:\/\/malaga.wordcamp.org\/2020\/wp-json\/wp\/v2\/pages\/1690\/revisions\/2108"}],"wp:attachment":[{"href":"https:\/\/malaga.wordcamp.org\/2020\/wp-json\/wp\/v2\/media?parent=1690"}],"curies":[{"name":"wp","href":"https:\/\/api.w.org\/{rel}","templated":true}]}}