{"id":19,"date":"2019-11-18T17:19:21","date_gmt":"2019-11-18T17:19:21","guid":{"rendered":"https:\/\/2020.malaga.wordcamp.org\/code-of-conduct\/"},"modified":"2020-01-13T14:03:07","modified_gmt":"2020-01-13T13:03:07","slug":"codigo-de-conducta","status":"publish","type":"page","link":"https:\/\/malaga.wordcamp.org\/2020\/codigo-de-conducta\/","title":{"rendered":"C\u00f3digo de conducta"},"content":{"rendered":"\n<div class=\"wp-block-button aligncenter\"><a class=\"wp-block-button__link\" href=\"#english\">Read in English<\/a><\/div>\n\n\n\n<div style=\"height:50px\" aria-hidden=\"true\" class=\"wp-block-spacer\"><\/div>\n\n\n\n<h2 class=\"wp-block-heading\">1. PROP\u00d3SITO<\/h2>\n\n\n\n<p><strong>WordCamp M\u00e1laga<\/strong> cree en una&nbsp;<strong>comunidad abierta<\/strong>&nbsp;a todo el mundo. Como tal, estamos comprometidos a proporcionar un<strong>&nbsp;ambiente amigable, seguro y acogedor para todos<\/strong>&nbsp;independientemente de su sexo, orientaci\u00f3n sexual, discapacidad, etnia, religi\u00f3n, sistema operativo preferido, lenguaje de programaci\u00f3n o editor de texto.<\/p>\n\n\n\n<p>Este c\u00f3digo de conducta resume nuestras expectativas para el comportamiento de los participantes, as\u00ed como las consecuencias para el comportamiento inaceptable.<\/p>\n\n\n\n<p>Instamos a todos los patrocinadores, voluntarios, ponentes, asistentes y otros participantes a que ayuden a tener una experiencia de evento segura y agradable para todos.<\/p>\n\n\n\n<h2 class=\"wp-block-heading\">2. CIUDADAN\u00cdA OPENSOURCE<\/h2>\n\n\n\n<p>Un objetivo adicional de este c\u00f3digo de conducta es&nbsp;<strong>incrementar la ciudadan\u00eda de c\u00f3digo abierto<\/strong>&nbsp;alentando a los participantes a reconocer y fortalecer las relaciones entre lo que hacemos y<strong>&nbsp;la comunidad<\/strong>&nbsp;en general.<\/p>\n\n\n\n<p>En el servicio de este objetivo, los organizadores de&nbsp;<strong>WordCamp M\u00e1laga <\/strong>recoger\u00e1n candidaturas de ciudadanos ejemplares a lo largo de todo el evento y reconocer\u00e1n selectos participantes despu\u00e9s de la conferencia en el sitio web.<\/p>\n\n\n\n<p>Si ves a alguien que est\u00e1 haciendo un esfuerzo extra para asegurar que nuestra comunidad resulte acogedora, amable, y que anime a todos los participantes a contribuir en la mayor medida posible, lo queremos saber.<\/p>\n\n\n\n<p>Puedes nominar a alguien en la mesa de registro o dici\u00e9ndolo a alg\u00fan miembro de la organizaci\u00f3n.<\/p>\n\n\n\n<h2 class=\"wp-block-heading\">3. COMPORTAMIENTO ESPERADO<\/h2>\n\n\n\n<p>Ser considerado, respetuoso y colaborativo.<br>Abstenerse de comportamiento degradante, discriminatorio o de acoso.<br>Ser consciente del entorno y de tus compa\u00f1eros participantes. Alerta a los organizadores si observas una situaci\u00f3n peligrosa o alguien en apuros.<br>Participa de una manera aut\u00e9ntica y activa. Al hacerlo, est\u00e1s ayudando a que&nbsp;<strong>WordCamp M\u00e1laga<\/strong> sea una realidad.<\/p>\n\n\n\n<h2 class=\"wp-block-heading\">4. COMPORTAMIENTO INACEPTABLE<\/h2>\n\n\n\n<p>Como comportamientos inaceptables se incluyen: intimidatorio, acosador, abusivo, conducta discriminatoria, despectiva o degradante por cualquier asistente de <strong>WordCamp M\u00e1laga<\/strong> y eventos relacionados. El lugar donde se realiza&nbsp;<strong>WordCamp M\u00e1laga <\/strong>es un lugar emblem\u00e1tico y puede ser compartido con otros visitantes; por favor, s\u00e9 respetuoso con todos los visitantes de este lugar y con el propio entorno.<\/p>\n\n\n\n<p>El acoso incluye: comentarios verbales ofensivos relacionados con el g\u00e9nero, la orientaci\u00f3n sexual, la raza, la religi\u00f3n, la discapacidad; uso inadecuado de desnudez y\/o im\u00e1genes sexuales en espacios p\u00fablicos (incluyendo diapositivas de la presentaci\u00f3n); intimidaci\u00f3n deliberada, acecho o acoso con fotograf\u00eda o grabaci\u00f3n; interrupci\u00f3n sostenida de charlas y otros eventos; contacto f\u00edsico inapropiado y atenci\u00f3n sexual no deseada.<\/p>\n\n\n\n<h2 class=\"wp-block-heading\">5. CONSECUENCIAS DE UN COMPORTAMIENTO INACEPTABLE<\/h2>\n\n\n\n<p>El comportamiento inaceptable no ser\u00e1 tolerado. Ya sea por parte de los asistentes, organizadores, personal local, patrocinadores u otros patronos de lugares&nbsp;<strong>WordCamp M\u00e1laga<\/strong>.<\/p>\n\n\n\n<p>Se espera que cualquiera cumpla inmediatamente en caso de que se le llame la atenci\u00f3n por un comportamiento inaceptable.<\/p>\n\n\n\n<p>Si un participante se involucra en una conducta inaceptable, los organizadores de la conferencia pueden tomar cualquier acci\u00f3n que consideren apropiada, incluso la expulsi\u00f3n de la conferencia sin previo aviso o reembolso si fuera necesario.<\/p>\n\n\n\n<h2 class=\"wp-block-heading\">6. \u00bfQU\u00c9 HACER SI ERES TESTIGO U OBJETO DE UN COMPORTAMIENTO INACEPTABLE?<\/h2>\n\n\n\n<p>Si est\u00e1s involucrado en un comportamiento inaceptable, eres testigo de otra persona con dicho comportamiento o tienes otras preocupaciones, por favor notif\u00edcalo a un organizador de la conferencia tan pronto como sea posible.<\/p>\n\n\n\n<p>El equipo de&nbsp;<strong>WordCamp M\u00e1laga <\/strong>estar\u00e1 disponible para ayudar a los participantes de contactos de seguridad local o para ofrecer cualquier tipo de ayuda a aquellos que experimentan un comportamiento inaceptable.<\/p>\n\n\n\n<p>Durante el evento, los voluntarios vestir\u00e1n diferente al resto de asistentes. Cualquier voluntario puede ponerse en contacto con un organizador de la conferencia. Tambi\u00e9n puede venir a la mesa de inscripci\u00f3n en el vest\u00edbulo y preguntar por los organizadores.<\/p>\n\n\n\n<h2 class=\"wp-block-heading\">7. \u00c1MBITO DE APLICACI\u00d3N<\/h2>\n\n\n\n<p>Esperamos que todos los participantes de la conferencia (patrocinadores, voluntarios, ponentes, asistentes y otros invitados) cumplan con el c\u00f3digo de conducta en todas las salas de conferencias y eventos relacionados con la conferencia.<\/p>\n\n\n\n<h2 class=\"wp-block-heading\">8. INFORMACI\u00d3N DE CONTACTO<\/h2>\n\n\n\n<p>Si te ves en la necesidad de contactar con nosotros,&nbsp;<a href=\"https:\/\/2020.malaga.wordcamp.org\/contactar\/\">esta p\u00e1gina<\/a>&nbsp;tiene toda la informaci\u00f3n necesaria.<\/p>\n\n\n\n<h2 class=\"wp-block-heading\">9. LICENCIA Y ATRIBUCI\u00d3N<\/h2>\n\n\n\n<p>Este C\u00f3digo de Conducta es una copia directa del impresionante trabajo del Open Source Bridge, pero sustituido con nuestra informaci\u00f3n del evento. El original est\u00e1 disponible en<br><a href=\"http:\/\/opensourcebridge.org\/about\/code-of-conduct\/\">http:\/\/opensourcebridge.org\/about\/code-of-conduct\/<\/a>&nbsp;y est\u00e1 liberado bajo una Licencia de&nbsp;<strong>Creative Commons Attribution-ShareAlike<\/strong>.<\/p>\n\n\n\n<div style=\"height:50px\" aria-hidden=\"true\" class=\"wp-block-spacer\"><\/div>\n\n\n\n<hr class=\"wp-block-separator is-style-default\" \/>\n\n\n\n<div style=\"height:50px\" aria-hidden=\"true\" class=\"wp-block-spacer\"><\/div>\n\n\n\n<h2 class=\"wp-block-heading\" id=\"english\">1. PURPOSE<\/h2>\n\n\n\n<p><strong>WordCamp M\u00e1laga<\/strong> believes our community should be truly open for everyone. As such, we are committed to providing a friendly, safe and welcoming environment for all, regardless of gender, sexual orientation, disability, ethnicity, religion, preferred operating system, programming language, or text editor.<\/p>\n\n\n\n<p>This code of conduct outlines our expectations for participant behavior as well as the consequences for unacceptable behavior.<\/p>\n\n\n\n<p>We invite all sponsors, volunteers, speakers, attendees, and other participants to help us realize a safe and positive conference experience for everyone.<\/p>\n\n\n\n<h2 class=\"wp-block-heading\">2. OPEN SOURCE CITIZENSHIP<\/h2>\n\n\n\n<p>A supplemental goal of this code of conduct is to increase open source citizenship by encouraging participants to recognize and strengthen the relationships between what we do and the community at large.<\/p>\n\n\n\n<p>In service of this goal, <strong>WordCamp M\u00e1laga<\/strong> organizers will be taking nominations for exemplary citizens throughout the event and will recognize select participants after the conference on the website.<\/p>\n\n\n\n<p>If you see someone who is making an extra effort to ensure our community is welcoming, friendly, and encourages all participants to contribute to the fullest extent, we want to know. You can nominate someone at the Registration table or online at URL HERE.<\/p>\n\n\n\n<h2 class=\"wp-block-heading\">3. EXPECTED BEHAVIOR<\/h2>\n\n\n\n<p>Be considerate, respectful, and collaborative.<\/p>\n\n\n\n<p>Refrain from demeaning, discriminatory or harassing behavior and speech.<\/p>\n\n\n\n<p>Be mindful of your surroundings and of your fellow participants. Alert conference organizers if you notice a dangerous situation or someone in distress.<\/p>\n\n\n\n<p>Participate in an authentic and active way. In doing so, you help to create <strong>WordCamp M\u00e1laga<\/strong> and make it your own.<\/p>\n\n\n\n<h2 class=\"wp-block-heading\">4. UNACCEPTABLE BEHAVIOR<\/h2>\n\n\n\n<p>Unacceptable behaviors include: intimidating, harassing, abusive, discriminatory, derogatory or demeaning conduct by any attendees of <strong>WordCamp M\u00e1laga<\/strong> and related events. All <strong>WordCamp M\u00e1laga<\/strong> venues may be shared with members of the public; please be respectful to all patrons of these locations.<\/p>\n\n\n\n<p>Harassment includes: offensive verbal comments related to gender, sexual orientation, race, religion, disability; inappropriate use of nudity and\/or sexual images in public spaces (including presentation slides); deliberate intimidation, stalking or following; harassing photography or recording; sustained disruption of talks or other events; inappropriate physical contact, and unwelcome sexual attention.<\/p>\n\n\n\n<h2 class=\"wp-block-heading\">5. CONSEQUENCES OF UNACCEPTABLE BEHAVIOR<\/h2>\n\n\n\n<p>Unacceptable behavior will not be tolerated whether by other attendees, organizers, venue staff, sponsors, or other patrons of <strong>WordCamp M\u00e1laga<\/strong> venues.<\/p>\n\n\n\n<p>Anyone asked to stop unacceptable behavior is expected to comply immediately.<\/p>\n\n\n\n<p>If a participant engages in unacceptable behavior, the conference organizers may take any action they deem appropriate, up to and including expulsion from the conference without warning or refund.<\/p>\n\n\n\n<h2 class=\"wp-block-heading\">6. WHAT TO DO IF YOU WITNESS OR ARE SUBJECT TO UNACCEPTABLE BEHAVIOR<\/h2>\n\n\n\n<p>If you are subject to unacceptable behavior, notice that someone else is being subject to unacceptable behavior, or have any other concerns, please notify a conference organizer as soon as possible.<\/p>\n\n\n\n<p>The <strong>WordCamp M\u00e1laga<\/strong> team will be available to help participants contact venue security or local law enforcement, to provide escorts, or to otherwise assist those experiencing unacceptable behavior to feel safe for the duration of the conference.<\/p>\n\n\n\n<p>Volunteers will be wearing differente. Any volunteer can connect you with a conference organizer. You can also come to the special registration desk in the lobby and ask for the organizers.<\/p>\n\n\n\n<h2 class=\"wp-block-heading\">7. SCOPE<\/h2>\n\n\n\n<p>We expect all conference participants (sponsors, volunteers, speakers, attendees, and other guests) to abide by this code of conduct at all conference venues and conference-related social events.<\/p>\n\n\n\n<h2 class=\"wp-block-heading\">8. CONTACT INFORMATION<\/h2>\n\n\n\n<p><a href=\"https:\/\/2019.granada.wordcamp.org\/asistentes\/contacto\/\">Contact info here!<\/a>&nbsp;Make sure this includes a way to access the organizers during the event.<\/p>\n\n\n\n<h2 class=\"wp-block-heading\">9. LICENSE AND ATTRIBUTION<\/h2>\n\n\n\n<p>This Code of Conduct is a direct swipe from the awesome work of Open Source Bridge, but with our event information substituted. The original is available at&nbsp;<a href=\"http:\/\/opensourcebridge.org\/about\/code-of-conduct\/\">http:\/\/opensourcebridge.org\/about\/code-of-conduct\/<\/a>&nbsp;and is released under a Creative Commons Attribution-ShareAlike license.<br><\/p>\n","protected":false},"excerpt":{"rendered":"<p>1. PROP\u00d3SITO WordCamp M\u00e1laga cree en una&nbsp;comunidad abierta&nbsp;a todo el mundo. Como tal, estamos comprometidos a proporcionar un&nbsp;ambiente amigable, seguro y acogedor para todos&nbsp;independientemente de su sexo, orientaci\u00f3n sexual, discapacidad, etnia, religi\u00f3n, sistema operativo preferido, lenguaje de programaci\u00f3n o editor de texto. Este c\u00f3digo de conducta resume nuestras expectativas para el comportamiento de los participantes, &hellip; <a href=\"https:\/\/malaga.wordcamp.org\/2020\/codigo-de-conducta\/\" class=\"more-link\">Sigue leyendo<span class=\"screen-reader-text\"> \u00abC\u00f3digo de conducta\u00bb<\/span><\/a><\/p>\n","protected":false},"author":14461767,"featured_media":0,"parent":0,"menu_order":0,"comment_status":"closed","ping_status":"closed","template":"","meta":{"jetpack_post_was_ever_published":false,"footnotes":""},"class_list":["post-19","page","type-page","status-publish","hentry"],"jetpack-related-posts":[{"id":8,"url":"https:\/\/malaga.wordcamp.org\/2020\/ponentes\/","url_meta":{"origin":19,"position":0},"title":"Ponentes \/ Speakers","author":"Luis Colome","date":"18\/11\/2019","format":false,"excerpt":"Estamos encantad@s de presentaros a las personas que participar\u00e1n en la WordCamp M\u00e1laga 2020 como ponentes o como organizador@s de talleres.","rel":"","context":"Entrada similar","block_context":{"text":"Entrada similar","link":""},"img":{"alt_text":"","src":"https:\/\/i0.wp.com\/malaga.wordcamp.org\/2020\/files\/2019\/12\/mlg2020wordcamp-logo.png?fit=350%2C229&resize=350%2C200#038;ssl=1","width":350,"height":200},"classes":[]},{"id":13,"url":"https:\/\/malaga.wordcamp.org\/2020\/compra-tu-tickets\/","url_meta":{"origin":19,"position":1},"title":"Compra tu entrada","author":"Fran P\u00e9rez","date":"03\/01\/2020","format":false,"excerpt":"La compra de entradas ha sido cerrada. \u00a1\u00a1Gracias a tod@s por vuestra asistencia!! Preguntas frecuentes \u00bfQu\u00e9 incluye cada tipo de entrada?La WordCamp es para TODOS los p\u00fablicos.\u00bfPor qu\u00e9 no se ve mi avatar?\u00bfQu\u00e9 es el \u00abD\u00eda de la Comunidad\u00bb?\u00bfVienes desde otra ciudad a M\u00e1laga?\u00bfC\u00f3mo puedo solicitar factura?Notas aclaratorias 1) \u00bfQu\u00e9\u2026","rel":"","context":"Entrada similar","block_context":{"text":"Entrada similar","link":""},"img":{"alt_text":"","src":"https:\/\/i0.wp.com\/malaga.wordcamp.org\/2020\/files\/2019\/12\/mlg2020wordcamp-logo.png?fit=350%2C229&resize=350%2C200#038;ssl=1","width":350,"height":200},"classes":[]},{"id":11,"url":"https:\/\/malaga.wordcamp.org\/2020\/ubicacion\/","url_meta":{"origin":19,"position":2},"title":"Ubicaci\u00f3n \/ Location","author":"Fran P\u00e9rez","date":"18\/11\/2019","format":false,"excerpt":"A continuaci\u00f3n os detallamos donde se celebrar\u00e1n los dintintos eventos de la WordCamp M\u00e1laga 2020. As\u00ed c\u00f3mo los horarios y las mejores combinaciones para llegar dependiendo del modo de transporte. S\u00e1bado 7 de Marzo 2020 - D\u00eda de ponencias\u00a0 E.T.S. de Ingenier\u00eda Inform\u00e1tica Bulevar Louis Pasteur, 35, 29071 M\u00e1laga Horario:\u2026","rel":"","context":"Entrada similar","block_context":{"text":"Entrada similar","link":""},"img":{"alt_text":"","src":"https:\/\/i0.wp.com\/malaga.wordcamp.org\/2020\/files\/2019\/11\/FachadaTelecoInformaticaUma.jpg?resize=350%2C200&ssl=1","width":350,"height":200,"srcset":"https:\/\/i0.wp.com\/malaga.wordcamp.org\/2020\/files\/2019\/11\/FachadaTelecoInformaticaUma.jpg?resize=350%2C200&ssl=1 1x, https:\/\/i0.wp.com\/malaga.wordcamp.org\/2020\/files\/2019\/11\/FachadaTelecoInformaticaUma.jpg?resize=525%2C300&ssl=1 1.5x, https:\/\/i0.wp.com\/malaga.wordcamp.org\/2020\/files\/2019\/11\/FachadaTelecoInformaticaUma.jpg?resize=700%2C400&ssl=1 2x"},"classes":[]}],"jetpack_sharing_enabled":true,"_links":{"self":[{"href":"https:\/\/malaga.wordcamp.org\/2020\/wp-json\/wp\/v2\/pages\/19","targetHints":{"allow":["GET"]}}],"collection":[{"href":"https:\/\/malaga.wordcamp.org\/2020\/wp-json\/wp\/v2\/pages"}],"about":[{"href":"https:\/\/malaga.wordcamp.org\/2020\/wp-json\/wp\/v2\/types\/page"}],"author":[{"embeddable":true,"href":"https:\/\/malaga.wordcamp.org\/2020\/wp-json\/wp\/v2\/users\/14461767"}],"replies":[{"embeddable":true,"href":"https:\/\/malaga.wordcamp.org\/2020\/wp-json\/wp\/v2\/comments?post=19"}],"version-history":[{"count":10,"href":"https:\/\/malaga.wordcamp.org\/2020\/wp-json\/wp\/v2\/pages\/19\/revisions"}],"predecessor-version":[{"id":481,"href":"https:\/\/malaga.wordcamp.org\/2020\/wp-json\/wp\/v2\/pages\/19\/revisions\/481"}],"wp:attachment":[{"href":"https:\/\/malaga.wordcamp.org\/2020\/wp-json\/wp\/v2\/media?parent=19"}],"curies":[{"name":"wp","href":"https:\/\/api.w.org\/{rel}","templated":true}]}}