{"id":11,"date":"2024-11-11T12:14:22","date_gmt":"2024-11-11T11:14:22","guid":{"rendered":"https:\/\/malaga.wordcamp.org\/2025\/location\/"},"modified":"2025-02-05T13:16:40","modified_gmt":"2025-02-05T12:16:40","slug":"ubicacion","status":"publish","type":"page","link":"https:\/\/malaga.wordcamp.org\/2025\/ubicacion\/","title":{"rendered":"Ubicaci\u00f3n"},"content":{"rendered":"\n<div style=\"height:50px\" aria-hidden=\"true\" class=\"wp-block-spacer\"><\/div>\n\n\n\n<h2 class=\"wp-block-heading\">\u00a1WordCamp M\u00e1laga 2025 te espera!<\/h2>\n\n\n\n<p>Este a\u00f1o, nos vemos en un lugar incre\u00edble: las instalaciones del <strong>Albergue Inturjoven Torremolinos<\/strong>. Un espacio amplio, c\u00f3modo y con capacidad para m\u00e1s de 160 personas, perfecto para que disfrutemos juntos de todo lo que nos trae la inteligencia artificial.<\/p>\n\n\n\n<p>Prepara tus ganas de aprender, conectar y pasarlo bien porque esta WordCamp promete ser un encuentro \u00e9pico entre mentes curiosas y creativas. \u00bfListo para explorar el futuro de la IA? \u00a1Te esperamos!<\/p>\n\n\n\n<div style=\"height:25px\" aria-hidden=\"true\" class=\"wp-block-spacer\"><\/div>\n\n\n\n<div class=\"wp-block-columns is-layout-flex wp-container-core-columns-is-layout-28f84493 wp-block-columns-is-layout-flex\">\n<div class=\"wp-block-column is-vertically-aligned-center has-custom-color-1-background-color has-background is-layout-flow wp-container-core-column-is-layout-4a56171c wp-block-column-is-layout-flow\" style=\"padding-top:var(--wp--preset--spacing--10);padding-right:var(--wp--preset--spacing--10);padding-bottom:var(--wp--preset--spacing--10);padding-left:var(--wp--preset--spacing--10)\">\n<h3 class=\"wp-block-heading has-text-align-center\"><strong>Ubicaci\u00f3n<\/strong><\/h3>\n\n\n\n<p class=\"has-text-align-center\">Av. Carlota Alessandri, 127, 29620 Torremolinos, M\u00e1laga.<\/p>\n<\/div>\n\n\n\n<div class=\"wp-block-column has-custom-color-1-background-color has-background is-layout-flow wp-container-core-column-is-layout-4a56171c wp-block-column-is-layout-flow\" style=\"padding-top:var(--wp--preset--spacing--10);padding-right:var(--wp--preset--spacing--10);padding-bottom:var(--wp--preset--spacing--10);padding-left:var(--wp--preset--spacing--10)\">\n<h3 class=\"wp-block-heading has-text-align-center\"><strong><strong>Cercan\u00edas<\/strong><\/strong><\/h3>\n\n\n\n<p class=\"has-text-align-center\">S\u00fabete a la l\u00ednea C1 y b\u00e1jate en la estaci\u00f3n del Pinillo.<\/p>\n<\/div>\n\n\n\n<div class=\"wp-block-column has-custom-color-1-background-color has-background is-layout-flow wp-container-core-column-is-layout-4a56171c wp-block-column-is-layout-flow\" style=\"padding-top:var(--wp--preset--spacing--10);padding-right:var(--wp--preset--spacing--10);padding-bottom:var(--wp--preset--spacing--10);padding-left:var(--wp--preset--spacing--10)\">\n<h3 class=\"wp-block-heading has-text-align-center\"><strong><strong>Autob\u00fas<\/strong><\/strong><\/h3>\n\n\n\n<p class=\"has-text-align-center\">Parada de bus a escasos metros procedentes de toda M\u00e1laga.<\/p>\n<\/div>\n<\/div>\n\n\n\n<figure class=\"wp-block-gallery has-nested-images columns-default is-cropped gallery has-base-2-background-color has-background wp-block-gallery-1 is-layout-flex wp-block-gallery-is-layout-flex\">\n<figure class=\"wp-block-image size-full has-custom-border\"><img loading=\"lazy\" decoding=\"async\" width=\"680\" height=\"478\" data-id=\"325\" src=\"https:\/\/malaga.wordcamp.org\/2025\/files\/2024\/12\/2018-12-05.jpg\" alt=\"\" class=\"wp-image-325\" style=\"border-radius:1em\" srcset=\"https:\/\/malaga.wordcamp.org\/2025\/files\/2024\/12\/2018-12-05.jpg 680w, https:\/\/malaga.wordcamp.org\/2025\/files\/2024\/12\/2018-12-05-300x211.jpg 300w, https:\/\/malaga.wordcamp.org\/2025\/files\/2024\/12\/2018-12-05-427x300.jpg 427w\" sizes=\"auto, (max-width: 680px) 100vw, 680px\" \/><\/figure>\n\n\n\n<figure class=\"wp-block-image size-full has-custom-border\"><img loading=\"lazy\" decoding=\"async\" width=\"1024\" height=\"720\" data-id=\"323\" src=\"https:\/\/malaga.wordcamp.org\/2025\/files\/2024\/12\/118521888.jpg\" alt=\"\" class=\"wp-image-323\" style=\"border-radius:1em\" srcset=\"https:\/\/malaga.wordcamp.org\/2025\/files\/2024\/12\/118521888.jpg 1024w, https:\/\/malaga.wordcamp.org\/2025\/files\/2024\/12\/118521888-300x211.jpg 300w, https:\/\/malaga.wordcamp.org\/2025\/files\/2024\/12\/118521888-768x540.jpg 768w, https:\/\/malaga.wordcamp.org\/2025\/files\/2024\/12\/118521888-427x300.jpg 427w\" sizes=\"auto, (max-width: 1024px) 100vw, 1024px\" \/><\/figure>\n\n\n\n<figure class=\"wp-block-image size-full has-custom-border\"><img loading=\"lazy\" decoding=\"async\" width=\"1024\" height=\"720\" data-id=\"324\" src=\"https:\/\/malaga.wordcamp.org\/2025\/files\/2024\/12\/118521883.jpg\" alt=\"\" class=\"wp-image-324\" style=\"border-radius:1em\" srcset=\"https:\/\/malaga.wordcamp.org\/2025\/files\/2024\/12\/118521883.jpg 1024w, https:\/\/malaga.wordcamp.org\/2025\/files\/2024\/12\/118521883-300x211.jpg 300w, https:\/\/malaga.wordcamp.org\/2025\/files\/2024\/12\/118521883-768x540.jpg 768w, https:\/\/malaga.wordcamp.org\/2025\/files\/2024\/12\/118521883-427x300.jpg 427w\" sizes=\"auto, (max-width: 1024px) 100vw, 1024px\" \/><\/figure>\n<\/figure>\n\n\n\n<p>Para m\u00e1s informaci\u00f3n sobre el autob\u00fas consulta los horarios en la web del <a href=\"https:\/\/siu.ctmam.ctan.es\/es\/horarios.php\" target=\"_blank\" rel=\"noreferrer noopener\">consorcio de M\u00e1laga<\/a> parada de bus \u00abCentro De Salud Carihuela\u00bb l\u00edneas: Avanza L302, M110, M112, M116, M120, M121 M123, M124 y M126.<\/p>\n\n\n\n<div style=\"height:72px\" aria-hidden=\"true\" class=\"wp-block-spacer\"><\/div>\n\n\n\n<h2 class=\"wp-block-heading\">Alojamiento<\/h2>\n\n\n\n<p>El albergue dispone de alojamiento que podr\u00e1s reservar desde su <a href=\"https:\/\/www.inturjoven.com\/albergues\/malaga\/albergue-inturjoven-torremolinos\" target=\"_blank\" rel=\"noreferrer noopener\">p\u00e1gina oficial<\/a>. Las habitaciones son de 3 y 4 personas. Si reservas para menos personas que las que admite la habitaci\u00f3n, te cobrar\u00e1n un \u00absuplemento de cama no ocupada\u00bb. As\u00ed que te animamos a buscar compa\u00f1eros de finde para que os salga m\u00e1s econ\u00f3mico a todos y tambi\u00e9n para que m\u00e1s personas puedan disfrutar del alojamiento en el mismo espacio del evento.<\/p>\n\n\n\n<p>Tambi\u00e9n puedes entrar en el grupo de Telegram del evento y buscar compa\u00f1eros de habitaci\u00f3n en el canal \u00abalojamiento\u00bb.<\/p>\n\n\n\n<div class=\"wp-block-buttons is-layout-flex wp-block-buttons-is-layout-flex\">\n<div class=\"wp-block-button\"><a class=\"wp-block-button__link wp-element-button\" href=\"https:\/\/t.me\/+dfI9-WxYbhgzYjA0\">\u00daNETE A WORDCAMP M\u00c1LAGA EN TELEGRAM<\/a><\/div>\n<\/div>\n\n\n\n<p>IMPORTANTE: Para alojarse en el albergue hace falta estar en posesi\u00f3n del carnet de alberguista. Por la web puedes adquirir los que son v\u00e1lidos para 1 o 2 a\u00f1os, pero en el propio albergue, a tu llegada, podr\u00e1s adquirir el que es v\u00e1lido para 1 mes (Welcome Pass).<\/p>\n\n\n\n<div style=\"height:72px\" aria-hidden=\"true\" class=\"wp-block-spacer\"><\/div>\n","protected":false},"excerpt":{"rendered":"<p>\u00a1WordCamp M\u00e1laga 2025 te espera! Este a\u00f1o, nos vemos en un lugar incre\u00edble: las instalaciones del Albergue Inturjoven Torremolinos. Un espacio amplio, c\u00f3modo y con capacidad para m\u00e1s de 160 personas, perfecto para que disfrutemos juntos de todo lo que nos trae la inteligencia artificial. Prepara tus ganas de aprender, conectar y pasarlo bien porque [&hellip;]<\/p>\n","protected":false},"author":10175439,"featured_media":325,"parent":0,"menu_order":0,"comment_status":"closed","ping_status":"closed","template":"","meta":{"jetpack_post_was_ever_published":false,"footnotes":""},"class_list":["post-11","page","type-page","status-publish","has-post-thumbnail","hentry"],"jetpack_sharing_enabled":true,"_links":{"self":[{"href":"https:\/\/malaga.wordcamp.org\/2025\/wp-json\/wp\/v2\/pages\/11","targetHints":{"allow":["GET"]}}],"collection":[{"href":"https:\/\/malaga.wordcamp.org\/2025\/wp-json\/wp\/v2\/pages"}],"about":[{"href":"https:\/\/malaga.wordcamp.org\/2025\/wp-json\/wp\/v2\/types\/page"}],"author":[{"embeddable":true,"href":"https:\/\/malaga.wordcamp.org\/2025\/wp-json\/wp\/v2\/users\/10175439"}],"replies":[{"embeddable":true,"href":"https:\/\/malaga.wordcamp.org\/2025\/wp-json\/wp\/v2\/comments?post=11"}],"version-history":[{"count":38,"href":"https:\/\/malaga.wordcamp.org\/2025\/wp-json\/wp\/v2\/pages\/11\/revisions"}],"predecessor-version":[{"id":1731,"href":"https:\/\/malaga.wordcamp.org\/2025\/wp-json\/wp\/v2\/pages\/11\/revisions\/1731"}],"wp:featuredmedia":[{"embeddable":true,"href":"https:\/\/malaga.wordcamp.org\/2025\/wp-json\/wp\/v2\/media\/325"}],"wp:attachment":[{"href":"https:\/\/malaga.wordcamp.org\/2025\/wp-json\/wp\/v2\/media?parent=11"}],"curies":[{"name":"wp","href":"https:\/\/api.w.org\/{rel}","templated":true}]}}