{"id":1419,"date":"2025-01-27T16:02:45","date_gmt":"2025-01-27T15:02:45","guid":{"rendered":"https:\/\/malaga.wordcamp.org\/2025\/?page_id=1419"},"modified":"2025-04-25T14:37:06","modified_gmt":"2025-04-25T12:37:06","slug":"entradas-wcmlg","status":"publish","type":"page","link":"https:\/\/malaga.wordcamp.org\/2025\/entradas-wcmlg\/","title":{"rendered":"\u00a1ENTRADAS AGOTADAS!"},"content":{"rendered":"\n<p class=\"has-text-align-center has-large-font-size\">Entrada a WordCamp M\u00e1laga los d\u00edas 26 y 27 de abril<\/p>\n\n\n\n<hr class=\"wp-block-separator has-text-color has-base-2-color has-alpha-channel-opacity has-base-2-background-color has-background is-style-wide\" \/>\n\n\n\n<p><strong>ENTRADA GENERAL<\/strong><\/p>\n\n\n\n<p>Incluye:<\/p>\n\n\n\n<ul class=\"wp-block-list\">\n<li>Acceso a todas las charlas y talleres de WordCamp M\u00e1laga 2025 (26 de abril). <\/li>\n\n\n\n<li>Acceso al Contributor Day (27 de abril). <\/li>\n\n\n\n<li>Welcome Pack de WordCamp M\u00e1laga 2025.<\/li>\n\n\n\n<li>Almuerzo de los dos d\u00edas y coffee-breaks del s\u00e1bado.<\/li>\n<\/ul>\n\n\n\n<hr class=\"wp-block-separator has-text-color has-base-2-color has-alpha-channel-opacity has-base-2-background-color has-background is-style-wide\" \/>\n\n\n\n<p><strong>ENTRADA LAST CALL<\/strong><\/p>\n\n\n\n<p>Incluye:<\/p>\n\n\n\n<ul class=\"wp-block-list\">\n<li>Acceso a todas las charlas y talleres de WordCamp M\u00e1laga 2025 (26 de abril).<\/li>\n\n\n\n<li>Acceso al Contributor Day (27 de abril). <\/li>\n\n\n\n<li>Welcome Pack de WordCamp M\u00e1laga 2025.<\/li>\n<\/ul>\n\n\n\n<p>No incluye:<\/p>\n\n\n\n<ul class=\"wp-block-list\">\n<li>Almuerzo de los dos d\u00edas. Cerca de la ubicaci\u00f3n del evento encontrar\u00e1s diferentes opciones para almorzar.<\/li>\n<\/ul>\n\n\n\n<hr class=\"wp-block-separator has-text-color has-base-2-color has-alpha-channel-opacity has-base-2-background-color has-background is-style-wide\" \/>\n\n\n\n<p><em><strong>Las entradas NO son reembolsables.<\/strong><\/em><\/p>\n\n\n\n<p>\u00bfNecesitas una factura? Aseg\u00farate de seleccionar la casilla \u2018Necesito una factura\u2019 al final del formulario de registro. Ten en cuenta que&nbsp;<strong>la factura no incluir\u00e1 IVA<\/strong>. Haz clic <a href=\"https:\/\/malaga.wordcamp.org\/2025\/como-recibir-tu-factura\/\" data-type=\"post\" data-id=\"1507\">aqu\u00ed para m\u00e1s informaci\u00f3n.<\/a><\/p>\n\n\n\n<div class=\"wp-block-group is-vertical is-nowrap is-layout-flex wp-container-core-group-is-layout-6fe931d8 wp-block-group-is-layout-flex\">\n<p>Si tienes alguna duda <a href=\"https:\/\/malaga.wordcamp.org\/2025\/contacto\/\" data-type=\"page\" data-id=\"17\">contacta<\/a> con nosotros y te ayudaremos.<\/p>\n<\/div>\n\n\n<a href=\"https:\/\/malaga.wordcamp.org\/2025\/entradas-wcmlg\/\">Por favor, ve esta p\u00e1gina en un navegador para hacer una compra o gestionar entradas.<\/a>\n","protected":false},"excerpt":{"rendered":"<p>Entrada a WordCamp M\u00e1laga los d\u00edas 26 y 27 de abril ENTRADA GENERAL Incluye: ENTRADA LAST CALL Incluye: No incluye: Las entradas NO son reembolsables. \u00bfNecesitas una factura? Aseg\u00farate de seleccionar la casilla \u2018Necesito una factura\u2019 al final del formulario de registro. Ten en cuenta que&nbsp;la factura no incluir\u00e1 IVA. Haz clic aqu\u00ed para m\u00e1s [&hellip;]<\/p>\n","protected":false},"author":23176339,"featured_media":534,"parent":0,"menu_order":0,"comment_status":"closed","ping_status":"closed","template":"","meta":{"jetpack_post_was_ever_published":false,"footnotes":""},"class_list":["post-1419","page","type-page","status-publish","has-post-thumbnail","hentry"],"jetpack_sharing_enabled":true,"_links":{"self":[{"href":"https:\/\/malaga.wordcamp.org\/2025\/wp-json\/wp\/v2\/pages\/1419","targetHints":{"allow":["GET"]}}],"collection":[{"href":"https:\/\/malaga.wordcamp.org\/2025\/wp-json\/wp\/v2\/pages"}],"about":[{"href":"https:\/\/malaga.wordcamp.org\/2025\/wp-json\/wp\/v2\/types\/page"}],"author":[{"embeddable":true,"href":"https:\/\/malaga.wordcamp.org\/2025\/wp-json\/wp\/v2\/users\/23176339"}],"replies":[{"embeddable":true,"href":"https:\/\/malaga.wordcamp.org\/2025\/wp-json\/wp\/v2\/comments?post=1419"}],"version-history":[{"count":29,"href":"https:\/\/malaga.wordcamp.org\/2025\/wp-json\/wp\/v2\/pages\/1419\/revisions"}],"predecessor-version":[{"id":3036,"href":"https:\/\/malaga.wordcamp.org\/2025\/wp-json\/wp\/v2\/pages\/1419\/revisions\/3036"}],"wp:featuredmedia":[{"embeddable":true,"href":"https:\/\/malaga.wordcamp.org\/2025\/wp-json\/wp\/v2\/media\/534"}],"wp:attachment":[{"href":"https:\/\/malaga.wordcamp.org\/2025\/wp-json\/wp\/v2\/media?parent=1419"}],"curies":[{"name":"wp","href":"https:\/\/api.w.org\/{rel}","templated":true}]}}