{"id":2965,"date":"2025-04-21T22:20:33","date_gmt":"2025-04-21T20:20:33","guid":{"rendered":"https:\/\/malaga.wordcamp.org\/2025\/?page_id=2965"},"modified":"2025-04-26T00:39:59","modified_gmt":"2025-04-25T22:39:59","slug":"streaming","status":"publish","type":"page","link":"https:\/\/malaga.wordcamp.org\/2025\/streaming\/","title":{"rendered":"Streaming #WCMLG25"},"content":{"rendered":"\n<p>\u00a1Bienvenidos a la transmisi\u00f3n en directo de la WordCamp M\u00e1laga 2025!<\/p>\n\n\n\n<p>Los d\u00edas 26 y 27 de abril de 2025, M\u00e1laga se convierte en el epicentro del conocimiento sobre WordPress, inteligencia artificial y tecnolog\u00edas open source. Si no puedes asistir en persona al Albergue Inturjoven de Torremolinos, aqu\u00ed podr\u00e1s seguir en streaming todas las ponencias principales de este evento \u00fanico.<\/p>\n\n\n\n<p>Durante dos jornadas repletas de charlas, talleres, debates y actividades, expertos y referentes del sector compartir\u00e1n las \u00faltimas tendencias y casos pr\u00e1cticos sobre c\u00f3mo la inteligencia artificial est\u00e1 transformando el futuro de WordPress.&nbsp;No te pierdas la oportunidad de aprender, inspirarte y conectar con la comunidad desde cualquier lugar.<\/p>\n\n\n\n<p>En esta p\u00e1gina encontrar\u00e1s:<\/p>\n\n\n\n<ul class=\"wp-block-list\">\n<li>Transmisi\u00f3n en directo de las ponencias m\u00e1s destacadas de la WordCamp M\u00e1laga 2025.<\/li>\n\n\n\n<li>Acceso al programa actualizado para que no te pierdas ninguna charla de tu inter\u00e9s <a href=\"https:\/\/malaga.wordcamp.org\/2025\/programa\/\" target=\"_blank\" rel=\"noreferrer noopener\">Programa<\/a>.<\/li>\n\n\n\n<li>Espacios de interacci\u00f3n para que puedas comentar y compartir tus impresiones en tiempo real.<\/li>\n<\/ul>\n\n\n\n<p>Prep\u00e1rate para vivir una experiencia formativa y participativa, est\u00e9s donde est\u00e9s. \u00a1Sigue el streaming y forma parte de la WordCamp M\u00e1laga 2025!<\/p>\n\n\n\n<p><strong>Descubre la IA que transformar\u00e1 el futuro de WordPress y \u00fanete a la conversaci\u00f3n global. \u00a1Te esperamos en directo!<\/strong><\/p>\n\n\n\n<h2 class=\"wp-block-heading\">Sala Principal<\/h2>\n\n\n\n<figure class=\"wp-block-embed is-type-video is-provider-youtube wp-block-embed-youtube wp-embed-aspect-16-9 wp-has-aspect-ratio\"><div class=\"wp-block-embed__wrapper\">\n<iframe loading=\"lazy\" title=\"WordCamp Malaga 2025 - Sala Principal\" width=\"500\" height=\"281\" src=\"https:\/\/www.youtube.com\/embed\/UKPaeYsNPjs?feature=oembed\" frameborder=\"0\" allow=\"accelerometer; autoplay; clipboard-write; encrypted-media; gyroscope; picture-in-picture; web-share\" referrerpolicy=\"strict-origin-when-cross-origin\" allowfullscreen><\/iframe>\n<\/div><\/figure>\n\n\n\n<h2 class=\"wp-block-heading\">Sala Talleres \/ Minicharlas<\/h2>\n\n\n\n<figure class=\"wp-block-embed is-type-video is-provider-youtube wp-block-embed-youtube wp-embed-aspect-16-9 wp-has-aspect-ratio\"><div class=\"wp-block-embed__wrapper\">\n<iframe loading=\"lazy\" title=\"WordCamp Malaga 2025 - Sala talleres\/minicharlas\" width=\"500\" height=\"281\" src=\"https:\/\/www.youtube.com\/embed\/jz7CNlv4dlY?feature=oembed\" frameborder=\"0\" allow=\"accelerometer; autoplay; clipboard-write; encrypted-media; gyroscope; picture-in-picture; web-share\" referrerpolicy=\"strict-origin-when-cross-origin\" allowfullscreen><\/iframe>\n<\/div><\/figure>\n","protected":false},"excerpt":{"rendered":"<p>\u00a1Bienvenidos a la transmisi\u00f3n en directo de la WordCamp M\u00e1laga 2025! Los d\u00edas 26 y 27 de abril de 2025, M\u00e1laga se convierte en el epicentro del conocimiento sobre WordPress, inteligencia artificial y tecnolog\u00edas open source. Si no puedes asistir en persona al Albergue Inturjoven de Torremolinos, aqu\u00ed podr\u00e1s seguir en streaming todas las ponencias [&hellip;]<\/p>\n","protected":false},"author":23176339,"featured_media":0,"parent":0,"menu_order":0,"comment_status":"closed","ping_status":"closed","template":"","meta":{"jetpack_post_was_ever_published":false,"footnotes":""},"class_list":["post-2965","page","type-page","status-publish","hentry"],"jetpack_sharing_enabled":true,"_links":{"self":[{"href":"https:\/\/malaga.wordcamp.org\/2025\/wp-json\/wp\/v2\/pages\/2965","targetHints":{"allow":["GET"]}}],"collection":[{"href":"https:\/\/malaga.wordcamp.org\/2025\/wp-json\/wp\/v2\/pages"}],"about":[{"href":"https:\/\/malaga.wordcamp.org\/2025\/wp-json\/wp\/v2\/types\/page"}],"author":[{"embeddable":true,"href":"https:\/\/malaga.wordcamp.org\/2025\/wp-json\/wp\/v2\/users\/23176339"}],"replies":[{"embeddable":true,"href":"https:\/\/malaga.wordcamp.org\/2025\/wp-json\/wp\/v2\/comments?post=2965"}],"version-history":[{"count":6,"href":"https:\/\/malaga.wordcamp.org\/2025\/wp-json\/wp\/v2\/pages\/2965\/revisions"}],"predecessor-version":[{"id":3048,"href":"https:\/\/malaga.wordcamp.org\/2025\/wp-json\/wp\/v2\/pages\/2965\/revisions\/3048"}],"wp:attachment":[{"href":"https:\/\/malaga.wordcamp.org\/2025\/wp-json\/wp\/v2\/media?parent=2965"}],"curies":[{"name":"wp","href":"https:\/\/api.w.org\/{rel}","templated":true}]}}