{"id":10,"date":"2025-11-13T18:59:39","date_gmt":"2025-11-13T17:59:39","guid":{"rendered":"https:\/\/malaga.wordcamp.org\/2026\/sessions\/"},"modified":"2026-04-03T11:36:59","modified_gmt":"2026-04-03T09:36:59","slug":"programa","status":"publish","type":"page","link":"https:\/\/malaga.wordcamp.org\/2026\/programa\/","title":{"rendered":"Programa"},"content":{"rendered":"\n<p><strong>WordCamp M\u00e1laga 2026<\/strong> se celebra en dos jornadas con formatos complementarios, combinando contribuci\u00f3n abierta y conocimiento aplicado al comercio digital.<\/p>\n\n\n\n<div style=\"height:25px\" aria-hidden=\"true\" class=\"wp-block-spacer\"><\/div>\n\n\n\n<p>El <strong>viernes 24<\/strong> est\u00e1 dedicado al <strong>Contributor Day<\/strong>, una sesi\u00f3n de trabajo colaborativo abierta a todos los niveles. Es la oportunidad perfecta para <strong>contribuir al proyecto WordPress, aprender c\u00f3mo funciona la comunidad y compartir conocimiento<\/strong> con otros profesionales del ecosistema digital.<\/p>\n\n\n\n<div style=\"height:25px\" aria-hidden=\"true\" class=\"wp-block-spacer\"><\/div>\n\n\n\n<p>El <strong>s\u00e1bado 25<\/strong>, bajo el nombre <strong>WordPress eCommerce Summit<\/strong>, tendr\u00e1 lugar la jornada principal de ponencias centrada en comercio digital y estrategias de negocio online. Profesionales del sector compartir\u00e1n <strong>experiencias, aprendizajes y criterios pr\u00e1cticos<\/strong>, ofreciendo una agenda dise\u00f1ada para aportar <strong>visi\u00f3n estrat\u00e9gica y herramientas aplicables<\/strong> a quienes desarrollan proyectos digitales y tiendas online.<\/p>\n\n\n\n<div style=\"height:25px\" aria-hidden=\"true\" class=\"wp-block-spacer\"><\/div>\n\n\n\n<blockquote class=\"wp-block-quote has-base-color has-contrast-2-background-color has-text-color has-background has-link-color wp-elements-e209071ccfcc389f024fa736bd6b8449 is-layout-flow wp-block-quote-is-layout-flow\">\n<p>Un evento para aprender, inspirarte y descubrir estrategias que puedes aplicar de inmediato en tu negocio digital.<\/p>\n<\/blockquote>\n\n\n\n<div style=\"height:50px\" aria-hidden=\"true\" class=\"wp-block-spacer\"><\/div>\n\n\n\n<div\n\tclass=\"wp-block-wordcamp-schedule alignwide is-loading\"\n\t\tdata-attributes=\"{&quot;__isStylesPreview&quot;:false,&quot;align&quot;:&quot;wide&quot;,&quot;chooseSpecificDays&quot;:false,&quot;chosenDays&quot;:[],&quot;chooseSpecificTracks&quot;:false,&quot;chosenTrackIds&quot;:[],&quot;showCategories&quot;:true,&quot;useClientTimezone&quot;:false}\"\n>\n\tCargando\u2026<\/div>\n\n\n\t<div class=\"email-form fav-session-email-form-hide\">\n\t\t<!-- Tab links -->\n\t\t<div class=\"fav-session-share-tab\">\n\t\t\t\t\t\t\t<div class=\"fav-session-tablinks\" id=\"fav-session-btn-email\">\n\t\t\t\t\tCorreo electr\u00f3nico\t\t\t\t<\/div>\n\t\t\t\n\t\t\t<div class=\"fav-session-tablinks\" id=\"fav-session-btn-link\">\n\t\t\t\tEnlace\t\t\t<\/div>\n\n\t\t\t<div class=\"fav-session-tablinks\" id=\"fav-session-btn-print\">\n\t\t\t\tImprimir\t\t\t<\/div>\n\t\t<\/div>\n\n\t\t<!-- Tab content -->\n\t\t\t\t\t<div id=\"fav-session-tab-email\" class=\"fav-session-share-tabcontent\">\n\t\t\t\t<div id=\"fav-session-email-form\">\n\t\t\t\t\tEnv\u00edame mis sesiones favoritas:\n\t\t\t\t\t<form id=\"fav-sessions-form\">\n\t\t\t\t\t\t<input\n\t\t\t\t\t\t\ttype=\"text\"\n\t\t\t\t\t\t\tname=\"email_address\"\n\t\t\t\t\t\t\tid=\"fav-sessions-email-address\"\n\t\t\t\t\t\t\tplaceholder=\"me@protonmail.com\"\n\t\t\t\t\t\t\/>\n\t\t\t\t\t\t<input type=\"submit\" value=\"Enviar\" \/>\n\t\t\t\t\t<\/form>\n\t\t\t\t<\/div>\n\n\t\t\t\t<div class=\"fav-session-email-wait-spinner\"><\/div>\n\t\t\t\t<div class=\"fav-session-email-result\"><\/div>\n\t\t\t<\/div>\n\t\t\n\t\t<div id=\"fav-session-tab-link\" class=\"fav-session-share-tabcontent\">\n\t\t\tEnlace compartible:\t\t\t<br \/>\n\t\t\t<a id=\"fav-sessions-link\" href=\"\"><\/a>\n\t\t<\/div>\n\n\t\t<div id=\"fav-session-tab-print\" class=\"fav-session-share-tabcontent\">\n\t\t\t<button id=\"fav-session-print\">\n\t\t\t\tImprimir sesiones favoritas\t\t\t<\/button>\n\t\t<\/div>\n\t<\/div>\n\n\t<a class=\"show-email-form\" href=\"javascript:\">\n\t\t<span class=\"dashicons dashicons-star-filled\"><\/span>\n\t\t<span class=\"dashicons dashicons-email-alt\"><\/span>\n\t<\/a>\n\n\t","protected":false},"excerpt":{"rendered":"<p>WordCamp M\u00e1laga 2026 se celebra en dos jornadas con formatos complementarios, combinando contribuci\u00f3n abierta y conocimiento aplicado al comercio digital. El viernes 24 est\u00e1 dedicado al Contributor Day, una sesi\u00f3n de trabajo colaborativo abierta a todos los niveles. Es la oportunidad perfecta para contribuir al proyecto WordPress, aprender c\u00f3mo funciona la comunidad y compartir conocimiento [&hellip;]<\/p>\n","protected":false},"author":10175439,"featured_media":0,"parent":0,"menu_order":0,"comment_status":"closed","ping_status":"closed","template":"","meta":{"jetpack_post_was_ever_published":true,"footnotes":""},"class_list":["post-10","page","type-page","status-publish","hentry"],"jetpack_sharing_enabled":true,"_links":{"self":[{"href":"https:\/\/malaga.wordcamp.org\/2026\/wp-json\/wp\/v2\/pages\/10","targetHints":{"allow":["GET"]}}],"collection":[{"href":"https:\/\/malaga.wordcamp.org\/2026\/wp-json\/wp\/v2\/pages"}],"about":[{"href":"https:\/\/malaga.wordcamp.org\/2026\/wp-json\/wp\/v2\/types\/page"}],"author":[{"embeddable":true,"href":"https:\/\/malaga.wordcamp.org\/2026\/wp-json\/wp\/v2\/users\/10175439"}],"replies":[{"embeddable":true,"href":"https:\/\/malaga.wordcamp.org\/2026\/wp-json\/wp\/v2\/comments?post=10"}],"version-history":[{"count":16,"href":"https:\/\/malaga.wordcamp.org\/2026\/wp-json\/wp\/v2\/pages\/10\/revisions"}],"predecessor-version":[{"id":4894,"href":"https:\/\/malaga.wordcamp.org\/2026\/wp-json\/wp\/v2\/pages\/10\/revisions\/4894"}],"wp:attachment":[{"href":"https:\/\/malaga.wordcamp.org\/2026\/wp-json\/wp\/v2\/media?parent=10"}],"curies":[{"name":"wp","href":"https:\/\/api.w.org\/{rel}","templated":true}]}}