{"id":12,"date":"2025-11-13T18:59:40","date_gmt":"2025-11-13T17:59:40","guid":{"rendered":"https:\/\/malaga.wordcamp.org\/2026\/location\/"},"modified":"2026-02-22T13:21:25","modified_gmt":"2026-02-22T12:21:25","slug":"ubicacion","status":"publish","type":"page","link":"https:\/\/malaga.wordcamp.org\/2026\/ubicacion\/","title":{"rendered":"Ubicaci\u00f3n"},"content":{"rendered":"\n<figure class=\"wp-block-video ancho-video\"><video controls src=\"https:\/\/www.uma.es\/media\/videos\/Marketing_UMA-.mpeg4\"><\/video><\/figure>\n\n\n\n<div style=\"height:57px\" aria-hidden=\"true\" class=\"wp-block-spacer\"><\/div>\n\n\n\n<h2 class=\"wp-block-heading alignwide has-text-align-center\"><em>Facultad de Marketing y Gesti\u00f3n<\/em><\/h2>\n\n\n\n<div style=\"height:40px\" aria-hidden=\"true\" class=\"wp-block-spacer\"><\/div>\n\n\n\n<p class=\"parrafo-ancho\">La <a href=\"https:\/\/www.uma.es\/facultadmarketing\/\">Facultad de Marketing y Gesti\u00f3n de la Universidad de M\u00e1laga<\/a> ser\u00e1 el venue del WordPress eCommerce Summit.<\/p>\n\n\n\n<div style=\"height:20px\" aria-hidden=\"true\" class=\"wp-block-spacer\"><\/div>\n\n\n\n<p class=\"parrafo-ancho\">Ubicada dentro del <strong>Complejo de Estudios Sociales y de Comercio<\/strong>, comparte espacio con la Facultad de Estudios Sociales y del Trabajo, configurando un entorno acad\u00e9mico especializado en disciplinas vinculadas a la empresa, la gesti\u00f3n y el \u00e1mbito social.<\/p>\n\n\n\n<div style=\"height:20px\" aria-hidden=\"true\" class=\"wp-block-spacer\"><\/div>\n\n\n\n<p class=\"parrafo-ancho\">M\u00e1s all\u00e1 de su funci\u00f3n acad\u00e9mica, es un entorno que fomenta la colaboraci\u00f3n, el aprendizaje colectivo y el pensamiento cr\u00edtico, conectando tecnolog\u00eda, comunicaci\u00f3n y negocio con las personas que los hacen posibles.<\/p>\n\n\n\n<div style=\"height:20px\" aria-hidden=\"true\" class=\"wp-block-spacer\"><\/div>\n\n\n\n<p class=\"parrafo-ancho\">Su forma de entender la formaci\u00f3n y la innovaci\u00f3n encaja de manera natural con el esp\u00edritu WordCamp: una comunidad abierta, participativa y diversa, donde las ideas fluyen, se generan conexiones y el conocimiento se construye de forma conjunta.<\/p>\n\n\n\n<div style=\"height:20px\" aria-hidden=\"true\" class=\"wp-block-spacer\"><\/div>\n\n\n\n<p class=\"parrafo-ancho\">El venue se encuentra en Teatinos, uno de los barrios m\u00e1s din\u00e1micos y mejor conectados de M\u00e1laga. Zona universitaria por excelencia, destaca por su ambiente activo, su amplia oferta de restauraci\u00f3n y comercios, zonas verdes y todos los servicios necesarios para vivir el evento con comodidad.<\/p>\n\n\n\n<div style=\"height:40px\" aria-hidden=\"true\" class=\"wp-block-spacer\"><\/div>\n\n\n\n<h2 class=\"wp-block-heading has-text-align-center\"><em>C\u00f3mo llegar al venue<\/em><\/h2>\n\n\n\n<div style=\"height:20px\" aria-hidden=\"true\" class=\"wp-block-spacer\"><\/div>\n\n\n\n<p class=\"parrafo-ancho\">La <strong>Facultad de Marketing y Gesti\u00f3n<\/strong> cuenta con acceso mediante la L\u00ednea 1 de Metro, que enlaza con el servicio de Cercan\u00edas, y tambi\u00e9n con llegada directa a trav\u00e9s de varias l\u00edneas de autob\u00fas urbano (19, 23 y 25), facilitando los desplazamientos desde cualquier punto de la ciudad y su \u00e1rea metropolitana.<\/p>\n\n\n\n<div style=\"height:20px\" aria-hidden=\"true\" class=\"wp-block-spacer\"><\/div>\n\n\n\n<p class=\"parrafo-ancho\"><em>Es posible que en parte de la se\u00f1al\u00e9tica del campus el venue aparezca todav\u00eda como Facultad de Comercio y Gesti\u00f3n, su denominaci\u00f3n anterior.<\/em><\/p>\n\n\n\n<div style=\"height:40px\" aria-hidden=\"true\" class=\"wp-block-spacer\"><\/div>\n\n\n\n<h2 class=\"wp-block-heading has-text-align-center parrafo-ancho\"><em>M\u00e1laga: una ciudad que suma al evento<\/em><\/h2>\n\n\n\n<div style=\"height:20px\" aria-hidden=\"true\" class=\"wp-block-spacer\"><\/div>\n\n\n\n<p class=\"parrafo-ancho\">M\u00e1laga aporta mucho m\u00e1s que una sede. Es una ciudad abierta, luminosa y en constante evoluci\u00f3n, con un ecosistema tecnol\u00f3gico en crecimiento, una s\u00f3lida vida cultural y una calidad de vida que invita a quedarse. Su clima, su cercan\u00eda al mar, su gastronom\u00eda y su car\u00e1cter acogedor convierten WordPress eCommerce Summit en una experiencia completa, dentro y fuera del venue.<\/p>\n\n\n\n<div style=\"height:40px\" aria-hidden=\"true\" class=\"wp-block-spacer\"><\/div>\n\n\n\n<h2 class=\"wp-block-heading has-text-align-center parrafo-ancho\"><em>C\u00f3mo llegar a M\u00e1laga<\/em><\/h2>\n\n\n\n<p class=\"parrafo-ancho\">M\u00e1laga cuenta con excelentes conexiones nacionales e internacionales:<\/p>\n\n\n\n<div style=\"height:10px\" aria-hidden=\"true\" class=\"wp-block-spacer\"><\/div>\n\n\n\n<ul class=\"wp-block-list parrafo-ancho\">\n<li><strong>En tren<\/strong>: La ciudad dispone de estaci\u00f3n de Alta Velocidad, con conexiones directas desde ciudades como Madrid, Barcelona, Sevilla o C\u00f3rdoba. La estaci\u00f3n de M\u00e1laga Mar\u00eda Zambrano conecta adem\u00e1s con el tren de cercan\u00edas y el metro.<\/li>\n\n\n\n<li><strong>En avi\u00f3n<\/strong>: El Aeropuerto de M\u00e1laga ofrece conexiones con las principales ciudades espa\u00f1olas y europeas, y est\u00e1 conectado con la ciudad mediante tren de cercan\u00edas y autob\u00fas.<\/li>\n\n\n\n<li><strong>En coche<\/strong>: M\u00e1laga est\u00e1 comunicada por autov\u00eda con el resto de Andaluc\u00eda y con la red nacional de carreteras.<\/li>\n<\/ul>\n\n\n\n<div style=\"height:40px\" aria-hidden=\"true\" class=\"wp-block-spacer\"><\/div>\n\n\n\n<p class=\"parrafo-ancho has-base-color has-contrast-2-background-color has-text-color has-background has-link-color wp-elements-ce353d97775294d4afb9e42413f79a59\"><strong>DESCUENTO RENFE: <\/strong>Los asistentes al WordPress eCommerce Summit podr\u00e1n beneficiarse de un <strong>5 % de descuento en billetes de Renfe<\/strong> para sus desplazamientos al evento en trenes de larga distancia. Al comprar tu entrada, marca \u00abs\u00ed\u00bb en la casilla \u00ab\u00bfNecesitas el descuento de Renfe?\u00bb y te lo enviaremos por correo.<\/p>\n","protected":false},"excerpt":{"rendered":"<p>Facultad de Marketing y Gesti\u00f3n La Facultad de Marketing y Gesti\u00f3n de la Universidad de M\u00e1laga ser\u00e1 el venue del WordPress eCommerce Summit. Ubicada dentro del Complejo de Estudios Sociales y de Comercio, comparte espacio con la Facultad de Estudios Sociales y del Trabajo, configurando un entorno acad\u00e9mico especializado en disciplinas vinculadas a la empresa, [&hellip;]<\/p>\n","protected":false},"author":10175439,"featured_media":0,"parent":0,"menu_order":0,"comment_status":"closed","ping_status":"closed","template":"","meta":{"jetpack_post_was_ever_published":false,"footnotes":""},"class_list":["post-12","page","type-page","status-publish","hentry"],"jetpack_sharing_enabled":true,"_links":{"self":[{"href":"https:\/\/malaga.wordcamp.org\/2026\/wp-json\/wp\/v2\/pages\/12","targetHints":{"allow":["GET"]}}],"collection":[{"href":"https:\/\/malaga.wordcamp.org\/2026\/wp-json\/wp\/v2\/pages"}],"about":[{"href":"https:\/\/malaga.wordcamp.org\/2026\/wp-json\/wp\/v2\/types\/page"}],"author":[{"embeddable":true,"href":"https:\/\/malaga.wordcamp.org\/2026\/wp-json\/wp\/v2\/users\/10175439"}],"replies":[{"embeddable":true,"href":"https:\/\/malaga.wordcamp.org\/2026\/wp-json\/wp\/v2\/comments?post=12"}],"version-history":[{"count":33,"href":"https:\/\/malaga.wordcamp.org\/2026\/wp-json\/wp\/v2\/pages\/12\/revisions"}],"predecessor-version":[{"id":3466,"href":"https:\/\/malaga.wordcamp.org\/2026\/wp-json\/wp\/v2\/pages\/12\/revisions\/3466"}],"wp:attachment":[{"href":"https:\/\/malaga.wordcamp.org\/2026\/wp-json\/wp\/v2\/media?parent=12"}],"curies":[{"name":"wp","href":"https:\/\/api.w.org\/{rel}","templated":true}]}}