{"id":1857,"date":"2026-02-09T09:12:13","date_gmt":"2026-02-09T08:12:13","guid":{"rendered":"https:\/\/malaga.wordcamp.org\/2026\/?page_id=1857"},"modified":"2026-04-17T14:17:34","modified_gmt":"2026-04-17T12:17:34","slug":"ludoteca","status":"publish","type":"page","link":"https:\/\/malaga.wordcamp.org\/2026\/ludoteca\/","title":{"rendered":"Ludoteca"},"content":{"rendered":"\n<p class=\"has-text-align-center parrafo-ancho frase-ludoteca has-contrast-2-color has-text-color has-link-color wp-elements-fb82928d9df93762be3dd4c4ba00b6b6\" style=\"margin-top:-150px;letter-spacing:3px;text-transform:uppercase\">\u00a1WordPress eCommerce Summit tambi\u00e9n es para peques!<\/p>\n\n\n\n<div style=\"height:121px\" aria-hidden=\"true\" class=\"wp-block-spacer\"><\/div>\n\n\n\n<p class=\"has-text-align-center has-base-color has-contrast-2-background-color has-text-color has-background has-link-color has-large-font-size wp-elements-8082a9828bc704e1ad38287d86d018ef\"><strong>\u00a1PLAZAS AGOTADAS!<\/strong><\/p>\n\n\n\n<div style=\"height:60px\" aria-hidden=\"true\" class=\"wp-block-spacer\"><\/div>\n\n\n\n<p class=\"parrafo-ancho\">Las WordCamp son encuentros abiertos, pensados para compartir, aprender y conectar\u2026 y eso incluye a las familias. Porque sabemos que WordPress forma parte de tu vida, pero tambi\u00e9n lo son tus hijos, y no queremos que tengas que renunciar a ninguno de los dos.<\/p>\n\n\n\n<div style=\"height:20px\" aria-hidden=\"true\" class=\"wp-block-spacer\"><\/div>\n\n\n\n<p class=\"parrafo-ancho\">Despu\u00e9s de una semana intensa, el fin de semana suele ser el momento reservado para estar juntos. Por eso, en WordPress eCommerce Summit apostamos por un formato que te permita venir con tranquilidad, sabiendo que tus peques estar\u00e1n bien cuidados y pas\u00e1ndolo en grande mientras t\u00fa disfrutas del evento.<\/p>\n\n\n\n<div style=\"height:20px\" aria-hidden=\"true\" class=\"wp-block-spacer\"><\/div>\n\n\n\n<p class=\"parrafo-ancho\">Si alguna vez te has preguntado \u201cvale, \u00bfy con los ni\u00f1os qu\u00e9 hago?\u201d, aqu\u00ed va la respuesta: contamos con un servicio de ludoteca pensado espec\u00edficamente para ellos. Mientras t\u00fa asistes a las charlas o haces networking, ellos estar\u00e1n jugando, creando y compartiendo con otros ni\u00f1os en un entorno adaptado a su edad. Una experiencia tan enriquecedora para ellos como la tuya lo ser\u00e1 para ti.<\/p>\n\n\n\n<div style=\"height:20px\" aria-hidden=\"true\" class=\"wp-block-spacer\"><\/div>\n\n\n\n<figure class=\"wp-block-image size-full\"><img loading=\"lazy\" decoding=\"async\" width=\"937\" height=\"286\" src=\"https:\/\/malaga.wordcamp.org\/2026\/files\/2025\/12\/ninos-ludoteca.png\" alt=\"\" class=\"wp-image-1125\" srcset=\"https:\/\/malaga.wordcamp.org\/2026\/files\/2025\/12\/ninos-ludoteca.png 937w, https:\/\/malaga.wordcamp.org\/2026\/files\/2025\/12\/ninos-ludoteca-300x92.png 300w, https:\/\/malaga.wordcamp.org\/2026\/files\/2025\/12\/ninos-ludoteca-768x234.png 768w, https:\/\/malaga.wordcamp.org\/2026\/files\/2025\/12\/ninos-ludoteca-500x153.png 500w\" sizes=\"auto, (max-width: 937px) 100vw, 937px\" \/><\/figure>\n\n\n\n<div style=\"height:40px\" aria-hidden=\"true\" class=\"wp-block-spacer\"><\/div>\n\n\n\n<h2 class=\"wp-block-heading has-text-align-center h2-ludoteca\">\u00bfC\u00f3mo funciona la ludoteca?<\/h2>\n\n\n\n<div style=\"height:31px\" aria-hidden=\"true\" class=\"wp-block-spacer\"><\/div>\n\n\n\n<p class=\"parrafo-ancho\">Durante toda la jornada, los ni\u00f1os y ni\u00f1as estar\u00e1n acompa\u00f1ados por monitoras profesionales que se encargar\u00e1n de que el d\u00eda sea entretenido y especial.<\/p>\n\n\n\n<div style=\"height:20px\" aria-hidden=\"true\" class=\"wp-block-spacer\"><\/div>\n\n\n\n<p class=\"parrafo-ancho\">La ludoteca es un servicio totalmente gratuito, financiado por la organizaci\u00f3n WordPress eCommerce Summit. Eso s\u00ed, es imprescindible realizar la inscripci\u00f3n previa, ya que necesitamos saber con antelaci\u00f3n cu\u00e1ntos ni\u00f1os asistir\u00e1n para organizar adecuadamente el equipo de monitoras.<\/p>\n\n\n\n<div style=\"height:20px\" aria-hidden=\"true\" class=\"wp-block-spacer\"><\/div>\n\n\n\n<p class=\"has-text-align-center has-contrast-2-color has-text-color has-link-color wp-elements-05eabedebe824a8e8760b94f16657fe1\"><strong>Al comprar tu entrada, recuerda indicar el n\u00famero de plazas que necesitas para la ludoteca. Tambi\u00e9n deber\u00e1s comprar las entradas infantiles correspondientes.<\/strong><\/p>\n\n\n\n<div style=\"height:20px\" aria-hidden=\"true\" class=\"wp-block-spacer\"><\/div>\n\n\n\n<p><strong>IMPORTANTE:<\/strong><\/p>\n\n\n\n<ul class=\"wp-block-list\">\n<li>El servicio de ludoteca est\u00e1 pensado para ni\u00f1os y ni\u00f1as de 4 a 10 a\u00f1os.<\/li>\n\n\n\n<li>Si tu hijo\/a est\u00e1 entre los 11 y 14 a\u00f1os, puede beneficiarse de la entrada infantil gratuita y disfrutar del evento con el resto de la comunidad.<\/li>\n<\/ul>\n\n\n\n<p><\/p>\n\n\n\n<p><\/p>\n\n\n\n<p><\/p>\n\n\n\n<p class=\"has-text-align-center\"><\/p>\n\n\n\n<div style=\"height:60px\" aria-hidden=\"true\" class=\"wp-block-spacer\"><\/div>\n","protected":false},"excerpt":{"rendered":"<p>\u00a1WordPress eCommerce Summit tambi\u00e9n es para peques! \u00a1PLAZAS AGOTADAS! Las WordCamp son encuentros abiertos, pensados para compartir, aprender y conectar\u2026 y eso incluye a las familias. Porque sabemos que WordPress forma parte de tu vida, pero tambi\u00e9n lo son tus hijos, y no queremos que tengas que renunciar a ninguno de los dos. Despu\u00e9s de [&hellip;]<\/p>\n","protected":false},"author":10175439,"featured_media":0,"parent":0,"menu_order":0,"comment_status":"closed","ping_status":"closed","template":"","meta":{"jetpack_post_was_ever_published":false,"footnotes":""},"class_list":["post-1857","page","type-page","status-publish","hentry"],"jetpack_sharing_enabled":true,"_links":{"self":[{"href":"https:\/\/malaga.wordcamp.org\/2026\/wp-json\/wp\/v2\/pages\/1857","targetHints":{"allow":["GET"]}}],"collection":[{"href":"https:\/\/malaga.wordcamp.org\/2026\/wp-json\/wp\/v2\/pages"}],"about":[{"href":"https:\/\/malaga.wordcamp.org\/2026\/wp-json\/wp\/v2\/types\/page"}],"author":[{"embeddable":true,"href":"https:\/\/malaga.wordcamp.org\/2026\/wp-json\/wp\/v2\/users\/10175439"}],"replies":[{"embeddable":true,"href":"https:\/\/malaga.wordcamp.org\/2026\/wp-json\/wp\/v2\/comments?post=1857"}],"version-history":[{"count":38,"href":"https:\/\/malaga.wordcamp.org\/2026\/wp-json\/wp\/v2\/pages\/1857\/revisions"}],"predecessor-version":[{"id":5499,"href":"https:\/\/malaga.wordcamp.org\/2026\/wp-json\/wp\/v2\/pages\/1857\/revisions\/5499"}],"wp:attachment":[{"href":"https:\/\/malaga.wordcamp.org\/2026\/wp-json\/wp\/v2\/media?parent=1857"}],"curies":[{"name":"wp","href":"https:\/\/api.w.org\/{rel}","templated":true}]}}