{"id":21,"date":"2025-11-13T18:59:40","date_gmt":"2025-11-13T17:59:40","guid":{"rendered":"https:\/\/malaga.wordcamp.org\/2026\/code-of-conduct\/"},"modified":"2026-03-15T09:30:56","modified_gmt":"2026-03-15T08:30:56","slug":"codigo-de-conducta","status":"publish","type":"page","link":"https:\/\/malaga.wordcamp.org\/2026\/codigo-de-conducta\/","title":{"rendered":"C\u00f3digo de conducta"},"content":{"rendered":"\n<h3 class=\"wp-block-heading margenes\" style=\"margin-top:var(--wp--preset--spacing--20);margin-bottom:var(--wp--preset--spacing--20)\">Prop\u00f3sito<\/h3>\n\n\n\n<hr class=\"wp-block-separator has-text-color has-contrast-2-color has-alpha-channel-opacity has-contrast-2-background-color has-background separador-codigo\" style=\"margin-top:var(--wp--preset--spacing--10);margin-bottom:var(--wp--preset--spacing--30)\" \/>\n\n\n\n<p class=\"parrafo-ancho\" style=\"padding-top:var(--wp--preset--spacing--20);padding-bottom:var(--wp--preset--spacing--20)\"><strong>WordCamp M\u00e1laga<\/strong> considera que nuestra comunidad debe ser verdaderamente abierta para todos. Por ello, estamos comprometidos a proporcionar un entorno amigable, seguro y acogedor para todos, independientemente del g\u00e9nero, orientaci\u00f3n sexual, discapacidad, etnia, religi\u00f3n, edad, casta, clase social, sistema operativo preferido, lenguaje de programaci\u00f3n o editor de texto, entre otras caracter\u00edsticas identificativas.<\/p>\n\n\n\n<p class=\"parrafo-ancho\" style=\"padding-bottom:var(--wp--preset--spacing--20)\">Este c\u00f3digo de conducta detalla nuestras expectativas sobre el comportamiento de los participantes, as\u00ed como las consecuencias ante conductas inaceptables.<\/p>\n\n\n\n<p class=\"parrafo-ancho\">Invitamos a todos los patrocinadores, voluntarios, ponentes, asistentes y dem\u00e1s participantes a ayudarnos a lograr una experiencia segura y positiva para todos durante la conferencia.<\/p>\n\n\n\n<h3 class=\"wp-block-heading margenes\" style=\"margin-bottom:var(--wp--preset--spacing--20)\">Ciudadan\u00eda de C\u00f3digo Abierto<\/h3>\n\n\n\n<hr class=\"wp-block-separator has-text-color has-contrast-2-color has-alpha-channel-opacity has-contrast-2-background-color has-background separador-codigo\" style=\"margin-top:var(--wp--preset--spacing--10);margin-bottom:var(--wp--preset--spacing--30)\" \/>\n\n\n\n<p class=\"parrafo-ancho\" style=\"padding-top:var(--wp--preset--spacing--20);padding-bottom:var(--wp--preset--spacing--20)\">Un objetivo adicional de este c\u00f3digo de conducta es fomentar la ciudadan\u00eda en el software de c\u00f3digo abierto, alentando a los participantes a reconocer y fortalecer las relaciones entre lo que hacemos y la comunidad en general.<\/p>\n\n\n\n<p class=\"parrafo-ancho\" style=\"padding-bottom:var(--wp--preset--spacing--20)\">En l\u00ednea con este objetivo, los organizadores de <strong>WordCamp M\u00e1laga <\/strong>recoger\u00e1n nominaciones de ciudadanos ejemplares durante el evento y reconocer\u00e1n a participantes seleccionados en el sitio web despu\u00e9s de la conferencia.<\/p>\n\n\n\n<p class=\"parrafo-ancho\">Si ves a alguien que est\u00e1 haciendo un esfuerzo extra para que nuestra comunidad sea acogedora, amigable y anime a todos a contribuir en su m\u00e1xima capacidad, queremos saberlo. Puedes nominar a alguien en la mesa de Registro o a alg\u00fan miembro de la organizaci\u00f3n.<\/p>\n\n\n\n<h3 class=\"wp-block-heading margenes\" style=\"margin-bottom:var(--wp--preset--spacing--20)\">Comportamiento Esperado<\/h3>\n\n\n\n<hr class=\"wp-block-separator has-text-color has-contrast-2-color has-alpha-channel-opacity has-contrast-2-background-color has-background separador-codigo\" style=\"margin-top:var(--wp--preset--spacing--10);margin-bottom:var(--wp--preset--spacing--30)\" \/>\n\n\n\n<ul style=\"padding-top:var(--wp--preset--spacing--20);padding-bottom:var(--wp--preset--spacing--20)\" class=\"wp-block-list\">\n<li>S\u00e9 considerado, respetuoso y colaborativo.<\/li>\n\n\n\n<li>Abstente de realizar comportamientos o discursos degradantes, discriminatorios o de acoso.<\/li>\n\n\n\n<li>Ten en cuenta tu entorno y a los dem\u00e1s participantes. Informa a los organizadores si observas una situaci\u00f3n peligrosa o a alguien en apuros.<\/li>\n\n\n\n<li>Participa de forma aut\u00e9ntica y activa. Al hacerlo, ayudas a crear <strong>WordCamp M\u00e1laga<\/strong> y lo haces tuyo.<\/li>\n<\/ul>\n\n\n\n<h3 class=\"wp-block-heading margenes\" style=\"margin-bottom:var(--wp--preset--spacing--20)\">Comportamiento Inaceptable<\/h3>\n\n\n\n<hr class=\"wp-block-separator has-text-color has-contrast-2-color has-alpha-channel-opacity has-contrast-2-background-color has-background separador-codigo\" style=\"margin-top:var(--wp--preset--spacing--10);margin-bottom:var(--wp--preset--spacing--30)\" \/>\n\n\n\n<p class=\"parrafo-ancho\" style=\"padding-top:var(--wp--preset--spacing--20);padding-bottom:var(--wp--preset--spacing--20)\">Los comportamientos inaceptables incluyen: intimidaci\u00f3n, acoso, abuso, conductas discriminatorias, despectivas o degradantes por parte de cualquier asistente de <strong>WordCamp M\u00e1laga<\/strong> y eventos relacionados. Todos los espacios de <strong>WordCamp M\u00e1laga<\/strong> pueden ser compartidos con miembros del p\u00fablico; por favor, respeta a todos los asistentes en estos lugares.<\/p>\n\n\n\n<p>El acoso incluye:<\/p>\n\n\n\n<ul class=\"wp-block-list\">\n<li>Comentarios verbales ofensivos relacionados con el g\u00e9nero, orientaci\u00f3n sexual, raza, religi\u00f3n o discapacidad.<\/li>\n\n\n\n<li>Uso inapropiado de desnudez y\/o im\u00e1genes sexuales en espacios p\u00fablicos (incluidas las diapositivas de presentaciones).<\/li>\n\n\n\n<li>Intimidaci\u00f3n deliberada, acoso o seguimiento.<\/li>\n\n\n\n<li>Fotograf\u00eda o grabaci\u00f3n acosadora.<\/li>\n\n\n\n<li>Interrupci\u00f3n persistente de charlas u otros eventos.<\/li>\n\n\n\n<li>Contacto f\u00edsico inapropiado y atenci\u00f3n sexual no deseada.<\/li>\n<\/ul>\n\n\n\n<h3 class=\"wp-block-heading margenes parrafo-ancho\" style=\"margin-bottom:var(--wp--preset--spacing--20)\">Consecuencias del Comportamiento Inaceptable<\/h3>\n\n\n\n<hr class=\"wp-block-separator has-text-color has-contrast-2-color has-alpha-channel-opacity has-contrast-2-background-color has-background separador-codigo\" style=\"margin-top:var(--wp--preset--spacing--10);margin-bottom:var(--wp--preset--spacing--30)\" \/>\n\n\n\n<p class=\"parrafo-ancho\" style=\"padding-top:var(--wp--preset--spacing--20);padding-bottom:var(--wp--preset--spacing--20)\">El comportamiento inaceptable no ser\u00e1 tolerado, ya provenga de asistentes, organizadores, personal del lugar, patrocinadores u otras personas presentes en las instalaciones de <strong>WordCamp M\u00e1laga.<\/strong><\/p>\n\n\n\n<p class=\"parrafo-ancho\">Cualquier persona que sea requerida a detener un comportamiento inaceptable deber\u00e1 cumplir de inmediato.<\/p>\n\n\n\n<p class=\"parrafo-ancho\" style=\"padding-top:var(--wp--preset--spacing--20);padding-bottom:var(--wp--preset--spacing--20)\">Si un participante incurre en comportamiento inaceptable, los organizadores del evento podr\u00e1n tomar las medidas que consideren apropiadas, hasta e incluyendo la expulsi\u00f3n de la conferencia sin previo aviso ni reembolso.<\/p>\n\n\n\n<h3 class=\"wp-block-heading margenes parrafo-mas-ancho\" style=\"margin-bottom:var(--wp--preset--spacing--20)\">Qu\u00e9 Hacer si Presencias o Eres V\u00edctima de Comportamiento Inaceptable<\/h3>\n\n\n\n<hr class=\"wp-block-separator has-text-color has-contrast-2-color has-alpha-channel-opacity has-contrast-2-background-color has-background separador-codigo\" style=\"margin-top:var(--wp--preset--spacing--10);margin-bottom:var(--wp--preset--spacing--30)\" \/>\n\n\n\n<p class=\"parrafo-ancho\" style=\"padding-top:var(--wp--preset--spacing--20);padding-bottom:var(--wp--preset--spacing--20)\">Si eres v\u00edctima de comportamiento inaceptable, observas que alguien m\u00e1s lo es, o tienes alguna otra preocupaci\u00f3n, por favor notif\u00edcalo a un organizador del evento lo antes posible.<\/p>\n\n\n\n<p class=\"parrafo-ancho\">El equipo de <strong>WordCamp M\u00e1laga<\/strong> estar\u00e1 disponible para ayudar a los participantes a contactar a la seguridad del lugar o a las autoridades locales, proporcionar acompa\u00f1amiento o brindar asistencia para que aquellos que experimenten comportamientos inaceptables se sientan seguros durante toda la conferencia. Los voluntarios\/as llevar\u00e1n <strong>camiseta y lanyard que los identifique<\/strong>. Cualquier voluntario\/a puede ponerte en contacto con un organizador\/a. Tambi\u00e9n puedes dirigirte al mostrador de inscripci\u00f3n en el vest\u00edbulo y solicitar hablar con los organizadores.<\/p>\n\n\n\n<h3 class=\"wp-block-heading margenes\" style=\"margin-bottom:var(--wp--preset--spacing--20)\">Alcance<\/h3>\n\n\n\n<hr class=\"wp-block-separator has-text-color has-contrast-2-color has-alpha-channel-opacity has-contrast-2-background-color has-background separador-codigo\" style=\"margin-top:var(--wp--preset--spacing--10);margin-bottom:var(--wp--preset--spacing--30)\" \/>\n\n\n\n<p class=\"parrafo-ancho\">Esperamos que todos los participantes de la conferencia (patrocinadores, voluntarios, ponentes, asistentes y dem\u00e1s invitados) cumplan este c\u00f3digo de conducta en todas las sedes de la conferencia y en los eventos sociales relacionados.<\/p>\n\n\n\n<h3 class=\"wp-block-heading margenes\" style=\"margin-bottom:var(--wp--preset--spacing--20)\">Informaci\u00f3n de Contacto<\/h3>\n\n\n\n<hr class=\"wp-block-separator has-text-color has-contrast-2-color has-alpha-channel-opacity has-contrast-2-background-color has-background separador-codigo\" style=\"margin-top:var(--wp--preset--spacing--10);margin-bottom:var(--wp--preset--spacing--30)\" \/>\n\n\n\n<p class=\"parrafo-ancho\">\u00a1Informaci\u00f3n de contacto <a href=\"\/2026\/contacto\">aqu\u00ed!<\/a> Aseg\u00farate de incluir una forma de contactar con los organizadores durante el evento.<\/p>\n\n\n\n<h3 class=\"wp-block-heading margenes\" style=\"margin-bottom:var(--wp--preset--spacing--20)\">Licencia y Atribuci\u00f3n<\/h3>\n\n\n\n<hr class=\"wp-block-separator has-text-color has-contrast-2-color has-alpha-channel-opacity has-contrast-2-background-color has-background separador-codigo\" style=\"margin-top:var(--wp--preset--spacing--10);margin-bottom:var(--wp--preset--spacing--30)\" \/>\n\n\n\n<p class=\"parrafo-ancho\">Este C\u00f3digo de Conducta es una adaptaci\u00f3n directa del excelente trabajo de <a href=\"http:\/\/opensourcebridge.org\/about\/code-of-conduct\/\">Open Source Bridge<\/a> y se distribuye bajo una licencia <a href=\"https:\/\/creativecommons.org\/licenses\/by-sa\/3.0\/\"> Licencia de Creative Commons Attribution-ShareAlike<\/a>.<\/p>\n\n\n\n<h3 class=\"wp-block-heading margenes parrafo-ancho\" style=\"margin-bottom:var(--wp--preset--spacing--20)\">Declaraci\u00f3n sobre Eventos Sociales o Suplementarios (cuando corresponda)<\/h3>\n\n\n\n<hr class=\"wp-block-separator has-text-color has-contrast-2-color has-alpha-channel-opacity has-contrast-2-background-color has-background separador-codigo\" style=\"margin-top:var(--wp--preset--spacing--10);margin-bottom:var(--wp--preset--spacing--30)\" \/>\n\n\n\n<p class=\"parrafo-ancho\" style=\"padding-top:var(--wp--preset--spacing--20);padding-bottom:var(--wp--preset--spacing--20)\">Los eventos sociales y suplementarios tienen como objetivo proporcionar oportunidades adicionales de networking y educaci\u00f3n, as\u00ed como momentos de descanso despu\u00e9s de un d\u00eda completo en WordCamp. Estos tambi\u00e9n deben ser espacios donde los asistentes se sientan seguros y protegidos.<\/p>\n\n\n\n<p class=\"parrafo-ancho\">Queremos que disfrutes de estos eventos de forma segura. Si presencias o experimentas una violaci\u00f3n del C\u00f3digo de Conducta, tienes inquietudes sobre la seguridad o comportamiento de otro asistente, o necesitas ayuda general (entendemos que no siempre las violaciones son obvias), cont\u00e1ctanos de inmediato notificando a un organizador o enviando un correo a <strong><a>report@wordcamp.org<\/a><\/strong>.<\/p>\n\n\n\n<p class=\"parrafo-ancho\" style=\"padding-top:var(--wp--preset--spacing--20);padding-bottom:var(--wp--preset--spacing--20)\">En eventos presenciales, si necesitas ayuda o no puedes salir de una situaci\u00f3n inc\u00f3moda o insegura, los organizadores te asistir\u00e1n de forma inmediata y discreta. Algunos ejemplos incluyen:<\/p>\n\n\n\n<ul class=\"wp-block-list\">\n<li>No sentirte bien.<\/li>\n\n\n\n<li>Problemas con tus arreglos de transporte.<\/li>\n\n\n\n<li>Estar bajo los efectos del alcohol.<\/li>\n\n\n\n<li>Estar solo o acompa\u00f1ado de alguien en quien no conf\u00edas.<\/li>\n\n\n\n<li>Sentirte abrumado.<\/li>\n\n\n\n<li>Haber presenciado o experimentado una violaci\u00f3n del C\u00f3digo de Conducta.<\/li>\n<\/ul>\n\n\n\n<p class=\"parrafo-ancho\" style=\"margin-top:var(--wp--preset--spacing--30);margin-bottom:var(--wp--preset--spacing--50)\">Por favor, solicita ayuda a cualquier voluntario u organizador cercano.<\/p>\n\n\n\n<p><\/p>\n","protected":false},"excerpt":{"rendered":"<p>Prop\u00f3sito WordCamp M\u00e1laga considera que nuestra comunidad debe ser verdaderamente abierta para todos. Por ello, estamos comprometidos a proporcionar un entorno amigable, seguro y acogedor para todos, independientemente del g\u00e9nero, orientaci\u00f3n sexual, discapacidad, etnia, religi\u00f3n, edad, casta, clase social, sistema operativo preferido, lenguaje de programaci\u00f3n o editor de texto, entre otras caracter\u00edsticas identificativas. Este c\u00f3digo [&hellip;]<\/p>\n","protected":false},"author":10175439,"featured_media":0,"parent":0,"menu_order":0,"comment_status":"closed","ping_status":"closed","template":"","meta":{"jetpack_post_was_ever_published":false,"footnotes":""},"class_list":["post-21","page","type-page","status-publish","hentry"],"jetpack_sharing_enabled":true,"_links":{"self":[{"href":"https:\/\/malaga.wordcamp.org\/2026\/wp-json\/wp\/v2\/pages\/21","targetHints":{"allow":["GET"]}}],"collection":[{"href":"https:\/\/malaga.wordcamp.org\/2026\/wp-json\/wp\/v2\/pages"}],"about":[{"href":"https:\/\/malaga.wordcamp.org\/2026\/wp-json\/wp\/v2\/types\/page"}],"author":[{"embeddable":true,"href":"https:\/\/malaga.wordcamp.org\/2026\/wp-json\/wp\/v2\/users\/10175439"}],"replies":[{"embeddable":true,"href":"https:\/\/malaga.wordcamp.org\/2026\/wp-json\/wp\/v2\/comments?post=21"}],"version-history":[{"count":25,"href":"https:\/\/malaga.wordcamp.org\/2026\/wp-json\/wp\/v2\/pages\/21\/revisions"}],"predecessor-version":[{"id":4219,"href":"https:\/\/malaga.wordcamp.org\/2026\/wp-json\/wp\/v2\/pages\/21\/revisions\/4219"}],"wp:attachment":[{"href":"https:\/\/malaga.wordcamp.org\/2026\/wp-json\/wp\/v2\/media?parent=21"}],"curies":[{"name":"wp","href":"https:\/\/api.w.org\/{rel}","templated":true}]}}