{"id":9,"date":"2025-11-13T18:59:39","date_gmt":"2025-11-13T17:59:39","guid":{"rendered":"https:\/\/malaga.wordcamp.org\/2026\/speakers\/"},"modified":"2026-04-03T12:12:26","modified_gmt":"2026-04-03T10:12:26","slug":"ponentes","status":"publish","type":"page","link":"https:\/\/malaga.wordcamp.org\/2026\/ponentes\/","title":{"rendered":"Ponentes"},"content":{"rendered":"\n<p>En el <strong>WordPress eCommerce Summit<\/strong> reunimos a los profesionales que est\u00e1n transformando negocios digitales. Desde expertos en marketing y ventas online, hasta desarrolladores y dise\u00f1adores de tiendas digitales, cada ponente compartir\u00e1 <strong>estrategias pr\u00e1cticas, casos de \u00e9xito y aprendizajes aplicables<\/strong> que puedes usar en tus proyectos.<\/p>\n\n\n\n<div style=\"height:25px\" aria-hidden=\"true\" class=\"wp-block-spacer\"><\/div>\n\n\n\n<p>No te pierdas la oportunidad de <strong>aprender de los mejores<\/strong> y descubrir herramientas y consejos que marcar\u00e1n la diferencia en tu negocio.<\/p>\n\n\n\n<div style=\"height:25px\" aria-hidden=\"true\" class=\"wp-block-spacer\"><\/div>\n\n\n\n<blockquote class=\"wp-block-quote has-base-color has-contrast-2-background-color has-text-color has-background has-link-color wp-elements-38cfbbb996165f55b1cb11a178846464 is-layout-flow wp-block-quote-is-layout-flow\">\n<p>Descubre ideas que funcionan de verdad, insp\u00edrate con experiencias reales y conecta con personas que est\u00e1n liderando proyectos de eCommerce exitosos.<\/p>\n<\/blockquote>\n\n\n\n<div style=\"height:100px\" aria-hidden=\"true\" class=\"wp-block-spacer\"><\/div>\n\n\n\n<div class=\"wp-block-query is-layout-flow wp-block-query-is-layout-flow\"><ul class=\"wp-block-post-template is-layout-flow wp-block-post-template-is-layout-flow\"><li class=\"wp-block-post post-3847 wcb_speaker type-wcb_speaker status-publish has-post-thumbnail hentry\">\n<figure style=\"width:256px;height:256px;\" class=\"aligncenter is-style-rounded wp-block-wordcamp-avatar\"><a href=\"https:\/\/malaga.wordcamp.org\/2026\/speaker\/angel-cano\/\"><img loading=\"lazy\" decoding=\"async\" width=\"256\" height=\"256\" src=\"https:\/\/malaga.wordcamp.org\/2026\/files\/2026\/03\/17734763966483718983620632005569-300x300.jpg\" class=\"attachment-256x256 size-256x256 wp-post-image\" alt=\"\u00c1ngel Cano\" srcset=\"https:\/\/malaga.wordcamp.org\/2026\/files\/2026\/03\/17734763966483718983620632005569-300x300.jpg 300w, https:\/\/malaga.wordcamp.org\/2026\/files\/2026\/03\/17734763966483718983620632005569-150x150.jpg 150w, https:\/\/malaga.wordcamp.org\/2026\/files\/2026\/03\/17734763966483718983620632005569.jpg 526w\" sizes=\"auto, (max-width: 256px) 100vw, 256px\" \/><\/a><\/figure>\n\n<h2 class=\"has-text-align-center wp-block-post-title\"><a href=\"https:\/\/malaga.wordcamp.org\/2026\/speaker\/angel-cano\/\" target=\"_self\" >\u00c1ngel Cano<\/a><\/h2>\n\n\n<div class=\"wp-block-group has-global-padding is-layout-constrained wp-block-group-is-layout-constrained\"><a class=\"wp-block-read-more\" href=\"https:\/\/malaga.wordcamp.org\/2026\/speaker\/angel-cano\/\" target=\"_self\">Saber m\u00e1s<span class=\"screen-reader-text\">: \u00c1ngel Cano<\/span><\/a><\/div>\n\n\n\n<div style=\"height:50px\" aria-hidden=\"true\" class=\"wp-block-spacer\"><\/div>\n\n\n\n<hr class=\"wp-block-separator has-css-opacity\" \/>\n\n\n\n<div style=\"height:50px\" aria-hidden=\"true\" class=\"wp-block-spacer\"><\/div>\n\n<\/li><li class=\"wp-block-post post-3831 wcb_speaker type-wcb_speaker status-publish has-post-thumbnail hentry\">\n<figure style=\"width:256px;height:256px;\" class=\"aligncenter is-style-rounded wp-block-wordcamp-avatar\"><a href=\"https:\/\/malaga.wordcamp.org\/2026\/speaker\/cesar-vargas-casaseca\/\"><img loading=\"lazy\" decoding=\"async\" width=\"256\" height=\"256\" src=\"https:\/\/malaga.wordcamp.org\/2026\/files\/2026\/03\/cesar-300x300.jpg\" class=\"attachment-256x256 size-256x256 wp-post-image\" alt=\"C\u00e9sar Vargas Casaseca\" srcset=\"https:\/\/malaga.wordcamp.org\/2026\/files\/2026\/03\/cesar-300x300.jpg 300w, https:\/\/malaga.wordcamp.org\/2026\/files\/2026\/03\/cesar-150x150.jpg 150w, https:\/\/malaga.wordcamp.org\/2026\/files\/2026\/03\/cesar.jpg 400w\" sizes=\"auto, (max-width: 256px) 100vw, 256px\" \/><\/a><\/figure>\n\n<h2 class=\"has-text-align-center wp-block-post-title\"><a href=\"https:\/\/malaga.wordcamp.org\/2026\/speaker\/cesar-vargas-casaseca\/\" target=\"_self\" >C\u00e9sar Vargas Casaseca<\/a><\/h2>\n\n\n<div class=\"wp-block-group has-global-padding is-layout-constrained wp-block-group-is-layout-constrained\"><a class=\"wp-block-read-more\" href=\"https:\/\/malaga.wordcamp.org\/2026\/speaker\/cesar-vargas-casaseca\/\" target=\"_self\">Saber m\u00e1s<span class=\"screen-reader-text\">: C\u00e9sar Vargas Casaseca<\/span><\/a><\/div>\n\n\n\n<div style=\"height:50px\" aria-hidden=\"true\" class=\"wp-block-spacer\"><\/div>\n\n\n\n<hr class=\"wp-block-separator has-css-opacity\" \/>\n\n\n\n<div style=\"height:50px\" aria-hidden=\"true\" class=\"wp-block-spacer\"><\/div>\n\n<\/li><li class=\"wp-block-post post-3774 wcb_speaker type-wcb_speaker status-publish has-post-thumbnail hentry\">\n<figure style=\"width:256px;height:256px;\" class=\"aligncenter is-style-rounded wp-block-wordcamp-avatar\"><a href=\"https:\/\/malaga.wordcamp.org\/2026\/speaker\/fede-padilla\/\"><img loading=\"lazy\" decoding=\"async\" width=\"256\" height=\"256\" src=\"https:\/\/malaga.wordcamp.org\/2026\/files\/2026\/03\/5882069540395486644_121-300x300.jpg\" class=\"attachment-256x256 size-256x256 wp-post-image\" alt=\"Fede Padilla\" srcset=\"https:\/\/malaga.wordcamp.org\/2026\/files\/2026\/03\/5882069540395486644_121-300x300.jpg 300w, https:\/\/malaga.wordcamp.org\/2026\/files\/2026\/03\/5882069540395486644_121-1024x1024.jpg 1024w, https:\/\/malaga.wordcamp.org\/2026\/files\/2026\/03\/5882069540395486644_121-150x150.jpg 150w, https:\/\/malaga.wordcamp.org\/2026\/files\/2026\/03\/5882069540395486644_121-768x769.jpg 768w, https:\/\/malaga.wordcamp.org\/2026\/files\/2026\/03\/5882069540395486644_121.jpg 1279w\" sizes=\"auto, (max-width: 256px) 100vw, 256px\" \/><\/a><\/figure>\n\n<h2 class=\"has-text-align-center wp-block-post-title\"><a href=\"https:\/\/malaga.wordcamp.org\/2026\/speaker\/fede-padilla\/\" target=\"_self\" >Fede Padilla<\/a><\/h2>\n\n\n<div class=\"wp-block-group has-global-padding is-layout-constrained wp-block-group-is-layout-constrained\"><a class=\"wp-block-read-more\" href=\"https:\/\/malaga.wordcamp.org\/2026\/speaker\/fede-padilla\/\" target=\"_self\">Saber m\u00e1s<span class=\"screen-reader-text\">: Fede Padilla<\/span><\/a><\/div>\n\n\n\n<div style=\"height:50px\" aria-hidden=\"true\" class=\"wp-block-spacer\"><\/div>\n\n\n\n<hr class=\"wp-block-separator has-css-opacity\" \/>\n\n\n\n<div style=\"height:50px\" aria-hidden=\"true\" class=\"wp-block-spacer\"><\/div>\n\n<\/li><li class=\"wp-block-post post-3768 wcb_speaker type-wcb_speaker status-publish has-post-thumbnail hentry\">\n<figure style=\"width:256px;height:256px;\" class=\"aligncenter is-style-rounded wp-block-wordcamp-avatar\"><a href=\"https:\/\/malaga.wordcamp.org\/2026\/speaker\/fernando-tellado\/\"><img loading=\"lazy\" decoding=\"async\" width=\"256\" height=\"256\" src=\"https:\/\/malaga.wordcamp.org\/2026\/files\/2026\/03\/fernando-300x300.jpg\" class=\"attachment-256x256 size-256x256 wp-post-image\" alt=\"Fernando Tellado\" srcset=\"https:\/\/malaga.wordcamp.org\/2026\/files\/2026\/03\/fernando-300x300.jpg 300w, https:\/\/malaga.wordcamp.org\/2026\/files\/2026\/03\/fernando-150x150.jpg 150w, https:\/\/malaga.wordcamp.org\/2026\/files\/2026\/03\/fernando.jpg 400w\" sizes=\"auto, (max-width: 256px) 100vw, 256px\" \/><\/a><\/figure>\n\n<h2 class=\"has-text-align-center wp-block-post-title\"><a href=\"https:\/\/malaga.wordcamp.org\/2026\/speaker\/fernando-tellado\/\" target=\"_self\" >Fernando Tellado<\/a><\/h2>\n\n\n<div class=\"wp-block-group has-global-padding is-layout-constrained wp-block-group-is-layout-constrained\"><a class=\"wp-block-read-more\" href=\"https:\/\/malaga.wordcamp.org\/2026\/speaker\/fernando-tellado\/\" target=\"_self\">Saber m\u00e1s<span class=\"screen-reader-text\">: Fernando Tellado<\/span><\/a><\/div>\n\n\n\n<div style=\"height:50px\" aria-hidden=\"true\" class=\"wp-block-spacer\"><\/div>\n\n\n\n<hr class=\"wp-block-separator has-css-opacity\" \/>\n\n\n\n<div style=\"height:50px\" aria-hidden=\"true\" class=\"wp-block-spacer\"><\/div>\n\n<\/li><li class=\"wp-block-post post-3676 wcb_speaker type-wcb_speaker status-publish has-post-thumbnail hentry\">\n<figure style=\"width:256px;height:256px;\" class=\"aligncenter is-style-rounded wp-block-wordcamp-avatar\"><a href=\"https:\/\/malaga.wordcamp.org\/2026\/speaker\/fran-calderon\/\"><img loading=\"lazy\" decoding=\"async\" width=\"256\" height=\"256\" src=\"https:\/\/malaga.wordcamp.org\/2026\/files\/2026\/03\/20260312_091239-300x300.jpg\" class=\"attachment-256x256 size-256x256 wp-post-image\" alt=\"Fran Calder\u00f3n\" srcset=\"https:\/\/malaga.wordcamp.org\/2026\/files\/2026\/03\/20260312_091239-300x300.jpg 300w, https:\/\/malaga.wordcamp.org\/2026\/files\/2026\/03\/20260312_091239-150x150.jpg 150w, https:\/\/malaga.wordcamp.org\/2026\/files\/2026\/03\/20260312_091239.jpg 400w\" sizes=\"auto, (max-width: 256px) 100vw, 256px\" \/><\/a><\/figure>\n\n<h2 class=\"has-text-align-center wp-block-post-title\"><a href=\"https:\/\/malaga.wordcamp.org\/2026\/speaker\/fran-calderon\/\" target=\"_self\" >Fran Calder\u00f3n<\/a><\/h2>\n\n\n<div class=\"wp-block-group has-global-padding is-layout-constrained wp-block-group-is-layout-constrained\"><a class=\"wp-block-read-more\" href=\"https:\/\/malaga.wordcamp.org\/2026\/speaker\/fran-calderon\/\" target=\"_self\">Saber m\u00e1s<span class=\"screen-reader-text\">: Fran Calder\u00f3n<\/span><\/a><\/div>\n\n\n\n<div style=\"height:50px\" aria-hidden=\"true\" class=\"wp-block-spacer\"><\/div>\n\n\n\n<hr class=\"wp-block-separator has-css-opacity\" \/>\n\n\n\n<div style=\"height:50px\" aria-hidden=\"true\" class=\"wp-block-spacer\"><\/div>\n\n<\/li><li class=\"wp-block-post post-3909 wcb_speaker type-wcb_speaker status-publish has-post-thumbnail hentry\">\n<figure style=\"width:256px;height:256px;\" class=\"aligncenter is-style-rounded wp-block-wordcamp-avatar\"><a href=\"https:\/\/malaga.wordcamp.org\/2026\/speaker\/javier-bermudez\/\"><img loading=\"lazy\" decoding=\"async\" width=\"256\" height=\"256\" src=\"https:\/\/malaga.wordcamp.org\/2026\/files\/2026\/03\/javier-300x300.jpg\" class=\"attachment-256x256 size-256x256 wp-post-image\" alt=\"Javier Bermudez\" srcset=\"https:\/\/malaga.wordcamp.org\/2026\/files\/2026\/03\/javier-300x300.jpg 300w, https:\/\/malaga.wordcamp.org\/2026\/files\/2026\/03\/javier-150x150.jpg 150w, https:\/\/malaga.wordcamp.org\/2026\/files\/2026\/03\/javier.jpg 400w\" sizes=\"auto, (max-width: 256px) 100vw, 256px\" \/><\/a><\/figure>\n\n<h2 class=\"has-text-align-center wp-block-post-title\"><a href=\"https:\/\/malaga.wordcamp.org\/2026\/speaker\/javier-bermudez\/\" target=\"_self\" >Javier Bermudez<\/a><\/h2>\n\n\n<div class=\"wp-block-group has-global-padding is-layout-constrained wp-block-group-is-layout-constrained\"><a class=\"wp-block-read-more\" href=\"https:\/\/malaga.wordcamp.org\/2026\/speaker\/javier-bermudez\/\" target=\"_self\">Saber m\u00e1s<span class=\"screen-reader-text\">: Javier Bermudez<\/span><\/a><\/div>\n\n\n\n<div style=\"height:50px\" aria-hidden=\"true\" class=\"wp-block-spacer\"><\/div>\n\n\n\n<hr class=\"wp-block-separator has-css-opacity\" \/>\n\n\n\n<div style=\"height:50px\" aria-hidden=\"true\" class=\"wp-block-spacer\"><\/div>\n\n<\/li><li class=\"wp-block-post post-3810 wcb_speaker type-wcb_speaker status-publish has-post-thumbnail hentry\">\n<figure style=\"width:256px;height:256px;\" class=\"aligncenter is-style-rounded wp-block-wordcamp-avatar\"><a href=\"https:\/\/malaga.wordcamp.org\/2026\/speaker\/lidia-marban\/\"><img loading=\"lazy\" decoding=\"async\" width=\"256\" height=\"256\" src=\"https:\/\/malaga.wordcamp.org\/2026\/files\/2026\/03\/Lidia-Marban-WordCamp-300x300.webp\" class=\"attachment-256x256 size-256x256 wp-post-image\" alt=\"Lidia Marb\u00e1n\" srcset=\"https:\/\/malaga.wordcamp.org\/2026\/files\/2026\/03\/Lidia-Marban-WordCamp-300x300.webp 300w, https:\/\/malaga.wordcamp.org\/2026\/files\/2026\/03\/Lidia-Marban-WordCamp-150x150.webp 150w, https:\/\/malaga.wordcamp.org\/2026\/files\/2026\/03\/Lidia-Marban-WordCamp.webp 600w\" sizes=\"auto, (max-width: 256px) 100vw, 256px\" \/><\/a><\/figure>\n\n<h2 class=\"has-text-align-center wp-block-post-title\"><a href=\"https:\/\/malaga.wordcamp.org\/2026\/speaker\/lidia-marban\/\" target=\"_self\" >Lidia Marb\u00e1n<\/a><\/h2>\n\n\n<div class=\"wp-block-group has-global-padding is-layout-constrained wp-block-group-is-layout-constrained\"><a class=\"wp-block-read-more\" href=\"https:\/\/malaga.wordcamp.org\/2026\/speaker\/lidia-marban\/\" target=\"_self\">Saber m\u00e1s<span class=\"screen-reader-text\">: Lidia Marb\u00e1n<\/span><\/a><\/div>\n\n\n\n<div style=\"height:50px\" aria-hidden=\"true\" class=\"wp-block-spacer\"><\/div>\n\n\n\n<hr class=\"wp-block-separator has-css-opacity\" \/>\n\n\n\n<div style=\"height:50px\" aria-hidden=\"true\" class=\"wp-block-spacer\"><\/div>\n\n<\/li><li class=\"wp-block-post post-3841 wcb_speaker type-wcb_speaker status-publish has-post-thumbnail hentry\">\n<figure style=\"width:256px;height:256px;\" class=\"aligncenter is-style-rounded wp-block-wordcamp-avatar\"><a href=\"https:\/\/malaga.wordcamp.org\/2026\/speaker\/lorenzo-otero\/\"><img loading=\"lazy\" decoding=\"async\" width=\"256\" height=\"256\" src=\"https:\/\/malaga.wordcamp.org\/2026\/files\/2026\/03\/Lorenzo-Otero-300x300.webp\" class=\"attachment-256x256 size-256x256 wp-post-image\" alt=\"Lorenzo Otero\" srcset=\"https:\/\/malaga.wordcamp.org\/2026\/files\/2026\/03\/Lorenzo-Otero-300x300.webp 300w, https:\/\/malaga.wordcamp.org\/2026\/files\/2026\/03\/Lorenzo-Otero-150x150.webp 150w, https:\/\/malaga.wordcamp.org\/2026\/files\/2026\/03\/Lorenzo-Otero.webp 600w\" sizes=\"auto, (max-width: 256px) 100vw, 256px\" \/><\/a><\/figure>\n\n<h2 class=\"has-text-align-center wp-block-post-title\"><a href=\"https:\/\/malaga.wordcamp.org\/2026\/speaker\/lorenzo-otero\/\" target=\"_self\" >Lorenzo Otero<\/a><\/h2>\n\n\n<div class=\"wp-block-group has-global-padding is-layout-constrained wp-block-group-is-layout-constrained\"><a class=\"wp-block-read-more\" href=\"https:\/\/malaga.wordcamp.org\/2026\/speaker\/lorenzo-otero\/\" target=\"_self\">Saber m\u00e1s<span class=\"screen-reader-text\">: Lorenzo Otero<\/span><\/a><\/div>\n\n\n\n<div style=\"height:50px\" aria-hidden=\"true\" class=\"wp-block-spacer\"><\/div>\n\n\n\n<hr class=\"wp-block-separator has-css-opacity\" \/>\n\n\n\n<div style=\"height:50px\" aria-hidden=\"true\" class=\"wp-block-spacer\"><\/div>\n\n<\/li><li class=\"wp-block-post post-3363 wcb_speaker type-wcb_speaker status-publish has-post-thumbnail hentry\">\n<figure style=\"width:256px;height:256px;\" class=\"aligncenter is-style-rounded wp-block-wordcamp-avatar\"><a href=\"https:\/\/malaga.wordcamp.org\/2026\/speaker\/lucia-rico\/\"><img loading=\"lazy\" decoding=\"async\" width=\"256\" height=\"256\" src=\"https:\/\/malaga.wordcamp.org\/2026\/files\/2026\/03\/lucia-300x300.jpg\" class=\"attachment-256x256 size-256x256 wp-post-image\" alt=\"Luc\u00eda Rico\" srcset=\"https:\/\/malaga.wordcamp.org\/2026\/files\/2026\/03\/lucia-300x300.jpg 300w, https:\/\/malaga.wordcamp.org\/2026\/files\/2026\/03\/lucia-150x150.jpg 150w, https:\/\/malaga.wordcamp.org\/2026\/files\/2026\/03\/lucia.jpg 400w\" sizes=\"auto, (max-width: 256px) 100vw, 256px\" \/><\/a><\/figure>\n\n<h2 class=\"has-text-align-center wp-block-post-title\"><a href=\"https:\/\/malaga.wordcamp.org\/2026\/speaker\/lucia-rico\/\" target=\"_self\" >Luc\u00eda Rico<\/a><\/h2>\n\n\n<div class=\"wp-block-group has-global-padding is-layout-constrained wp-block-group-is-layout-constrained\"><a class=\"wp-block-read-more\" href=\"https:\/\/malaga.wordcamp.org\/2026\/speaker\/lucia-rico\/\" target=\"_self\">Saber m\u00e1s<span class=\"screen-reader-text\">: Luc\u00eda Rico<\/span><\/a><\/div>\n\n\n\n<div style=\"height:50px\" aria-hidden=\"true\" class=\"wp-block-spacer\"><\/div>\n\n\n\n<hr class=\"wp-block-separator has-css-opacity\" \/>\n\n\n\n<div style=\"height:50px\" aria-hidden=\"true\" class=\"wp-block-spacer\"><\/div>\n\n<\/li><li class=\"wp-block-post post-3837 wcb_speaker type-wcb_speaker status-publish hentry\">\n<figure style=\"width:256px;height:256px;\" class=\"aligncenter is-style-rounded wp-block-wordcamp-avatar\"><a href=\"https:\/\/malaga.wordcamp.org\/2026\/speaker\/marga-camps\/\"><img decoding=\"async\" src=\"https:\/\/secure.gravatar.com\/avatar\/979975fc29ac529d59ce1da234accdb496b6383c571d2dd2fe0e809dcfec2987?s=256&amp;d=mm&amp;r=g\" alt=\"Marga Camps\" \/><\/a><\/figure>\n\n<h2 class=\"has-text-align-center wp-block-post-title\"><a href=\"https:\/\/malaga.wordcamp.org\/2026\/speaker\/marga-camps\/\" target=\"_self\" >Marga Camps<\/a><\/h2>\n\n\n<div class=\"wp-block-group has-global-padding is-layout-constrained wp-block-group-is-layout-constrained\"><a class=\"wp-block-read-more\" href=\"https:\/\/malaga.wordcamp.org\/2026\/speaker\/marga-camps\/\" target=\"_self\">Saber m\u00e1s<span class=\"screen-reader-text\">: Marga Camps<\/span><\/a><\/div>\n\n\n\n<div style=\"height:50px\" aria-hidden=\"true\" class=\"wp-block-spacer\"><\/div>\n\n\n\n<hr class=\"wp-block-separator has-css-opacity\" \/>\n\n\n\n<div style=\"height:50px\" aria-hidden=\"true\" class=\"wp-block-spacer\"><\/div>\n\n<\/li><li class=\"wp-block-post post-3738 wcb_speaker type-wcb_speaker status-publish has-post-thumbnail hentry\">\n<figure style=\"width:256px;height:256px;\" class=\"aligncenter is-style-rounded wp-block-wordcamp-avatar\"><a href=\"https:\/\/malaga.wordcamp.org\/2026\/speaker\/maria-teresa-martinez\/\"><img loading=\"lazy\" decoding=\"async\" width=\"256\" height=\"256\" src=\"https:\/\/malaga.wordcamp.org\/2026\/files\/2026\/03\/mariateresa-300x300.jpg\" class=\"attachment-256x256 size-256x256 wp-post-image\" alt=\"Mar\u00eda Teresa Mart\u00ednez\" srcset=\"https:\/\/malaga.wordcamp.org\/2026\/files\/2026\/03\/mariateresa-300x300.jpg 300w, https:\/\/malaga.wordcamp.org\/2026\/files\/2026\/03\/mariateresa-150x150.jpg 150w, https:\/\/malaga.wordcamp.org\/2026\/files\/2026\/03\/mariateresa.jpg 400w\" sizes=\"auto, (max-width: 256px) 100vw, 256px\" \/><\/a><\/figure>\n\n<h2 class=\"has-text-align-center wp-block-post-title\"><a href=\"https:\/\/malaga.wordcamp.org\/2026\/speaker\/maria-teresa-martinez\/\" target=\"_self\" >Mar\u00eda Teresa Mart\u00ednez<\/a><\/h2>\n\n\n<div class=\"wp-block-group has-global-padding is-layout-constrained wp-block-group-is-layout-constrained\"><a class=\"wp-block-read-more\" href=\"https:\/\/malaga.wordcamp.org\/2026\/speaker\/maria-teresa-martinez\/\" target=\"_self\">Saber m\u00e1s<span class=\"screen-reader-text\">: Mar\u00eda Teresa Mart\u00ednez<\/span><\/a><\/div>\n\n\n\n<div style=\"height:50px\" aria-hidden=\"true\" class=\"wp-block-spacer\"><\/div>\n\n\n\n<hr class=\"wp-block-separator has-css-opacity\" \/>\n\n\n\n<div style=\"height:50px\" aria-hidden=\"true\" class=\"wp-block-spacer\"><\/div>\n\n<\/li><li class=\"wp-block-post post-4318 wcb_speaker type-wcb_speaker status-publish has-post-thumbnail hentry\">\n<figure style=\"width:256px;height:256px;\" class=\"aligncenter is-style-rounded wp-block-wordcamp-avatar\"><a href=\"https:\/\/malaga.wordcamp.org\/2026\/speaker\/marta-torre\/\"><img loading=\"lazy\" decoding=\"async\" width=\"256\" height=\"256\" src=\"https:\/\/malaga.wordcamp.org\/2026\/files\/2026\/03\/100516-300x300.webp\" class=\"attachment-256x256 size-256x256 wp-post-image\" alt=\"Marta Torre\" srcset=\"https:\/\/malaga.wordcamp.org\/2026\/files\/2026\/03\/100516-300x300.webp 300w, https:\/\/malaga.wordcamp.org\/2026\/files\/2026\/03\/100516-150x150.webp 150w, https:\/\/malaga.wordcamp.org\/2026\/files\/2026\/03\/100516.webp 600w\" sizes=\"auto, (max-width: 256px) 100vw, 256px\" \/><\/a><\/figure>\n\n<h2 class=\"has-text-align-center wp-block-post-title\"><a href=\"https:\/\/malaga.wordcamp.org\/2026\/speaker\/marta-torre\/\" target=\"_self\" >Marta Torre<\/a><\/h2>\n\n\n<div class=\"wp-block-group has-global-padding is-layout-constrained wp-block-group-is-layout-constrained\"><a class=\"wp-block-read-more\" href=\"https:\/\/malaga.wordcamp.org\/2026\/speaker\/marta-torre\/\" target=\"_self\">Saber m\u00e1s<span class=\"screen-reader-text\">: Marta Torre<\/span><\/a><\/div>\n\n\n\n<div style=\"height:50px\" aria-hidden=\"true\" class=\"wp-block-spacer\"><\/div>\n\n\n\n<hr class=\"wp-block-separator has-css-opacity\" \/>\n\n\n\n<div style=\"height:50px\" aria-hidden=\"true\" class=\"wp-block-spacer\"><\/div>\n\n<\/li><li class=\"wp-block-post post-3807 wcb_speaker type-wcb_speaker status-publish has-post-thumbnail hentry\">\n<figure style=\"width:256px;height:256px;\" class=\"aligncenter is-style-rounded wp-block-wordcamp-avatar\"><a href=\"https:\/\/malaga.wordcamp.org\/2026\/speaker\/rosa-morel\/\"><img loading=\"lazy\" decoding=\"async\" width=\"256\" height=\"256\" src=\"https:\/\/malaga.wordcamp.org\/2026\/files\/2026\/03\/rosa-300x300.jpg\" class=\"attachment-256x256 size-256x256 wp-post-image\" alt=\"Rosa Morel\" srcset=\"https:\/\/malaga.wordcamp.org\/2026\/files\/2026\/03\/rosa-300x300.jpg 300w, https:\/\/malaga.wordcamp.org\/2026\/files\/2026\/03\/rosa-150x150.jpg 150w, https:\/\/malaga.wordcamp.org\/2026\/files\/2026\/03\/rosa.jpg 400w\" sizes=\"auto, (max-width: 256px) 100vw, 256px\" \/><\/a><\/figure>\n\n<h2 class=\"has-text-align-center wp-block-post-title\"><a href=\"https:\/\/malaga.wordcamp.org\/2026\/speaker\/rosa-morel\/\" target=\"_self\" >Rosa Morel<\/a><\/h2>\n\n\n<div class=\"wp-block-group has-global-padding is-layout-constrained wp-block-group-is-layout-constrained\"><a class=\"wp-block-read-more\" href=\"https:\/\/malaga.wordcamp.org\/2026\/speaker\/rosa-morel\/\" target=\"_self\">Saber m\u00e1s<span class=\"screen-reader-text\">: Rosa Morel<\/span><\/a><\/div>\n\n\n\n<div style=\"height:50px\" aria-hidden=\"true\" class=\"wp-block-spacer\"><\/div>\n\n\n\n<hr class=\"wp-block-separator has-css-opacity\" \/>\n\n\n\n<div style=\"height:50px\" aria-hidden=\"true\" class=\"wp-block-spacer\"><\/div>\n\n<\/li><li class=\"wp-block-post post-3844 wcb_speaker type-wcb_speaker status-publish has-post-thumbnail hentry\">\n<figure style=\"width:256px;height:256px;\" class=\"aligncenter is-style-rounded wp-block-wordcamp-avatar\"><a href=\"https:\/\/malaga.wordcamp.org\/2026\/speaker\/santiago-ponce\/\"><img loading=\"lazy\" decoding=\"async\" width=\"256\" height=\"256\" src=\"https:\/\/malaga.wordcamp.org\/2026\/files\/2026\/03\/santiago-300x300.jpg\" class=\"attachment-256x256 size-256x256 wp-post-image\" alt=\"Santiago Ponce\" srcset=\"https:\/\/malaga.wordcamp.org\/2026\/files\/2026\/03\/santiago-300x300.jpg 300w, https:\/\/malaga.wordcamp.org\/2026\/files\/2026\/03\/santiago-150x150.jpg 150w, https:\/\/malaga.wordcamp.org\/2026\/files\/2026\/03\/santiago.jpg 400w\" sizes=\"auto, (max-width: 256px) 100vw, 256px\" \/><\/a><\/figure>\n\n<h2 class=\"has-text-align-center wp-block-post-title\"><a href=\"https:\/\/malaga.wordcamp.org\/2026\/speaker\/santiago-ponce\/\" target=\"_self\" >Santiago Ponce<\/a><\/h2>\n\n\n<div class=\"wp-block-group has-global-padding is-layout-constrained wp-block-group-is-layout-constrained\"><a class=\"wp-block-read-more\" href=\"https:\/\/malaga.wordcamp.org\/2026\/speaker\/santiago-ponce\/\" target=\"_self\">Saber m\u00e1s<span class=\"screen-reader-text\">: Santiago Ponce<\/span><\/a><\/div>\n\n\n\n<div style=\"height:50px\" aria-hidden=\"true\" class=\"wp-block-spacer\"><\/div>\n\n\n\n<hr class=\"wp-block-separator has-css-opacity\" \/>\n\n\n\n<div style=\"height:50px\" aria-hidden=\"true\" class=\"wp-block-spacer\"><\/div>\n\n<\/li><li class=\"wp-block-post post-3735 wcb_speaker type-wcb_speaker status-publish has-post-thumbnail hentry\">\n<figure style=\"width:256px;height:256px;\" class=\"aligncenter is-style-rounded wp-block-wordcamp-avatar\"><a href=\"https:\/\/malaga.wordcamp.org\/2026\/speaker\/yannick-garcia\/\"><img loading=\"lazy\" decoding=\"async\" width=\"256\" height=\"256\" src=\"https:\/\/malaga.wordcamp.org\/2026\/files\/2026\/03\/yannick-300x300.jpg\" class=\"attachment-256x256 size-256x256 wp-post-image\" alt=\"Yannick Garc\u00eda\" srcset=\"https:\/\/malaga.wordcamp.org\/2026\/files\/2026\/03\/yannick-300x300.jpg 300w, https:\/\/malaga.wordcamp.org\/2026\/files\/2026\/03\/yannick-150x150.jpg 150w, https:\/\/malaga.wordcamp.org\/2026\/files\/2026\/03\/yannick.jpg 400w\" sizes=\"auto, (max-width: 256px) 100vw, 256px\" \/><\/a><\/figure>\n\n<h2 class=\"has-text-align-center wp-block-post-title\"><a href=\"https:\/\/malaga.wordcamp.org\/2026\/speaker\/yannick-garcia\/\" target=\"_self\" >Yannick Garc\u00eda<\/a><\/h2>\n\n\n<div class=\"wp-block-group has-global-padding is-layout-constrained wp-block-group-is-layout-constrained\"><a class=\"wp-block-read-more\" href=\"https:\/\/malaga.wordcamp.org\/2026\/speaker\/yannick-garcia\/\" target=\"_self\">Saber m\u00e1s<span class=\"screen-reader-text\">: Yannick Garc\u00eda<\/span><\/a><\/div>\n\n\n\n<div style=\"height:50px\" aria-hidden=\"true\" class=\"wp-block-spacer\"><\/div>\n\n\n\n<hr class=\"wp-block-separator has-css-opacity\" \/>\n\n\n\n<div style=\"height:50px\" aria-hidden=\"true\" class=\"wp-block-spacer\"><\/div>\n\n<\/li><\/ul><\/div>\n\n\n\n<div style=\"height:80px\" aria-hidden=\"true\" class=\"wp-block-spacer\"><\/div>\n","protected":false},"excerpt":{"rendered":"<p>En el WordPress eCommerce Summit reunimos a los profesionales que est\u00e1n transformando negocios digitales. Desde expertos en marketing y ventas online, hasta desarrolladores y dise\u00f1adores de tiendas digitales, cada ponente compartir\u00e1 estrategias pr\u00e1cticas, casos de \u00e9xito y aprendizajes aplicables que puedes usar en tus proyectos. No te pierdas la oportunidad de aprender de los mejores [&hellip;]<\/p>\n","protected":false},"author":10175439,"featured_media":0,"parent":0,"menu_order":0,"comment_status":"closed","ping_status":"closed","template":"","meta":{"jetpack_post_was_ever_published":true,"footnotes":""},"class_list":["post-9","page","type-page","status-publish","hentry"],"jetpack_sharing_enabled":true,"_links":{"self":[{"href":"https:\/\/malaga.wordcamp.org\/2026\/wp-json\/wp\/v2\/pages\/9","targetHints":{"allow":["GET"]}}],"collection":[{"href":"https:\/\/malaga.wordcamp.org\/2026\/wp-json\/wp\/v2\/pages"}],"about":[{"href":"https:\/\/malaga.wordcamp.org\/2026\/wp-json\/wp\/v2\/types\/page"}],"author":[{"embeddable":true,"href":"https:\/\/malaga.wordcamp.org\/2026\/wp-json\/wp\/v2\/users\/10175439"}],"replies":[{"embeddable":true,"href":"https:\/\/malaga.wordcamp.org\/2026\/wp-json\/wp\/v2\/comments?post=9"}],"version-history":[{"count":23,"href":"https:\/\/malaga.wordcamp.org\/2026\/wp-json\/wp\/v2\/pages\/9\/revisions"}],"predecessor-version":[{"id":4965,"href":"https:\/\/malaga.wordcamp.org\/2026\/wp-json\/wp\/v2\/pages\/9\/revisions\/4965"}],"wp:attachment":[{"href":"https:\/\/malaga.wordcamp.org\/2026\/wp-json\/wp\/v2\/media?parent=9"}],"curies":[{"name":"wp","href":"https:\/\/api.w.org\/{rel}","templated":true}]}}